{"id":7325,"date":"2026-04-17T22:53:01","date_gmt":"2026-04-17T20:53:01","guid":{"rendered":"https:\/\/www.sykorait.com\/cybersicherheit-compliance\/"},"modified":"2026-05-01T19:13:06","modified_gmt":"2026-05-01T17:13:06","slug":"cybersicherheit-compliance","status":"publish","type":"page","link":"https:\/\/www.sykorait.com\/de\/cybersicherheit-compliance\/","title":{"rendered":"Cybersicherheit &amp; Compliance"},"content":{"rendered":"\t\t<div data-elementor-type=\"wp-page\" data-elementor-id=\"7325\" class=\"elementor elementor-7325 elementor-6846\" data-elementor-post-type=\"page\">\n\t\t\t\t<div class=\"elementor-element elementor-element-3f6362b e-flex e-con-boxed e-con e-parent\" data-id=\"3f6362b\" data-element_type=\"container\" data-e-type=\"container\" data-settings=\"{&quot;background_background&quot;:&quot;classic&quot;}\">\n\t\t\t\t\t<div class=\"e-con-inner\">\n\t\t<div class=\"elementor-element elementor-element-10cd1ae e-flex e-con-boxed e-con e-child\" data-id=\"10cd1ae\" data-element_type=\"container\" data-e-type=\"container\">\n\t\t\t\t\t<div class=\"e-con-inner\">\n\t\t\t\t<div class=\"elementor-element elementor-element-da75d7f elementor-widget elementor-widget-heading\" data-id=\"da75d7f\" data-element_type=\"widget\" data-e-type=\"widget\" data-widget_type=\"heading.default\">\n\t\t\t\t<div class=\"elementor-widget-container\">\n\t\t\t\t\t<h1 class=\"elementor-heading-title elementor-size-default\">Cybersicherheit &amp; Compliance<\/h1>\t\t\t\t<\/div>\n\t\t\t\t<\/div>\n\t\t\t\t<div class=\"elementor-element elementor-element-47cb50f elementor-widget elementor-widget-heading\" data-id=\"47cb50f\" data-element_type=\"widget\" data-e-type=\"widget\" data-widget_type=\"heading.default\">\n\t\t\t\t<div class=\"elementor-widget-container\">\n\t\t\t\t\t<h2 class=\"elementor-heading-title elementor-size-default\">Sichern Sie Ihr Unternehmen. Bleiben Sie gesetzeskonform.  <\/h2>\t\t\t\t<\/div>\n\t\t\t\t<\/div>\n\t\t\t\t\t<\/div>\n\t\t\t\t<\/div>\n\t\t\t\t\t<\/div>\n\t\t\t\t<\/div>\n\t\t<div class=\"elementor-element elementor-element-6bfe675 e-flex e-con-boxed e-con e-parent\" data-id=\"6bfe675\" data-element_type=\"container\" data-e-type=\"container\" data-settings=\"{&quot;background_background&quot;:&quot;classic&quot;}\">\n\t\t\t\t\t<div class=\"e-con-inner\">\n\t\t<div class=\"elementor-element elementor-element-267ef45 e-con-full e-flex e-con e-child\" data-id=\"267ef45\" data-element_type=\"container\" data-e-type=\"container\">\n\t\t\t\t<div class=\"elementor-element elementor-element-9c4c000 elementor-widget elementor-widget-text-editor\" data-id=\"9c4c000\" data-element_type=\"widget\" data-e-type=\"widget\" data-widget_type=\"text-editor.default\">\n\t\t\t\t<div class=\"elementor-widget-container\">\n\t\t\t\t\t\t\t\t\t<h2 data-start=\"188\" data-end=\"431\">Cybersicherheit &amp; Compliance mit Sykora IT &amp; Cybreg<\/h2><p data-start=\"188\" data-end=\"431\">Die digitale Transformation bringt Geschwindigkeit und Innovation, aber auch zunehmenden regulatorischen Druck und Risiken f\u00fcr die Cybersicherheit. Wir bei Sykora IT helfen Unternehmen, diese Komplexit\u00e4t durch fachkundige Beratung, Automatisierung und moderne Compliance-Tools zu bew\u00e4ltigen. <\/p><p data-start=\"188\" data-end=\"431\">Gemeinsam mit unserem Partner <a href=\"https:\/\/www.cybreg.cz\" target=\"_blank\" rel=\"noopener\">cybreg<\/a> bieten wir einen praktischen und skalierbaren Ansatz f\u00fcr Risikomanagement, Cybersicherheits-Governance und die Einhaltung von Vorschriften.<\/p><p><img fetchpriority=\"high\" decoding=\"async\" class=\"wp-image-6406 size-medium aligncenter\" src=\"https:\/\/www.sykorait.com\/wp-content\/uploads\/2026\/03\/5f18fb14-87da-415a-a7c3-72d8329e0c62-1-300x249.png\" alt=\"Risikobewertung\" width=\"300\" height=\"249\" srcset=\"https:\/\/www.sykorait.com\/wp-content\/uploads\/2026\/03\/5f18fb14-87da-415a-a7c3-72d8329e0c62-1-300x249.png 300w, https:\/\/www.sykorait.com\/wp-content\/uploads\/2026\/03\/5f18fb14-87da-415a-a7c3-72d8329e0c62-1.png 570w\" sizes=\"(max-width: 300px) 100vw, 300px\" \/><\/p><h2 data-section-id=\"1224e1i\" data-start=\"591\" data-end=\"608\">Warum es wichtig ist<\/h2><p data-start=\"610\" data-end=\"855\">Unternehmen sehen sich mit wachsenden Anforderungen aus Rahmenwerken wie <a href=\"https:\/\/www.cybreg.cz\/nis2\/\" target=\"_blank\" rel=\"noopener\">NIS2<\/a>, <a href=\"https:\/\/www.cybreg.cz\/dora\/\" target=\"_blank\" rel=\"noopener\">DORA<\/a>, ISO 27001, dem Cyber Resilience Act (CRA) und dem AI Act konfrontiert. Gleichzeitig entwickeln sich die Cyber-Bedrohungen weiter, so dass eine manuelle, auf Tabellenkalkulationen basierende Einhaltung der Vorschriften nicht mehr m\u00f6glich ist. <\/p><p data-start=\"857\" data-end=\"966\">Die Einhaltung der Vorschriften muss heute kontinuierlich erfolgen, in die t\u00e4glichen Abl\u00e4ufe integriert sein und durch die richtige Technologie unterst\u00fctzt werden.<\/p><h2 data-section-id=\"op2ep4\" data-start=\"1408\" data-end=\"1428\">Powered by cybreg<\/h2><p data-start=\"1430\" data-end=\"1509\">Wir arbeiten mit <a href=\"https:\/\/www.cybreg.cz\/\" target=\"_blank\" rel=\"noopener\">cybreg<\/a> und deren Plattform f\u00fcr Governance, Risiko und Compliance zusammen.<\/p><p data-start=\"1430\" data-end=\"1509\"><img decoding=\"async\" class=\"size-medium wp-image-6885 aligncenter\" src=\"https:\/\/www.sykorait.com\/wp-content\/uploads\/2026\/04\/cybreg_symbol_rgb-268x300.jpg\" alt=\"cybreg\" width=\"268\" height=\"300\" srcset=\"https:\/\/www.sykorait.com\/wp-content\/uploads\/2026\/04\/cybreg_symbol_rgb-268x300.jpg 268w, https:\/\/www.sykorait.com\/wp-content\/uploads\/2026\/04\/cybreg_symbol_rgb-915x1024.jpg 915w, https:\/\/www.sykorait.com\/wp-content\/uploads\/2026\/04\/cybreg_symbol_rgb-768x859.jpg 768w, https:\/\/www.sykorait.com\/wp-content\/uploads\/2026\/04\/cybreg_symbol_rgb-1373x1536.jpg 1373w, https:\/\/www.sykorait.com\/wp-content\/uploads\/2026\/04\/cybreg_symbol_rgb.jpg 1459w\" sizes=\"(max-width: 268px) 100vw, 268px\" \/><\/p><p data-start=\"1511\" data-end=\"1762\">Cybreg bietet eine zentralisierte L\u00f6sung f\u00fcr die Verwaltung von Risiken, Kontrollen und regulatorischen Anforderungen. Es unterst\u00fctzt Frameworks wie NIS2, DORA, ISO-Standards und CRA und gew\u00e4hrleistet gleichzeitig eine revisionssichere Dokumentation und vollst\u00e4ndige Transparenz im gesamten Unternehmen. <\/p><p data-start=\"1764\" data-end=\"1866\">Anstelle fragmentierter Tools erhalten Sie ein einziges, strukturiertes System zur effizienten Verwaltung der Compliance.<\/p><h2 data-section-id=\"3a6mhv\" data-start=\"1903\" data-end=\"1919\">Warum Sykora IT<\/h2><p data-start=\"1921\" data-end=\"2188\">Sykora IT kombiniert Fachwissen in der KI-gesteuerten Automatisierung mit umfassender Erfahrung im IT-Service-Management und im regulatorischen Umfeld. Wir helfen Unternehmen nicht nur dabei, Compliance-Anforderungen zu erf\u00fcllen, sondern diese auch auf nachhaltige und skalierbare Weise in die t\u00e4glichen Arbeitsabl\u00e4ufe zu integrieren. <\/p><h2 data-section-id=\"1pwv29d\" data-start=\"2195\" data-end=\"2210\">Kontakt aufnehmen<\/h2><p data-start=\"2212\" data-end=\"2311\">Wenn Sie die Einhaltung von Vorschriften vereinfachen und Ihre Cybersicherheit st\u00e4rken m\u00f6chten, sind wir bereit, Ihnen zu helfen.<\/p><p data-start=\"2313\" data-end=\"2395\" data-is-last-node=\"\" data-is-only-node=\"\"> <\/p>\t\t\t\t\t\t\t\t<\/div>\n\t\t\t\t<\/div>\n\t\t\t\t<\/div>\n\t\t<div class=\"elementor-element elementor-element-48b139a e-con-full animated-fast e-flex e-con e-child\" data-id=\"48b139a\" data-element_type=\"container\" data-e-type=\"container\" data-settings=\"{&quot;animation&quot;:&quot;none&quot;,&quot;animation_delay&quot;:500}\">\n\t\t\t\t<div class=\"elementor-element elementor-element-3fec499 elementor-widget elementor-widget-text-editor\" data-id=\"3fec499\" data-element_type=\"widget\" data-e-type=\"widget\" data-widget_type=\"text-editor.default\">\n\t\t\t\t<div class=\"elementor-widget-container\">\n\t\t\t\t\t\t\t\t\t<p>\ud83d\udc49 <strong>Kontaktieren Sie<\/strong> <strong>uns noch heute<\/strong>, um herauszufinden, wie wir Sie auf Ihrer Reise mit <strong>cybreg<\/strong> unterst\u00fctzen k\u00f6nnen.<\/p>\t\t\t\t\t\t\t\t<\/div>\n\t\t\t\t<\/div>\n\t\t\t\t<div class=\"elementor-element elementor-element-f106e20 elementor-button-align-center elementor-widget elementor-widget-form\" data-id=\"f106e20\" data-element_type=\"widget\" data-e-type=\"widget\" data-settings=\"{&quot;step_next_label&quot;:&quot;Weiter&quot;,&quot;step_previous_label&quot;:&quot;Zur\\u00fcck&quot;,&quot;step_type&quot;:&quot;number_text&quot;,&quot;step_icon_shape&quot;:&quot;circle&quot;}\" data-widget_type=\"form.default\">\n\t\t\t\t<div class=\"elementor-widget-container\">\n\t\t\t\t\t\t\t<form class=\"elementor-form\" method=\"post\" name=\"Neues Formular\" aria-label=\"Neues Formular\">\n\t\t\t<input type=\"hidden\" name=\"post_id\" value=\"7325\"\/>\n\t\t\t<input type=\"hidden\" name=\"form_id\" value=\"f106e20\"\/>\n\t\t\t<input type=\"hidden\" name=\"referer_title\" value=\"Cybersicherheit &amp; Compliance - IT S\u00fdkora\" \/>\n\n\t\t\t\t\t\t\t<input type=\"hidden\" name=\"queried_id\" value=\"7325\"\/>\n\t\t\t\n\t\t\t<div class=\"elementor-form-fields-wrapper elementor-labels-above\">\n\t\t\t\t\t\t\t\t<div class=\"elementor-field-type-text elementor-field-group elementor-column elementor-field-group-name elementor-col-100 elementor-field-required\">\n\t\t\t\t\t\t\t\t\t\t\t\t<label for=\"form-field-name\" class=\"elementor-field-label\">\n\t\t\t\t\t\t\t\tName\t\t\t\t\t\t\t<\/label>\n\t\t\t\t\t\t\t\t\t\t\t\t\t\t<input size=\"1\" type=\"text\" name=\"form_fields[name]\" id=\"form-field-name\" class=\"elementor-field elementor-size-sm  elementor-field-textual\" placeholder=\"Name\" required=\"required\">\n\t\t\t\t\t\t\t\t\t\t\t<\/div>\n\t\t\t\t\t\t\t\t<div class=\"elementor-field-type-email elementor-field-group elementor-column elementor-field-group-email elementor-col-100 elementor-field-required\">\n\t\t\t\t\t\t\t\t\t\t\t\t<label for=\"form-field-email\" class=\"elementor-field-label\">\n\t\t\t\t\t\t\t\tE-Mail\t\t\t\t\t\t\t<\/label>\n\t\t\t\t\t\t\t\t\t\t\t\t\t\t<input size=\"1\" type=\"email\" name=\"form_fields[email]\" id=\"form-field-email\" class=\"elementor-field elementor-size-sm  elementor-field-textual\" placeholder=\"E-Mail\" required=\"required\">\n\t\t\t\t\t\t\t\t\t\t\t<\/div>\n\t\t\t\t\t\t\t\t<div class=\"elementor-field-type-text elementor-field-group elementor-column elementor-field-group-message elementor-col-100 elementor-field-required\">\n\t\t\t\t\t\t\t\t\t\t\t\t<label for=\"form-field-message\" class=\"elementor-field-label\">\n\t\t\t\t\t\t\t\tUnternehmen\t\t\t\t\t\t\t<\/label>\n\t\t\t\t\t\t\t\t\t\t\t\t\t\t<input size=\"1\" type=\"text\" name=\"form_fields[message]\" id=\"form-field-message\" class=\"elementor-field elementor-size-sm  elementor-field-textual\" placeholder=\"Unternehmen\" required=\"required\">\n\t\t\t\t\t\t\t\t\t\t\t<\/div>\n\t\t\t\t\t\t\t\t<div class=\"elementor-field-type-textarea elementor-field-group elementor-column elementor-field-group-webinarSelect elementor-col-100 elementor-field-required\">\n\t\t\t\t\t\t\t\t\t\t\t\t<label for=\"form-field-webinarSelect\" class=\"elementor-field-label\">\n\t\t\t\t\t\t\t\tIhre Nachricht\t\t\t\t\t\t\t<\/label>\n\t\t\t\t\t\t<textarea class=\"elementor-field-textual elementor-field  elementor-size-sm\" name=\"form_fields[webinarSelect]\" id=\"form-field-webinarSelect\" rows=\"6\" placeholder=\"Beschreiben Sie Ihren Anwendungsfall oder stellen Sie uns Ihre Fragen zu KI-Agenten\" required=\"required\"><\/textarea>\t\t\t\t<\/div>\n\t\t\t\t\t\t\t\t<div class=\"elementor-field-type-acceptance elementor-field-group elementor-column elementor-field-group-field_3dd2d31 elementor-col-100 elementor-field-required\">\n\t\t\t\t\t\t\t<div class=\"elementor-field-subgroup\">\n\t\t\t<span class=\"elementor-field-option\">\n\t\t\t\t<input type=\"checkbox\" name=\"form_fields[field_3dd2d31]\" id=\"form-field-field_3dd2d31\" class=\"elementor-field elementor-size-sm  elementor-acceptance-field\" required=\"required\">\n\t\t\t\t<label for=\"form-field-field_3dd2d31\">Ich stimme der Verarbeitung meiner personenbezogenen Daten gem\u00e4\u00df der <a href=\"https:\/\/www.sykorait.com\/de\/datenschutzbestimmungen\/\" target=\"_blank\">Datenschutzerkl\u00e4rung<\/a> zu.<\/label>\t\t\t<\/span>\n\t\t<\/div>\n\t\t\t\t\t\t<\/div>\n\t\t\t\t\t\t\t\t<div class=\"elementor-field-type-recaptcha_v3 elementor-field-group elementor-column elementor-field-group-field_e4569e8 elementor-col-100 recaptcha_v3-bottomright\">\n\t\t\t\t\t<div class=\"elementor-field\" id=\"form-field-field_e4569e8\"><div class=\"elementor-g-recaptcha\" data-sitekey=\"6LdkyJArAAAAAMf587RHOhcid8uIz09EsgvLcs-1\" data-type=\"v3\" data-action=\"Form\" data-badge=\"bottomright\" data-size=\"invisible\"><\/div><\/div>\t\t\t\t<\/div>\n\t\t\t\t\t\t\t\t<div class=\"elementor-field-group elementor-column elementor-field-type-submit elementor-col-100 e-form__buttons\">\n\t\t\t\t\t<button class=\"elementor-button elementor-size-sm\" type=\"submit\">\n\t\t\t\t\t\t<span class=\"elementor-button-content-wrapper\">\n\t\t\t\t\t\t\t\t\t\t\t\t\t\t\t\t\t\t\t\t\t\t<span class=\"elementor-button-text\">Absenden<\/span>\n\t\t\t\t\t\t\t\t\t\t\t\t\t<\/span>\n\t\t\t\t\t<\/button>\n\t\t\t\t<\/div>\n\t\t\t<\/div>\n\t\t<\/form>\n\t\t\t\t\t\t<\/div>\n\t\t\t\t<\/div>\n\t\t\t\t<\/div>\n\t\t\t\t\t<\/div>\n\t\t\t\t<\/div>\n\t\t<div class=\"elementor-element elementor-element-91d1961 e-flex e-con-boxed e-con e-parent\" data-id=\"91d1961\" data-element_type=\"container\" data-e-type=\"container\" data-settings=\"{&quot;background_background&quot;:&quot;classic&quot;}\">\n\t\t\t\t\t<div class=\"e-con-inner\">\n\t\t<div class=\"elementor-element elementor-element-6ed3e0c e-grid e-con-full e-con e-child\" data-id=\"6ed3e0c\" data-element_type=\"container\" data-e-type=\"container\">\n\t\t<div class=\"elementor-element elementor-element-017edc4 e-con-full e-flex e-con e-child\" data-id=\"017edc4\" data-element_type=\"container\" data-e-type=\"container\">\n\t\t\t\t<div class=\"elementor-element elementor-element-5cfba46 elementor-widget elementor-widget-heading\" data-id=\"5cfba46\" data-element_type=\"widget\" data-e-type=\"widget\" data-widget_type=\"heading.default\">\n\t\t\t\t<div class=\"elementor-widget-container\">\n\t\t\t\t\t<h2 class=\"elementor-heading-title elementor-size-default\">Mehr lesen<\/h2>\t\t\t\t<\/div>\n\t\t\t\t<\/div>\n\t\t\t\t<\/div>\n\t\t\t\t<\/div>\n\t\t<div class=\"elementor-element elementor-element-d12626a e-grid e-con-full e-con e-child\" data-id=\"d12626a\" data-element_type=\"container\" data-e-type=\"container\">\n\t\t<div class=\"elementor-element elementor-element-5b9ab9d e-con-full e-flex e-con e-child\" data-id=\"5b9ab9d\" data-element_type=\"container\" data-e-type=\"container\">\n\t\t\t\t<\/div>\n\t\t\t\t<\/div>\n\t\t\t\t\t<\/div>\n\t\t\t\t<\/div>\n\t\t\t\t<\/div>\n\t\t","protected":false},"excerpt":{"rendered":"<p>Sichern Sie Ihr Unternehmen. Bleiben Sie gesetzeskonform. Cybersicherheit &amp; Compliance mit Sykora IT &amp; Cybreg Die digitale Transformation bringt Geschwindigkeit und Innovation, aber auch zunehmenden regulatorischen Druck und Risiken f\u00fcr die Cybersicherheit. Wir bei Sykora IT helfen Unternehmen, diese Komplexit\u00e4t durch fachkundige Beratung, Automatisierung und moderne Compliance-Tools zu bew\u00e4ltigen. Gemeinsam mit unserem Partner cybreg bieten [&hellip;]<\/p>\n","protected":false},"author":3,"featured_media":0,"parent":0,"menu_order":0,"comment_status":"closed","ping_status":"closed","template":"","meta":{"footnotes":""},"class_list":["post-7325","page","type-page","status-publish","hentry"],"_links":{"self":[{"href":"https:\/\/www.sykorait.com\/de\/wp-json\/wp\/v2\/pages\/7325","targetHints":{"allow":["GET"]}}],"collection":[{"href":"https:\/\/www.sykorait.com\/de\/wp-json\/wp\/v2\/pages"}],"about":[{"href":"https:\/\/www.sykorait.com\/de\/wp-json\/wp\/v2\/types\/page"}],"author":[{"embeddable":true,"href":"https:\/\/www.sykorait.com\/de\/wp-json\/wp\/v2\/users\/3"}],"replies":[{"embeddable":true,"href":"https:\/\/www.sykorait.com\/de\/wp-json\/wp\/v2\/comments?post=7325"}],"version-history":[{"count":3,"href":"https:\/\/www.sykorait.com\/de\/wp-json\/wp\/v2\/pages\/7325\/revisions"}],"predecessor-version":[{"id":7330,"href":"https:\/\/www.sykorait.com\/de\/wp-json\/wp\/v2\/pages\/7325\/revisions\/7330"}],"wp:attachment":[{"href":"https:\/\/www.sykorait.com\/de\/wp-json\/wp\/v2\/media?parent=7325"}],"curies":[{"name":"wp","href":"https:\/\/api.w.org\/{rel}","templated":true}]}}