{"id":3900,"date":"2025-06-27T19:55:43","date_gmt":"2025-06-27T17:55:43","guid":{"rendered":"https:\/\/www.sykorait.com\/ai-saas-anbieter\/"},"modified":"2025-10-03T13:29:58","modified_gmt":"2025-10-03T11:29:58","slug":"ai-saas-anbieter","status":"publish","type":"page","link":"https:\/\/www.sykorait.com\/de\/ai-saas-anbieter\/","title":{"rendered":"AI SaaS-Anbieter"},"content":{"rendered":"\t\t<div data-elementor-type=\"wp-page\" data-elementor-id=\"3900\" class=\"elementor elementor-3900 elementor-2797\" data-elementor-post-type=\"page\">\n\t\t\t\t<div class=\"elementor-element elementor-element-1cda4d0a e-flex e-con-boxed e-con e-parent\" data-id=\"1cda4d0a\" data-element_type=\"container\" data-e-type=\"container\" data-settings=\"{&quot;background_background&quot;:&quot;classic&quot;}\">\n\t\t\t\t\t<div class=\"e-con-inner\">\n\t\t<div class=\"elementor-element elementor-element-33179b7f e-flex e-con-boxed e-con e-child\" data-id=\"33179b7f\" data-element_type=\"container\" data-e-type=\"container\">\n\t\t\t\t\t<div class=\"e-con-inner\">\n\t\t\t\t<div class=\"elementor-element elementor-element-13a0a024 elementor-widget elementor-widget-heading\" data-id=\"13a0a024\" data-element_type=\"widget\" data-e-type=\"widget\" data-widget_type=\"heading.default\">\n\t\t\t\t<div class=\"elementor-widget-container\">\n\t\t\t\t\t<h1 class=\"elementor-heading-title elementor-size-default\">AI SaaS-Anbieter<\/h1>\t\t\t\t<\/div>\n\t\t\t\t<\/div>\n\t\t\t\t<div class=\"elementor-element elementor-element-362c1497 elementor-widget elementor-widget-heading\" data-id=\"362c1497\" data-element_type=\"widget\" data-e-type=\"widget\" data-widget_type=\"heading.default\">\n\t\t\t\t<div class=\"elementor-widget-container\">\n\t\t\t\t\t<h2 class=\"elementor-heading-title elementor-size-default\">Von Prozessen zur Intelligenz: Automatisieren mit KI<\/h2>\t\t\t\t<\/div>\n\t\t\t\t<\/div>\n\t\t\t\t\t<\/div>\n\t\t\t\t<\/div>\n\t\t\t\t\t<\/div>\n\t\t\t\t<\/div>\n\t\t<div class=\"elementor-element elementor-element-695025be e-flex e-con-boxed e-con e-parent\" data-id=\"695025be\" data-element_type=\"container\" data-e-type=\"container\" data-settings=\"{&quot;background_background&quot;:&quot;classic&quot;}\">\n\t\t\t\t\t<div class=\"e-con-inner\">\n\t\t<div class=\"elementor-element elementor-element-5a4b1f25 e-con-full e-flex e-con e-child\" data-id=\"5a4b1f25\" data-element_type=\"container\" data-e-type=\"container\">\n\t\t<div class=\"elementor-element elementor-element-5aa0e688 e-con-full animated-fast e-flex e-con e-child\" data-id=\"5aa0e688\" data-element_type=\"container\" data-e-type=\"container\" data-settings=\"{&quot;animation&quot;:&quot;none&quot;,&quot;animation_delay&quot;:750}\">\n\t\t\t\t<div class=\"elementor-element elementor-element-3484a1c0 elementor-widget__width-initial elementor-widget elementor-widget-heading\" data-id=\"3484a1c0\" data-element_type=\"widget\" data-e-type=\"widget\" data-widget_type=\"heading.default\">\n\t\t\t\t<div class=\"elementor-widget-container\">\n\t\t\t\t\t<h2 class=\"elementor-heading-title elementor-size-default\">Steuern Sie Ihre Cloud mit Sicherheit.<\/h2>\t\t\t\t<\/div>\n\t\t\t\t<\/div>\n\t\t\t\t<div class=\"elementor-element elementor-element-6349acf0 elementor-widget elementor-widget-text-editor\" data-id=\"6349acf0\" data-element_type=\"widget\" data-e-type=\"widget\" data-widget_type=\"text-editor.default\">\n\t\t\t\t<div class=\"elementor-widget-container\">\n\t\t\t\t\t\t\t\t\t<p data-start=\"329\" data-end=\"546\">KI-gesteuerte SaaS-Anbieter arbeiten in schnelllebigen Umgebungen, in denen Cloud-Ressourcen rasch hochskaliert werden, sich die Compliance-Anforderungen weiterentwickeln und die Sichtbarkeit in die Infrastruktur leicht verloren gehen kann \u2013 insbesondere in den Bereichen Entwicklung, Staging und Produktion.<\/p><h3>Unsere L\u00f6sung:<\/h3><p>Wir bieten <strong data-start=\"580\" data-end=\"606\">Cloud Asset Management<\/strong> und <strong data-start=\"611\" data-end=\"640\">KI-gesteuerte ITSM-Automatisierung<\/strong>, die auf Azure-Jira-Umgebungen zugeschnitten sind. Durch die Integration von <g id=\"gid_2\">Microsoft Azure<\/g> mit <g id=\"gid_3\">Jira Assets<\/g> halten wir Ihre CMDB stets auf dem neuesten Stand. Gleichzeitig optimieren KI-Agenten den IT-Servicebetrieb \u2013 von der Ticketklassifizierung bis zur Bearbeitung und L\u00f6sung \u2013 und verringern so die Arbeitslast und verbessern die Reaktionszeiten.  <\/p>\t\t\t\t\t\t\t\t<\/div>\n\t\t\t\t<\/div>\n\t\t\t\t<\/div>\n\t\t\t\t<\/div>\n\t\t\t\t<div class=\"elementor-element elementor-element-67e6b3da elementor-widget elementor-widget-heading\" data-id=\"67e6b3da\" data-element_type=\"widget\" data-e-type=\"widget\" data-widget_type=\"heading.default\">\n\t\t\t\t<div class=\"elementor-widget-container\">\n\t\t\t\t\t<h2 class=\"elementor-heading-title elementor-size-default\">Unsere L\u00f6sungen<\/h2>\t\t\t\t<\/div>\n\t\t\t\t<\/div>\n\t\t<div class=\"elementor-element elementor-element-5a07e333 e-con-full e-flex e-con e-child\" data-id=\"5a07e333\" data-element_type=\"container\" data-e-type=\"container\">\n\t\t<div class=\"elementor-element elementor-element-15862a28 e-con-full animated-fast e-flex e-con e-child\" data-id=\"15862a28\" data-element_type=\"container\" data-e-type=\"container\" data-settings=\"{&quot;background_background&quot;:&quot;classic&quot;,&quot;animation&quot;:&quot;none&quot;,&quot;animation_delay&quot;:1000}\">\n\t\t<div class=\"elementor-element elementor-element-35f9c44c e-con-full e-flex e-con e-child\" data-id=\"35f9c44c\" data-element_type=\"container\" data-e-type=\"container\">\n\t\t\t\t<div class=\"elementor-element elementor-element-6db70cac elementor-widget elementor-widget-heading\" data-id=\"6db70cac\" data-element_type=\"widget\" data-e-type=\"widget\" data-widget_type=\"heading.default\">\n\t\t\t\t<div class=\"elementor-widget-container\">\n\t\t\t\t\t<h2 class=\"elementor-heading-title elementor-size-default\">KI-unterst\u00fctztes ITSM auf Basis von Atlassian Jira oder USU Service Management <\/h2>\t\t\t\t<\/div>\n\t\t\t\t<\/div>\n\t\t\t\t<div class=\"elementor-element elementor-element-ff47e7b elementor-widget elementor-widget-text-editor\" data-id=\"ff47e7b\" data-element_type=\"widget\" data-e-type=\"widget\" data-widget_type=\"text-editor.default\">\n\t\t\t\t<div class=\"elementor-widget-container\">\n\t\t\t\t\t\t\t\t\t<div><div>Wir liefern eine ma\u00dfgeschneiderte, einsatzf\u00e4hige KI-L\u00f6sung \u2013 angepasst an Ihre Umgebung \u2013 und evaluieren ihre Leistung im praktischen Einsatz. Auf Basis der Ergebnisse erarbeiten wir Empfehlungen f\u00fcr die Skalierung in die Produktion. <a href=\"https:\/\/www.sykorait.com\/de\/it-dienstleistungsmanagement\/\"><span class=\"EOP SCXW65213184 BCX0\" data-ccp-props=\"{\"335559685\":1440}\">  Mehr erfahren<\/span><\/a><\/div><\/div>\t\t\t\t\t\t\t\t<\/div>\n\t\t\t\t<\/div>\n\t\t\t\t<\/div>\n\t\t\t\t<\/div>\n\t\t<div class=\"elementor-element elementor-element-6b7196d4 e-con-full animated-fast e-flex e-con e-child\" data-id=\"6b7196d4\" data-element_type=\"container\" data-e-type=\"container\" data-settings=\"{&quot;background_background&quot;:&quot;classic&quot;,&quot;animation&quot;:&quot;none&quot;,&quot;animation_delay&quot;:750}\">\n\t\t<div class=\"elementor-element elementor-element-51092776 e-con-full e-flex e-con e-child\" data-id=\"51092776\" data-element_type=\"container\" data-e-type=\"container\">\n\t\t\t\t<div class=\"elementor-element elementor-element-55ee99c0 elementor-widget elementor-widget-heading\" data-id=\"55ee99c0\" data-element_type=\"widget\" data-e-type=\"widget\" data-widget_type=\"heading.default\">\n\t\t\t\t<div class=\"elementor-widget-container\">\n\t\t\t\t\t<h2 class=\"elementor-heading-title elementor-size-default\">KI-Agenten f\u00fcr ITSM-Prozesse<\/h2>\t\t\t\t<\/div>\n\t\t\t\t<\/div>\n\t\t\t\t<div class=\"elementor-element elementor-element-3ba425d0 elementor-widget elementor-widget-text-editor\" data-id=\"3ba425d0\" data-element_type=\"widget\" data-e-type=\"widget\" data-widget_type=\"text-editor.default\">\n\t\t\t\t<div class=\"elementor-widget-container\">\n\t\t\t\t\t\t\t\t\t<p>Basierend auf Atlassian Rovo und MS Azure AI. Automatisieren Sie Routine-Serviceaufgaben, verk\u00fcrzen Sie die L\u00f6sungszeiten und stellen Sie eine gleichbleibende Servicequalit\u00e4t sicher. Steigern Sie die Kundenzufriedenheit und geben Sie Ihrem Team den Freiraum, sich auf Initiativen mit hohem Mehrwert zu konzentrieren.   <a href=\"https:\/\/www.sykorait.com\/de\/ki-agenten-fuer-ihr-unternehmen\/\">Mehr erfahren<\/a><\/p>\t\t\t\t\t\t\t\t<\/div>\n\t\t\t\t<\/div>\n\t\t\t\t<\/div>\n\t\t\t\t<\/div>\n\t\t<div class=\"elementor-element elementor-element-f86a25f e-con-full animated-fast e-flex e-con e-child\" data-id=\"f86a25f\" data-element_type=\"container\" data-e-type=\"container\" data-settings=\"{&quot;background_background&quot;:&quot;classic&quot;,&quot;animation&quot;:&quot;none&quot;,&quot;animation_delay&quot;:750}\">\n\t\t<div class=\"elementor-element elementor-element-144dfc4 e-con-full e-flex e-con e-child\" data-id=\"144dfc4\" data-element_type=\"container\" data-e-type=\"container\">\n\t\t\t\t<div class=\"elementor-element elementor-element-e29a1e1 elementor-widget elementor-widget-heading\" data-id=\"e29a1e1\" data-element_type=\"widget\" data-e-type=\"widget\" data-widget_type=\"heading.default\">\n\t\t\t\t<div class=\"elementor-widget-container\">\n\t\t\t\t\t<h2 class=\"elementor-heading-title elementor-size-default\">Cloud Asset Management<\/h2>\t\t\t\t<\/div>\n\t\t\t\t<\/div>\n\t\t\t\t<div class=\"elementor-element elementor-element-b11a088 elementor-widget elementor-widget-text-editor\" data-id=\"b11a088\" data-element_type=\"widget\" data-e-type=\"widget\" data-widget_type=\"text-editor.default\">\n\t\t\t\t<div class=\"elementor-widget-container\">\n\t\t\t\t\t\t\t\t\t<p>Gewinnen Sie volle Transparenz und Kontrolle \u00fcber Ihre Cloud-Infrastruktur mit <a href=\"https:\/\/marketplace.atlassian.com\/apps\/1234296\/azure-sync-for-jira-assets\" target=\"_blank\" rel=\"noopener\">\n  <strong data-start=\"229\" data-end=\"259\">Azure Sync f\u00fcr Jira Assets<\/strong>\n<\/a>. Diese leistungsstarke Integration zwischen Microsoft Azure und Jira Assets sorgt daf\u00fcr, dass Ihre CMDB kontinuierlich mit Echtzeit-Ressourcendaten aktualisiert wird. Automatisieren Sie das Asset-Tracking, verbessern Sie die Servicequalit\u00e4t und stellen Sie die Compliance in Ihrer gesamten IT-Umgebung sicher.  <\/p>\t\t\t\t\t\t\t\t<\/div>\n\t\t\t\t<\/div>\n\t\t\t\t<\/div>\n\t\t\t\t<\/div>\n\t\t\t\t<\/div>\n\t\t\t\t<div class=\"elementor-element elementor-element-90fca52 elementor-widget elementor-widget-text-editor\" data-id=\"90fca52\" data-element_type=\"widget\" data-e-type=\"widget\" data-widget_type=\"text-editor.default\">\n\t\t\t\t<div class=\"elementor-widget-container\">\n\t\t\t\t\t\t\t\t\t<h3 data-start=\"1188\" data-end=\"1515\">Lass uns sprechen<\/h3><article class=\"text-token-text-primary w-full\" dir=\"auto\" data-testid=\"conversation-turn-20\" data-scroll-anchor=\"true\"><div class=\"text-base my-auto mx-auto py-5 [--thread-content-margin:--spacing(4)] @[37rem]:[--thread-content-margin:--spacing(6)] @[72rem]:[--thread-content-margin:--spacing(16)] px-(--thread-content-margin)\"><div class=\"[--thread-content-max-width:32rem] @[34rem]:[--thread-content-max-width:40rem] @[64rem]:[--thread-content-max-width:48rem] mx-auto flex max-w-(--thread-content-max-width) flex-1 text-base gap-4 md:gap-5 lg:gap-6 group\/turn-messages focus-visible:outline-hidden\" tabindex=\"-1\"><div class=\"group\/conversation-turn relative flex w-full min-w-0 flex-col agent-turn\"><div class=\"relative flex-col gap-1 md:gap-3\"><div class=\"flex max-w-full flex-col grow\"><div class=\"min-h-8 text-message relative flex w-full flex-col items-end gap-2 text-start break-words whitespace-normal [.text-message+&amp;]:mt-5\" dir=\"auto\" data-message-author-role=\"assistant\" data-message-id=\"4db3fed6-eac3-48f0-a8e5-f494121fa5e1\" data-message-model-slug=\"gpt-4o\"><div class=\"flex w-full flex-col gap-1 empty:hidden first:pt-[3px]\"><div class=\"markdown prose dark:prose-invert w-full break-words light\"><p data-start=\"100\" data-end=\"308\" data-is-last-node=\"\" data-is-only-node=\"\">Haben Sie einen bestimmten Anwendungsfall, den Sie ausprobieren m\u00f6chten, oder sind Sie daran interessiert, unsere L\u00f6sungen live zu erleben? <a href=\"https:\/\/www.sykorait.com\/de\/kontakte\/\">Nehmen Sie Kontakt mit uns auf<\/a>. Wir w\u00fcrden uns freuen, mehr \u00fcber Ihre Bed\u00fcrfnisse zu erfahren und Ihnen zu zeigen, wie wir Sie unterst\u00fctzen k\u00f6nnen.<\/p><\/div><\/div><\/div><\/div><\/div><\/div><\/div><\/div><\/article>\t\t\t\t\t\t\t\t<\/div>\n\t\t\t\t<\/div>\n\t\t\t\t\t<\/div>\n\t\t\t\t<\/div>\n\t\t<div class=\"elementor-element elementor-element-1351018 e-flex e-con-boxed e-con e-parent\" data-id=\"1351018\" data-element_type=\"container\" data-e-type=\"container\" data-settings=\"{&quot;background_background&quot;:&quot;classic&quot;}\">\n\t\t\t\t\t<div class=\"e-con-inner\">\n\t\t<div class=\"elementor-element elementor-element-a27704a e-grid e-con-full e-con e-child\" data-id=\"a27704a\" data-element_type=\"container\" data-e-type=\"container\">\n\t\t<div class=\"elementor-element elementor-element-1364374 e-con-full e-flex e-con e-child\" data-id=\"1364374\" data-element_type=\"container\" data-e-type=\"container\">\n\t\t\t\t<div class=\"elementor-element elementor-element-67a7f3a elementor-widget elementor-widget-heading\" data-id=\"67a7f3a\" data-element_type=\"widget\" data-e-type=\"widget\" data-widget_type=\"heading.default\">\n\t\t\t\t<div class=\"elementor-widget-container\">\n\t\t\t\t\t<h2 class=\"elementor-heading-title elementor-size-default\">Mehr lesen<\/h2>\t\t\t\t<\/div>\n\t\t\t\t<\/div>\n\t\t\t\t<\/div>\n\t\t\t\t<\/div>\n\t\t<div class=\"elementor-element elementor-element-343dd68 e-grid e-con-full e-con e-child\" data-id=\"343dd68\" data-element_type=\"container\" data-e-type=\"container\">\n\t\t<div class=\"elementor-element elementor-element-b2557dc e-con-full e-flex e-con e-child\" data-id=\"b2557dc\" data-element_type=\"container\" data-e-type=\"container\">\n\t\t\t\t<div class=\"elementor-element elementor-element-b8ea087 elementor-grid-3 elementor-grid-tablet-2 elementor-grid-mobile-1 elementor-posts--thumbnail-top elementor-widget elementor-widget-posts\" data-id=\"b8ea087\" data-element_type=\"widget\" data-e-type=\"widget\" data-settings=\"{&quot;classic_masonry&quot;:&quot;yes&quot;,&quot;classic_columns&quot;:&quot;3&quot;,&quot;classic_columns_tablet&quot;:&quot;2&quot;,&quot;classic_columns_mobile&quot;:&quot;1&quot;,&quot;classic_row_gap&quot;:{&quot;unit&quot;:&quot;px&quot;,&quot;size&quot;:35,&quot;sizes&quot;:[]},&quot;classic_row_gap_tablet&quot;:{&quot;unit&quot;:&quot;px&quot;,&quot;size&quot;:&quot;&quot;,&quot;sizes&quot;:[]},&quot;classic_row_gap_mobile&quot;:{&quot;unit&quot;:&quot;px&quot;,&quot;size&quot;:&quot;&quot;,&quot;sizes&quot;:[]}}\" data-widget_type=\"posts.classic\">\n\t\t\t\t<div class=\"elementor-widget-container\">\n\t\t\t\t\t\t\t<div class=\"elementor-posts-container elementor-posts elementor-posts--skin-classic elementor-grid\" role=\"list\">\n\t\t\t\t<article class=\"elementor-post elementor-grid-item post-4943 post type-post status-publish format-standard has-post-thumbnail hentry category-sykorait-blog tag-all-industries tag-homepage tag-itsm\" role=\"listitem\">\n\t\t\t\t<a class=\"elementor-post__thumbnail__link\" href=\"https:\/\/www.sykorait.com\/de\/it-asset-management-in-jira-assets\/\" tabindex=\"-1\">\n\t\t\t<div class=\"elementor-post__thumbnail\"><img fetchpriority=\"high\" decoding=\"async\" width=\"800\" height=\"532\" src=\"https:\/\/www.sykorait.com\/wp-content\/uploads\/2025\/10\/Screenshot-2025-10-09-at-16.49.07-1-1024x681.png\" class=\"attachment-large size-large wp-image-4987\" alt=\"IT Asset Management in Jira Assets\" \/><\/div>\n\t\t<\/a>\n\t\t\t\t<div class=\"elementor-post__text\">\n\t\t\t\t<h3 class=\"elementor-post__title\">\n\t\t\t<a href=\"https:\/\/www.sykorait.com\/de\/it-asset-management-in-jira-assets\/\">\n\t\t\t\tIT Asset Management in Jira Assets\t\t\t<\/a>\n\t\t<\/h3>\n\t\t\t\t<div class=\"elementor-post__excerpt\">\n\t\t\t<p>Why IT Asset Management matters? Managing IT assets has become a&nbsp;critical discipline for modern organizations. From laptops and servers to cloud subscriptions and software licenses, having a&nbsp;clear and reliable overview of your assets is essential for: Cost control - avoid paying for unused or duplicate licenses. Compliance - meet regulatory<\/p>\n\t\t<\/div>\n\t\t\t\t<\/div>\n\t\t\t\t<\/article>\n\t\t\t\t<article class=\"elementor-post elementor-grid-item post-4474 post type-post status-publish format-standard has-post-thumbnail hentry category-sykorait-blog tag-ai-agents tag-all-industries tag-banking tag-energy tag-manufacturing tag-rovo-article tag-saas\" role=\"listitem\">\n\t\t\t\t<a class=\"elementor-post__thumbnail__link\" href=\"https:\/\/www.sykorait.com\/de\/how-we-build-value-with-atlassian-rovo-and-forge\/\" tabindex=\"-1\">\n\t\t\t<div class=\"elementor-post__thumbnail\"><img decoding=\"async\" width=\"800\" height=\"450\" src=\"https:\/\/www.sykorait.com\/wp-content\/uploads\/2025\/10\/1759070474853-1024x576.png\" class=\"attachment-large size-large wp-image-4475\" alt=\"How We Build Value with Atlassian Rovo and Forge\" srcset=\"https:\/\/www.sykorait.com\/wp-content\/uploads\/2025\/10\/1759070474853-1024x576.png 1024w, https:\/\/www.sykorait.com\/wp-content\/uploads\/2025\/10\/1759070474853-300x169.png 300w, https:\/\/www.sykorait.com\/wp-content\/uploads\/2025\/10\/1759070474853-768x432.png 768w, https:\/\/www.sykorait.com\/wp-content\/uploads\/2025\/10\/1759070474853.png 1280w\" sizes=\"(max-width: 800px) 100vw, 800px\" \/><\/div>\n\t\t<\/a>\n\t\t\t\t<div class=\"elementor-post__text\">\n\t\t\t\t<h3 class=\"elementor-post__title\">\n\t\t\t<a href=\"https:\/\/www.sykorait.com\/de\/how-we-build-value-with-atlassian-rovo-and-forge\/\">\n\t\t\t\tHow We Build Value with Atlassian Rovo and Forge\t\t\t<\/a>\n\t\t<\/h3>\n\t\t\t\t<div class=\"elementor-post__excerpt\">\n\t\t\t<p>Why Customization is the Key to Real Value from Rovo AI These days we hear about AI everywhere, all the time. It transforms the way we work, automates tasks, and brings possibilities we hadn\u2019t even thought about a&nbsp;few years ago. Atlassian, with their AI features and especially Rovo, belongs among<\/p>\n\t\t<\/div>\n\t\t\t\t<\/div>\n\t\t\t\t<\/article>\n\t\t\t\t<article class=\"elementor-post elementor-grid-item post-4449 post type-post status-publish format-standard has-post-thumbnail hentry category-events tag-all-industries tag-banking tag-energy tag-itsm tag-manufacturing tag-saas\" role=\"listitem\">\n\t\t\t\t<a class=\"elementor-post__thumbnail__link\" href=\"https:\/\/www.sykorait.com\/de\/manage-azure-assets-in-jira-cloud-webinar\/\" tabindex=\"-1\">\n\t\t\t<div class=\"elementor-post__thumbnail\"><img decoding=\"async\" width=\"800\" height=\"450\" src=\"https:\/\/www.sykorait.com\/wp-content\/uploads\/2025\/06\/Grafika-Webinare-Zalohovani-Asset-Management-1024x576.jpg\" class=\"attachment-large size-large wp-image-2718\" alt=\"Manage Azure Assets in Jira Cloud\" srcset=\"https:\/\/www.sykorait.com\/wp-content\/uploads\/2025\/06\/Grafika-Webinare-Zalohovani-Asset-Management-1024x576.jpg 1024w, https:\/\/www.sykorait.com\/wp-content\/uploads\/2025\/06\/Grafika-Webinare-Zalohovani-Asset-Management-300x169.jpg 300w, https:\/\/www.sykorait.com\/wp-content\/uploads\/2025\/06\/Grafika-Webinare-Zalohovani-Asset-Management-768x432.jpg 768w, https:\/\/www.sykorait.com\/wp-content\/uploads\/2025\/06\/Grafika-Webinare-Zalohovani-Asset-Management-1536x864.jpg 1536w, https:\/\/www.sykorait.com\/wp-content\/uploads\/2025\/06\/Grafika-Webinare-Zalohovani-Asset-Management.jpg 1920w\" sizes=\"(max-width: 800px) 100vw, 800px\" \/><\/div>\n\t\t<\/a>\n\t\t\t\t<div class=\"elementor-post__text\">\n\t\t\t\t<h3 class=\"elementor-post__title\">\n\t\t\t<a href=\"https:\/\/www.sykorait.com\/de\/manage-azure-assets-in-jira-cloud-webinar\/\">\n\t\t\t\tManage Azure Assets in Jira Cloud Webinar\t\t\t<\/a>\n\t\t<\/h3>\n\t\t\t\t<div class=\"elementor-post__excerpt\">\n\t\t\t<p>How to manage Assets in Jira Join us for a&nbsp;practical webinar on building an effective Cloud Asset Management platform in Jira Service Management Cloud using our app Azure Sync for Jira Assets. See\u00a0 how Rovo Agents can improve the process. Request for recording After filling out the form, we will<\/p>\n\t\t<\/div>\n\t\t\t\t<\/div>\n\t\t\t\t<\/article>\n\t\t\t\t<\/div>\n\t\t\n\t\t\t\t\t\t<\/div>\n\t\t\t\t<\/div>\n\t\t\t\t<\/div>\n\t\t\t\t<\/div>\n\t\t\t\t\t<\/div>\n\t\t\t\t<\/div>\n\t\t\t\t<\/div>\n\t\t","protected":false},"excerpt":{"rendered":"<p>Von Prozessen zur Intelligenz: Automatisieren mit KI Steuern Sie Ihre Cloud mit Sicherheit. KI-gesteuerte SaaS-Anbieter arbeiten in schnelllebigen Umgebungen, in denen Cloud-Ressourcen rasch hochskaliert werden, sich die Compliance-Anforderungen weiterentwickeln und die Sichtbarkeit in die Infrastruktur leicht verloren gehen kann \u2013 insbesondere in den Bereichen Entwicklung, Staging und Produktion. Unsere L\u00f6sung: Wir bieten Cloud Asset Management [&hellip;]<\/p>\n","protected":false},"author":1,"featured_media":3063,"parent":0,"menu_order":0,"comment_status":"closed","ping_status":"closed","template":"","meta":{"footnotes":""},"class_list":["post-3900","page","type-page","status-publish","has-post-thumbnail","hentry"],"_links":{"self":[{"href":"https:\/\/www.sykorait.com\/de\/wp-json\/wp\/v2\/pages\/3900","targetHints":{"allow":["GET"]}}],"collection":[{"href":"https:\/\/www.sykorait.com\/de\/wp-json\/wp\/v2\/pages"}],"about":[{"href":"https:\/\/www.sykorait.com\/de\/wp-json\/wp\/v2\/types\/page"}],"author":[{"embeddable":true,"href":"https:\/\/www.sykorait.com\/de\/wp-json\/wp\/v2\/users\/1"}],"replies":[{"embeddable":true,"href":"https:\/\/www.sykorait.com\/de\/wp-json\/wp\/v2\/comments?post=3900"}],"version-history":[{"count":5,"href":"https:\/\/www.sykorait.com\/de\/wp-json\/wp\/v2\/pages\/3900\/revisions"}],"predecessor-version":[{"id":4828,"href":"https:\/\/www.sykorait.com\/de\/wp-json\/wp\/v2\/pages\/3900\/revisions\/4828"}],"wp:featuredmedia":[{"embeddable":true,"href":"https:\/\/www.sykorait.com\/de\/wp-json\/wp\/v2\/media\/3063"}],"wp:attachment":[{"href":"https:\/\/www.sykorait.com\/de\/wp-json\/wp\/v2\/media?parent=3900"}],"curies":[{"name":"wp","href":"https:\/\/api.w.org\/{rel}","templated":true}]}}