{"id":3894,"date":"2025-06-27T19:50:45","date_gmt":"2025-06-27T17:50:45","guid":{"rendered":"https:\/\/www.sykorait.com\/herstellung\/"},"modified":"2026-03-25T09:11:40","modified_gmt":"2026-03-25T08:11:40","slug":"herstellung","status":"publish","type":"page","link":"https:\/\/www.sykorait.com\/de\/herstellung\/","title":{"rendered":"Industrie"},"content":{"rendered":"\t\t<div data-elementor-type=\"wp-page\" data-elementor-id=\"3894\" class=\"elementor elementor-3894 elementor-2788\" data-elementor-post-type=\"page\">\n\t\t\t\t<div class=\"elementor-element elementor-element-253a95bd e-flex e-con-boxed e-con e-parent\" data-id=\"253a95bd\" data-element_type=\"container\" data-e-type=\"container\" data-settings=\"{&quot;background_background&quot;:&quot;classic&quot;}\">\n\t\t\t\t\t<div class=\"e-con-inner\">\n\t\t<div class=\"elementor-element elementor-element-445e5828 e-flex e-con-boxed e-con e-child\" data-id=\"445e5828\" data-element_type=\"container\" data-e-type=\"container\">\n\t\t\t\t\t<div class=\"e-con-inner\">\n\t\t\t\t<div class=\"elementor-element elementor-element-7af9e66d elementor-widget elementor-widget-heading\" data-id=\"7af9e66d\" data-element_type=\"widget\" data-e-type=\"widget\" data-widget_type=\"heading.default\">\n\t\t\t\t<div class=\"elementor-widget-container\">\n\t\t\t\t\t<h1 class=\"elementor-heading-title elementor-size-default\">Industrie<\/h1>\t\t\t\t<\/div>\n\t\t\t\t<\/div>\n\t\t\t\t<div class=\"elementor-element elementor-element-ae3c1e2 elementor-widget elementor-widget-heading\" data-id=\"ae3c1e2\" data-element_type=\"widget\" data-e-type=\"widget\" data-widget_type=\"heading.default\">\n\t\t\t\t<div class=\"elementor-widget-container\">\n\t\t\t\t\t<h2 class=\"elementor-heading-title elementor-size-default\">Verbinden Sie Ihre Teams. Liefern Sie bessere Produkte.\nSetzen Sie KI dort ein, wo es darauf ankommt. <\/h2>\t\t\t\t<\/div>\n\t\t\t\t<\/div>\n\t\t\t\t\t<\/div>\n\t\t\t\t<\/div>\n\t\t\t\t\t<\/div>\n\t\t\t\t<\/div>\n\t\t<div class=\"elementor-element elementor-element-73ac4ae9 e-flex e-con-boxed e-con e-parent\" data-id=\"73ac4ae9\" data-element_type=\"container\" data-e-type=\"container\" data-settings=\"{&quot;background_background&quot;:&quot;classic&quot;}\">\n\t\t\t\t\t<div class=\"e-con-inner\">\n\t\t<div class=\"elementor-element elementor-element-688b5a43 e-con-full e-flex e-con e-child\" data-id=\"688b5a43\" data-element_type=\"container\" data-e-type=\"container\">\n\t\t<div class=\"elementor-element elementor-element-5a566cd2 e-con-full animated-fast e-flex e-con e-child\" data-id=\"5a566cd2\" data-element_type=\"container\" data-e-type=\"container\" data-settings=\"{&quot;animation&quot;:&quot;none&quot;,&quot;animation_delay&quot;:750}\">\n\t\t\t\t<div class=\"elementor-element elementor-element-122a0d7e elementor-widget elementor-widget-text-editor\" data-id=\"122a0d7e\" data-element_type=\"widget\" data-e-type=\"widget\" data-widget_type=\"text-editor.default\">\n\t\t\t\t<div class=\"elementor-widget-container\">\n\t\t\t\t\t\t\t\t\t<h2 data-start=\"415\" data-end=\"617\">Von unzusammenh\u00e4ngenden Teams zur vernetzten Produktentwicklung<\/h2><p data-start=\"415\" data-end=\"617\">Fertigungsunternehmen arbeiten oft mit mehreren Teams und Systemen. Die Teams aus Technik, Produktion und Wirtschaft verwenden jeweils ihre eigenen Tools und Prozesse, was die Zusammenarbeit schwieriger macht, als sie sein sollte. <\/p><p data-start=\"619\" data-end=\"783\">Wir helfen Ihnen, diese Teams zu verbinden. Mit Atlassian-Tools und KI verbessern wir die Zusammenarbeit, reduzieren die manuelle Arbeit und machen Ihr Unternehmenswissen f\u00fcr die t\u00e4gliche Arbeit nutzbar. <\/p><h3 data-start=\"619\" data-end=\"783\">Team\u00fcbergreifende Zusammenarbeit<\/h3><p data-start=\"1481\" data-end=\"1705\">Wir helfen Ihnen, eine gemeinsame Umgebung zu schaffen, in der alle Teams mit denselben Informationen arbeiten und den Kontext der anderen verstehen. Hardware- und Softwareentwicklung, Produktion, Qualit\u00e4t, Vertrieb und Marketing werden besser vernetzt. <\/p><p data-start=\"1707\" data-end=\"1899\">Dies f\u00fchrt zu einer reibungsloseren \u00dcbergabe, weniger Missverst\u00e4ndnissen und einer besseren \u00dcbersicht \u00fcber den gesamten Produktlebenszyklus. Die Teams verbringen weniger Zeit mit der Koordination und haben mehr Zeit, das Produkt voranzubringen. <\/p><h3>KI als Wettbewerbsvorteil:<\/h3><p data-start=\"1937\" data-end=\"2120\">Gleichzeitig identifizieren wir manuelle Arbeiten, die automatisiert werden k\u00f6nnen. Viele T\u00e4tigkeiten wie die Verarbeitung von Dokumenten, die Erstellung von Berichten, die Bearbeitung von Tickets oder das Abrufen von Informationen k\u00f6nnen von der KI \u00fcbernommen werden. <\/p><p data-start=\"2122\" data-end=\"2269\">Dies reduziert repetitive Arbeit und hilft Ihren Teams, sich auf Aufgaben zu konzentrieren, die menschliche Entscheidungen erfordern. KI ist kein Zusatz, sondern ein Teil der Arbeit, die erledigt wird. <\/p>\t\t\t\t\t\t\t\t<\/div>\n\t\t\t\t<\/div>\n\t\t\t\t<\/div>\n\t\t\t\t<\/div>\n\t\t\t\t<div class=\"elementor-element elementor-element-2760ce4 elementor-widget elementor-widget-text-editor\" data-id=\"2760ce4\" data-element_type=\"widget\" data-e-type=\"widget\" data-widget_type=\"text-editor.default\">\n\t\t\t\t<div class=\"elementor-widget-container\">\n\t\t\t\t\t\t\t\t\t<h2 data-start=\"415\" data-end=\"617\">Unsere L\u00f6sungen<\/h2><p data-start=\"2357\" data-end=\"2451\">Unsere L\u00f6sungen basieren auf bew\u00e4hrten Plattformen und werden bei Bedarf durch kundenspezifische Entwicklungen erweitert.<\/p><p data-start=\"2453\" data-end=\"2771\">Wir verwenden Atlassian Jira und Confluence, um die Arbeit zu verwalten und das Unternehmenswissen zu strukturieren. Rovo bringt nahtlose KI-Unterst\u00fctzung und Automatisierung in Ihre Arbeitsabl\u00e4ufe, damit Benutzer Informationen finden und effizienter arbeiten k\u00f6nnen. F\u00fcr fortgeschrittenere Szenarien erstellen wir ma\u00dfgeschneiderte Apps-L\u00f6sungen auf Atlassian Forge und Microsoft Azure und integrieren sie in Ihre bestehende Umgebung.  <\/p><p data-start=\"2773\" data-end=\"2857\">Das Ergebnis ist ein vernetztes System, in dem Prozesse, Teams und Wissen zusammenarbeiten.<\/p>\t\t\t\t\t\t\t\t<\/div>\n\t\t\t\t<\/div>\n\t\t<div class=\"elementor-element elementor-element-654ae575 e-con-full e-flex e-con e-child\" data-id=\"654ae575\" data-element_type=\"container\" data-e-type=\"container\">\n\t\t<div class=\"elementor-element elementor-element-5fc942e6 e-con-full animated-fast e-flex e-con e-child\" data-id=\"5fc942e6\" data-element_type=\"container\" data-e-type=\"container\" data-settings=\"{&quot;background_background&quot;:&quot;classic&quot;,&quot;animation&quot;:&quot;none&quot;,&quot;animation_delay&quot;:1000}\">\n\t\t<div class=\"elementor-element elementor-element-29cb1fca e-con-full e-flex e-con e-child\" data-id=\"29cb1fca\" data-element_type=\"container\" data-e-type=\"container\">\n\t\t\t\t<div class=\"elementor-element elementor-element-6e62422 elementor-widget elementor-widget-heading\" data-id=\"6e62422\" data-element_type=\"widget\" data-e-type=\"widget\" data-widget_type=\"heading.default\">\n\t\t\t\t<div class=\"elementor-widget-container\">\n\t\t\t\t\t<h2 class=\"elementor-heading-title elementor-size-default\">Vernetzte Teamarbeit mit Jira &amp; Confluence<\/h2>\t\t\t\t<\/div>\n\t\t\t\t<\/div>\n\t\t\t\t<div class=\"elementor-element elementor-element-1b93ebc9 elementor-widget elementor-widget-text-editor\" data-id=\"1b93ebc9\" data-element_type=\"widget\" data-e-type=\"widget\" data-widget_type=\"text-editor.default\">\n\t\t\t\t<div class=\"elementor-widget-container\">\n\t\t\t\t\t\t\t\t\t<p>Verbinden Sie Ihre HW- und SW-Entwicklung, Produktion, Vertrieb, Marketing und Management in einer gemeinsamen Umgebung. Verbessern Sie die Zusammenarbeit, die Transparenz und die Entscheidungsfindung w\u00e4hrend des gesamten Produktlebenszyklus.  <a href=\"https:\/\/www.sykorait.com\/de\/wie-jira-confluence-und-ki-die-zusammenarbeit-in-fertigungsunternehmen-veraendern\/\">Mehr erfahren<\/a><\/p>\t\t\t\t\t\t\t\t<\/div>\n\t\t\t\t<\/div>\n\t\t\t\t<\/div>\n\t\t\t\t<\/div>\n\t\t<div class=\"elementor-element elementor-element-55900342 e-con-full animated-fast e-flex e-con e-child\" data-id=\"55900342\" data-element_type=\"container\" data-e-type=\"container\" data-settings=\"{&quot;background_background&quot;:&quot;classic&quot;,&quot;animation&quot;:&quot;none&quot;,&quot;animation_delay&quot;:750}\">\n\t\t<div class=\"elementor-element elementor-element-5711708a e-con-full e-flex e-con e-child\" data-id=\"5711708a\" data-element_type=\"container\" data-e-type=\"container\">\n\t\t\t\t<div class=\"elementor-element elementor-element-518568a7 elementor-widget elementor-widget-heading\" data-id=\"518568a7\" data-element_type=\"widget\" data-e-type=\"widget\" data-widget_type=\"heading.default\">\n\t\t\t\t<div class=\"elementor-widget-container\">\n\t\t\t\t\t<h2 class=\"elementor-heading-title elementor-size-default\">KI-Agenten f\u00fcr Ihre Prozesse<\/h2>\t\t\t\t<\/div>\n\t\t\t\t<\/div>\n\t\t\t\t<div class=\"elementor-element elementor-element-73ef41d0 elementor-widget elementor-widget-text-editor\" data-id=\"73ef41d0\" data-element_type=\"widget\" data-e-type=\"widget\" data-widget_type=\"text-editor.default\">\n\t\t\t\t<div class=\"elementor-widget-container\">\n\t\t\t\t\t\t\t\t\t<p>Basiert auf Atlassian Rovo und MS Azure AI. Automatisieren Sie Routineaufgaben, reduzieren Sie die L\u00f6sungszeiten und sorgen Sie f\u00fcr gleichbleibende Qualit\u00e4t. Setzen Sie Ihr Team frei, um sich auf hochwertige Arbeit zu konzentrieren. <a href=\"https:\/\/www.sykorait.com\/de\/ki-agenten-fuer-ihr-unternehmen\/\">Mehr erfahren<\/a><\/p>\t\t\t\t\t\t\t\t<\/div>\n\t\t\t\t<\/div>\n\t\t\t\t<\/div>\n\t\t\t\t<\/div>\n\t\t<div class=\"elementor-element elementor-element-2de5a8b e-con-full animated-fast e-flex e-con e-child\" data-id=\"2de5a8b\" data-element_type=\"container\" data-e-type=\"container\" data-settings=\"{&quot;background_background&quot;:&quot;classic&quot;,&quot;animation&quot;:&quot;none&quot;,&quot;animation_delay&quot;:750}\">\n\t\t<div class=\"elementor-element elementor-element-1ea5122 e-con-full e-flex e-con e-child\" data-id=\"1ea5122\" data-element_type=\"container\" data-e-type=\"container\">\n\t\t\t\t<div class=\"elementor-element elementor-element-7ffc089 elementor-widget elementor-widget-heading\" data-id=\"7ffc089\" data-element_type=\"widget\" data-e-type=\"widget\" data-widget_type=\"heading.default\">\n\t\t\t\t<div class=\"elementor-widget-container\">\n\t\t\t\t\t<h2 class=\"elementor-heading-title elementor-size-default\"><span>Dokumentendigitalisierung mit KI<\/span><\/h2>\t\t\t\t<\/div>\n\t\t\t\t<\/div>\n\t\t\t\t<div class=\"elementor-element elementor-element-c79b5b4 elementor-widget elementor-widget-text-editor\" data-id=\"c79b5b4\" data-element_type=\"widget\" data-e-type=\"widget\" data-widget_type=\"text-editor.default\">\n\t\t\t\t<div class=\"elementor-widget-container\">\n\t\t\t\t\t\t\t\t\t<p>Automatisieren Sie die Extraktion und Verarbeitung von Daten aus Formularen, Produktkarten, technischer Dokumentation und Qualit\u00e4tsunterlagen. Unsere KI-L\u00f6sungen reduzieren den manuellen Aufwand, minimieren Fehler und beschleunigen die Arbeitsabl\u00e4ufe in Produktion, Engineering und Compliance.  <a href=\"https:\/\/www.sykorait.com\/de\/ki-dokumente-digitalisieren\/\">Mehr erfahren<\/a><\/p>\t\t\t\t\t\t\t\t<\/div>\n\t\t\t\t<\/div>\n\t\t\t\t<\/div>\n\t\t\t\t<\/div>\n\t\t\t\t<\/div>\n\t\t\t\t<div class=\"elementor-element elementor-element-69f2f33 elementor-widget elementor-widget-text-editor\" data-id=\"69f2f33\" data-element_type=\"widget\" data-e-type=\"widget\" data-widget_type=\"text-editor.default\">\n\t\t\t\t<div class=\"elementor-widget-container\">\n\t\t\t\t\t\t\t\t\t<h3 data-start=\"1188\" data-end=\"1515\">Lass uns sprechen<\/h3><p>Haben Sie einen konkreten Anwendungsfall, den Sie pr\u00fcfen m\u00f6chten, oder interessieren Sie sich daf\u00fcr, unsere L\u00f6sungen live zu erleben? <a href=\"https:\/\/www.sykorait.com\/de\/kontakte\/\">Kontaktieren Sie uns<\/a> \u2013 wir freuen uns darauf, mehr \u00fcber Ihre Anforderungen zu erfahren und Ihnen zu zeigen, wie wir Sie unterst\u00fctzen k\u00f6nnen. <\/p><article class=\"text-token-text-primary w-full\" dir=\"auto\" data-testid=\"conversation-turn-20\" data-scroll-anchor=\"true\"><div class=\"text-base my-auto mx-auto py-5 [--thread-content-margin:--spacing(4)] @[37rem]:[--thread-content-margin:--spacing(6)] @[72rem]:[--thread-content-margin:--spacing(16)] px-(--thread-content-margin)\"><div class=\"[--thread-content-max-width:32rem] @[34rem]:[--thread-content-max-width:40rem] @[64rem]:[--thread-content-max-width:48rem] mx-auto flex max-w-(--thread-content-max-width) flex-1 text-base gap-4 md:gap-5 lg:gap-6 group\/turn-messages focus-visible:outline-hidden\" tabindex=\"-1\"><div class=\"group\/conversation-turn relative flex w-full min-w-0 flex-col agent-turn\"><div class=\"relative flex-col gap-1 md:gap-3\"><div class=\"flex max-w-full flex-col grow\"><div class=\"min-h-8 text-message relative flex w-full flex-col items-end gap-2 text-start break-words whitespace-normal [.text-message+&amp;]:mt-5\" dir=\"auto\" data-message-author-role=\"assistant\" data-message-id=\"4db3fed6-eac3-48f0-a8e5-f494121fa5e1\" data-message-model-slug=\"gpt-4o\"><div class=\"flex w-full flex-col gap-1 empty:hidden first:pt-[3px]\"><div class=\"markdown prose dark:prose-invert w-full break-words light\"><p data-start=\"100\" data-end=\"308\" data-is-last-node=\"\" data-is-only-node=\"\">Ein gezielter Workshop ist ein guter Einstieg.<\/p><\/div><\/div><\/div><\/div><\/div><\/div><\/div><\/div><\/article>\t\t\t\t\t\t\t\t<\/div>\n\t\t\t\t<\/div>\n\t\t\t\t\t<\/div>\n\t\t\t\t<\/div>\n\t\t<div class=\"elementor-element elementor-element-8f22e7c e-flex e-con-boxed e-con e-parent\" data-id=\"8f22e7c\" data-element_type=\"container\" data-e-type=\"container\" data-settings=\"{&quot;background_background&quot;:&quot;classic&quot;}\">\n\t\t\t\t\t<div class=\"e-con-inner\">\n\t\t<div class=\"elementor-element elementor-element-02d55e6 e-grid e-con-full e-con e-child\" data-id=\"02d55e6\" data-element_type=\"container\" data-e-type=\"container\">\n\t\t<div class=\"elementor-element elementor-element-e97d2cc e-con-full e-flex e-con e-child\" data-id=\"e97d2cc\" data-element_type=\"container\" data-e-type=\"container\">\n\t\t\t\t<div class=\"elementor-element elementor-element-7a85392 elementor-widget elementor-widget-heading\" data-id=\"7a85392\" data-element_type=\"widget\" data-e-type=\"widget\" data-widget_type=\"heading.default\">\n\t\t\t\t<div class=\"elementor-widget-container\">\n\t\t\t\t\t<h2 class=\"elementor-heading-title elementor-size-default\">Mehr lesen<\/h2>\t\t\t\t<\/div>\n\t\t\t\t<\/div>\n\t\t\t\t<\/div>\n\t\t\t\t<\/div>\n\t\t<div class=\"elementor-element elementor-element-c57d94a e-grid e-con-full e-con e-child\" data-id=\"c57d94a\" data-element_type=\"container\" data-e-type=\"container\">\n\t\t<div class=\"elementor-element elementor-element-fd26e68 e-con-full e-flex e-con e-child\" data-id=\"fd26e68\" data-element_type=\"container\" data-e-type=\"container\">\n\t\t\t\t<div class=\"elementor-element elementor-element-3587e01 elementor-grid-3 elementor-grid-tablet-2 elementor-grid-mobile-1 elementor-posts--thumbnail-top elementor-widget elementor-widget-posts\" data-id=\"3587e01\" data-element_type=\"widget\" data-e-type=\"widget\" data-settings=\"{&quot;classic_masonry&quot;:&quot;yes&quot;,&quot;classic_columns&quot;:&quot;3&quot;,&quot;classic_columns_tablet&quot;:&quot;2&quot;,&quot;classic_columns_mobile&quot;:&quot;1&quot;,&quot;classic_row_gap&quot;:{&quot;unit&quot;:&quot;px&quot;,&quot;size&quot;:35,&quot;sizes&quot;:[]},&quot;classic_row_gap_tablet&quot;:{&quot;unit&quot;:&quot;px&quot;,&quot;size&quot;:&quot;&quot;,&quot;sizes&quot;:[]},&quot;classic_row_gap_mobile&quot;:{&quot;unit&quot;:&quot;px&quot;,&quot;size&quot;:&quot;&quot;,&quot;sizes&quot;:[]}}\" data-widget_type=\"posts.classic\">\n\t\t\t\t<div class=\"elementor-widget-container\">\n\t\t\t\t\t\t\t<div class=\"elementor-posts-container elementor-posts elementor-posts--skin-classic elementor-grid\" role=\"list\">\n\t\t\t\t<article class=\"elementor-post elementor-grid-item post-4943 post type-post status-publish format-standard has-post-thumbnail hentry category-sykorait-blog tag-all-industries tag-homepage tag-itsm\" role=\"listitem\">\n\t\t\t\t<a class=\"elementor-post__thumbnail__link\" href=\"https:\/\/www.sykorait.com\/de\/it-asset-management-in-jira-assets\/\" tabindex=\"-1\">\n\t\t\t<div class=\"elementor-post__thumbnail\"><img fetchpriority=\"high\" decoding=\"async\" width=\"800\" height=\"532\" src=\"https:\/\/www.sykorait.com\/wp-content\/uploads\/2025\/10\/Screenshot-2025-10-09-at-16.49.07-1-1024x681.png\" class=\"attachment-large size-large wp-image-4987\" alt=\"IT Asset Management in Jira Assets\" \/><\/div>\n\t\t<\/a>\n\t\t\t\t<div class=\"elementor-post__text\">\n\t\t\t\t<h3 class=\"elementor-post__title\">\n\t\t\t<a href=\"https:\/\/www.sykorait.com\/de\/it-asset-management-in-jira-assets\/\">\n\t\t\t\tIT Asset Management in Jira Assets\t\t\t<\/a>\n\t\t<\/h3>\n\t\t\t\t<div class=\"elementor-post__excerpt\">\n\t\t\t<p>Why IT Asset Management matters? Managing IT assets has become a&nbsp;critical discipline for modern organizations. From laptops and servers to cloud subscriptions and software licenses, having a&nbsp;clear and reliable overview of your assets is essential for: Cost control - avoid paying for unused or duplicate licenses. Compliance - meet regulatory<\/p>\n\t\t<\/div>\n\t\t\t\t<\/div>\n\t\t\t\t<\/article>\n\t\t\t\t<article class=\"elementor-post elementor-grid-item post-4474 post type-post status-publish format-standard has-post-thumbnail hentry category-sykorait-blog tag-ai-agents tag-all-industries tag-banking tag-energy tag-manufacturing tag-rovo-article tag-saas\" role=\"listitem\">\n\t\t\t\t<a class=\"elementor-post__thumbnail__link\" href=\"https:\/\/www.sykorait.com\/de\/how-we-build-value-with-atlassian-rovo-and-forge\/\" tabindex=\"-1\">\n\t\t\t<div class=\"elementor-post__thumbnail\"><img decoding=\"async\" width=\"800\" height=\"450\" src=\"https:\/\/www.sykorait.com\/wp-content\/uploads\/2025\/10\/1759070474853-1024x576.png\" class=\"attachment-large size-large wp-image-4475\" alt=\"How We Build Value with Atlassian Rovo and Forge\" srcset=\"https:\/\/www.sykorait.com\/wp-content\/uploads\/2025\/10\/1759070474853-1024x576.png 1024w, https:\/\/www.sykorait.com\/wp-content\/uploads\/2025\/10\/1759070474853-300x169.png 300w, https:\/\/www.sykorait.com\/wp-content\/uploads\/2025\/10\/1759070474853-768x432.png 768w, https:\/\/www.sykorait.com\/wp-content\/uploads\/2025\/10\/1759070474853.png 1280w\" sizes=\"(max-width: 800px) 100vw, 800px\" \/><\/div>\n\t\t<\/a>\n\t\t\t\t<div class=\"elementor-post__text\">\n\t\t\t\t<h3 class=\"elementor-post__title\">\n\t\t\t<a href=\"https:\/\/www.sykorait.com\/de\/how-we-build-value-with-atlassian-rovo-and-forge\/\">\n\t\t\t\tHow We Build Value with Atlassian Rovo and Forge\t\t\t<\/a>\n\t\t<\/h3>\n\t\t\t\t<div class=\"elementor-post__excerpt\">\n\t\t\t<p>Why Customization is the Key to Real Value from Rovo AI These days we hear about AI everywhere, all the time. It transforms the way we work, automates tasks, and brings possibilities we hadn\u2019t even thought about a&nbsp;few years ago. Atlassian, with their AI features and especially Rovo, belongs among<\/p>\n\t\t<\/div>\n\t\t\t\t<\/div>\n\t\t\t\t<\/article>\n\t\t\t\t<article class=\"elementor-post elementor-grid-item post-4449 post type-post status-publish format-standard has-post-thumbnail hentry category-events tag-all-industries tag-banking tag-energy tag-itsm tag-manufacturing tag-saas\" role=\"listitem\">\n\t\t\t\t<a class=\"elementor-post__thumbnail__link\" href=\"https:\/\/www.sykorait.com\/de\/manage-azure-assets-in-jira-cloud-webinar\/\" tabindex=\"-1\">\n\t\t\t<div class=\"elementor-post__thumbnail\"><img decoding=\"async\" width=\"800\" height=\"450\" src=\"https:\/\/www.sykorait.com\/wp-content\/uploads\/2025\/06\/Grafika-Webinare-Zalohovani-Asset-Management-1024x576.jpg\" class=\"attachment-large size-large wp-image-2718\" alt=\"Manage Azure Assets in Jira Cloud\" srcset=\"https:\/\/www.sykorait.com\/wp-content\/uploads\/2025\/06\/Grafika-Webinare-Zalohovani-Asset-Management-1024x576.jpg 1024w, https:\/\/www.sykorait.com\/wp-content\/uploads\/2025\/06\/Grafika-Webinare-Zalohovani-Asset-Management-300x169.jpg 300w, https:\/\/www.sykorait.com\/wp-content\/uploads\/2025\/06\/Grafika-Webinare-Zalohovani-Asset-Management-768x432.jpg 768w, https:\/\/www.sykorait.com\/wp-content\/uploads\/2025\/06\/Grafika-Webinare-Zalohovani-Asset-Management-1536x864.jpg 1536w, https:\/\/www.sykorait.com\/wp-content\/uploads\/2025\/06\/Grafika-Webinare-Zalohovani-Asset-Management.jpg 1920w\" sizes=\"(max-width: 800px) 100vw, 800px\" \/><\/div>\n\t\t<\/a>\n\t\t\t\t<div class=\"elementor-post__text\">\n\t\t\t\t<h3 class=\"elementor-post__title\">\n\t\t\t<a href=\"https:\/\/www.sykorait.com\/de\/manage-azure-assets-in-jira-cloud-webinar\/\">\n\t\t\t\tManage Azure Assets in Jira Cloud Webinar\t\t\t<\/a>\n\t\t<\/h3>\n\t\t\t\t<div class=\"elementor-post__excerpt\">\n\t\t\t<p>How to manage Assets in Jira Join us for a&nbsp;practical webinar on building an effective Cloud Asset Management platform in Jira Service Management Cloud using our app Azure Sync for Jira Assets. See\u00a0 how Rovo Agents can improve the process. Request for recording After filling out the form, we will<\/p>\n\t\t<\/div>\n\t\t\t\t<\/div>\n\t\t\t\t<\/article>\n\t\t\t\t<\/div>\n\t\t\n\t\t\t\t\t\t<\/div>\n\t\t\t\t<\/div>\n\t\t\t\t<\/div>\n\t\t\t\t<\/div>\n\t\t\t\t\t<\/div>\n\t\t\t\t<\/div>\n\t\t\t\t<\/div>\n\t\t","protected":false},"excerpt":{"rendered":"<p>Verbinden Sie Ihre Teams. Liefern Sie bessere Produkte. Setzen Sie KI dort ein, wo es darauf ankommt. Von unzusammenh\u00e4ngenden Teams zur vernetzten Produktentwicklung Fertigungsunternehmen arbeiten oft mit mehreren Teams und Systemen. Die Teams aus Technik, Produktion und Wirtschaft verwenden jeweils ihre eigenen Tools und Prozesse, was die Zusammenarbeit schwieriger macht, als sie sein sollte. Wir [&hellip;]<\/p>\n","protected":false},"author":1,"featured_media":3061,"parent":0,"menu_order":0,"comment_status":"closed","ping_status":"closed","template":"","meta":{"footnotes":""},"class_list":["post-3894","page","type-page","status-publish","has-post-thumbnail","hentry"],"_links":{"self":[{"href":"https:\/\/www.sykorait.com\/de\/wp-json\/wp\/v2\/pages\/3894","targetHints":{"allow":["GET"]}}],"collection":[{"href":"https:\/\/www.sykorait.com\/de\/wp-json\/wp\/v2\/pages"}],"about":[{"href":"https:\/\/www.sykorait.com\/de\/wp-json\/wp\/v2\/types\/page"}],"author":[{"embeddable":true,"href":"https:\/\/www.sykorait.com\/de\/wp-json\/wp\/v2\/users\/1"}],"replies":[{"embeddable":true,"href":"https:\/\/www.sykorait.com\/de\/wp-json\/wp\/v2\/comments?post=3894"}],"version-history":[{"count":10,"href":"https:\/\/www.sykorait.com\/de\/wp-json\/wp\/v2\/pages\/3894\/revisions"}],"predecessor-version":[{"id":6719,"href":"https:\/\/www.sykorait.com\/de\/wp-json\/wp\/v2\/pages\/3894\/revisions\/6719"}],"wp:featuredmedia":[{"embeddable":true,"href":"https:\/\/www.sykorait.com\/de\/wp-json\/wp\/v2\/media\/3061"}],"wp:attachment":[{"href":"https:\/\/www.sykorait.com\/de\/wp-json\/wp\/v2\/media?parent=3894"}],"curies":[{"name":"wp","href":"https:\/\/api.w.org\/{rel}","templated":true}]}}