{"id":3875,"date":"2025-06-18T17:50:03","date_gmt":"2025-06-18T15:50:03","guid":{"rendered":"https:\/\/www.sykorait.com\/energie\/"},"modified":"2026-03-22T18:59:37","modified_gmt":"2026-03-22T17:59:37","slug":"energie","status":"publish","type":"page","link":"https:\/\/www.sykorait.com\/de\/energie\/","title":{"rendered":"Energie"},"content":{"rendered":"\t\t<div data-elementor-type=\"wp-page\" data-elementor-id=\"3875\" class=\"elementor elementor-3875 elementor-2422\" data-elementor-post-type=\"page\">\n\t\t\t\t<div class=\"elementor-element elementor-element-2b8688f2 e-flex e-con-boxed e-con e-parent\" data-id=\"2b8688f2\" data-element_type=\"container\" data-e-type=\"container\" data-settings=\"{&quot;background_background&quot;:&quot;classic&quot;}\">\n\t\t\t\t\t<div class=\"e-con-inner\">\n\t\t<div class=\"elementor-element elementor-element-1e489bf1 e-flex e-con-boxed e-con e-child\" data-id=\"1e489bf1\" data-element_type=\"container\" data-e-type=\"container\">\n\t\t\t\t\t<div class=\"e-con-inner\">\n\t\t\t\t<div class=\"elementor-element elementor-element-6a299b5b elementor-widget elementor-widget-heading\" data-id=\"6a299b5b\" data-element_type=\"widget\" data-e-type=\"widget\" data-widget_type=\"heading.default\">\n\t\t\t\t<div class=\"elementor-widget-container\">\n\t\t\t\t\t<h1 class=\"elementor-heading-title elementor-size-default\">Energie<\/h1>\t\t\t\t<\/div>\n\t\t\t\t<\/div>\n\t\t\t\t<div class=\"elementor-element elementor-element-6fa5ae4d elementor-widget elementor-widget-heading\" data-id=\"6fa5ae4d\" data-element_type=\"widget\" data-e-type=\"widget\" data-widget_type=\"heading.default\">\n\t\t\t\t<div class=\"elementor-widget-container\">\n\t\t\t\t\t<h2 class=\"elementor-heading-title elementor-size-default\">Von Prozessen zur Intelligenz: Automatisieren mit KI<\/h2>\t\t\t\t<\/div>\n\t\t\t\t<\/div>\n\t\t\t\t\t<\/div>\n\t\t\t\t<\/div>\n\t\t\t\t\t<\/div>\n\t\t\t\t<\/div>\n\t\t<div class=\"elementor-element elementor-element-71142923 e-flex e-con-boxed e-con e-parent\" data-id=\"71142923\" data-element_type=\"container\" data-e-type=\"container\" data-settings=\"{&quot;background_background&quot;:&quot;classic&quot;}\">\n\t\t\t\t\t<div class=\"e-con-inner\">\n\t\t<div class=\"elementor-element elementor-element-9b3bf23 e-con-full e-flex e-con e-child\" data-id=\"9b3bf23\" data-element_type=\"container\" data-e-type=\"container\">\n\t\t<div class=\"elementor-element elementor-element-6596e18c e-con-full animated-fast e-flex e-con e-child\" data-id=\"6596e18c\" data-element_type=\"container\" data-e-type=\"container\" data-settings=\"{&quot;animation&quot;:&quot;none&quot;,&quot;animation_delay&quot;:750}\">\n\t\t\t\t<div class=\"elementor-element elementor-element-794a85d5 elementor-widget__width-initial elementor-widget elementor-widget-heading\" data-id=\"794a85d5\" data-element_type=\"widget\" data-e-type=\"widget\" data-widget_type=\"heading.default\">\n\t\t\t\t<div class=\"elementor-widget-container\">\n\t\t\t\t\t<h2 class=\"elementor-heading-title elementor-size-default\">Zuverl\u00e4ssige IT-Dienste f\u00fcr den Energiebetrieb<\/h2>\t\t\t\t<\/div>\n\t\t\t\t<\/div>\n\t\t\t\t<div class=\"elementor-element elementor-element-4da0f56 elementor-widget elementor-widget-text-editor\" data-id=\"4da0f56\" data-element_type=\"widget\" data-e-type=\"widget\" data-widget_type=\"text-editor.default\">\n\t\t\t\t<div class=\"elementor-widget-container\">\n\t\t\t\t\t\t\t\t\t<div><div><p data-start=\"608\" data-end=\"927\">Im Energiesektor sind IT-Dienste f\u00fcr den t\u00e4glichen Betrieb von entscheidender Bedeutung. Gleichzeitig sind viele Prozesse immer noch manuell, fragmentiert oder schwer team- und system\u00fcbergreifend zu verwalten. Serviceanfragen, Vorf\u00e4lle und \u00c4nderungen erfordern oft zu viel Koordination, und wichtige Informationen sind nicht immer verf\u00fcgbar, wenn sie ben\u00f6tigt werden.  <\/p><p data-start=\"929\" data-end=\"1030\">Dies f\u00fchrt zu langsameren Reaktionszeiten, inkonsistenter Servicequalit\u00e4t und unn\u00f6tigem Arbeitsaufwand.<\/p><\/div><\/div><h3>Effiziente Verwaltung von IT-Diensten<\/h3><p data-start=\"167\" data-end=\"412\">Wir helfen Ihnen bei der Entwicklung und Implementierung von ITSM-Prozessen, die in Ihrer realen Umgebung funktionieren. Mit Tools wie Jira Service Management oder USU Service Management schaffen wir einen strukturierten und transparenten Weg zur Verwaltung von Vorf\u00e4llen, Serviceanfragen und \u00c4nderungen. <\/p><p data-start=\"414\" data-end=\"545\">Ihre Teams erhalten einen besseren \u00dcberblick, klarere Verantwortlichkeiten und schnellere Reaktionszeiten. Prozesse werden einfacher zu verwalten und zu skalieren. <\/p><h3>KI in ITSM-Prozessen<\/h3><p data-start=\"1507\" data-end=\"1670\">Wir bringen KI in Ihre ITSM-Prozesse ein, wo es sinnvoll ist. Routineaufgaben wie die Klassifizierung von Tickets, die Weiterleitung, das Abrufen von Wissen oder die Berichterstattung k\u00f6nnen automatisiert werden. <\/p><p data-start=\"1672\" data-end=\"1807\">Dies reduziert den manuellen Aufwand und hilft Ihren Teams, sich auf die L\u00f6sung echter Probleme zu konzentrieren. KI unterst\u00fctzt Ihre Serviceteams ohne zus\u00e4tzliche Komplexit\u00e4t. <\/p>\t\t\t\t\t\t\t\t<\/div>\n\t\t\t\t<\/div>\n\t\t\t\t<\/div>\n\t\t\t\t<\/div>\n\t\t\t\t<div class=\"elementor-element elementor-element-6b9b5b41 elementor-widget elementor-widget-heading\" data-id=\"6b9b5b41\" data-element_type=\"widget\" data-e-type=\"widget\" data-widget_type=\"heading.default\">\n\t\t\t\t<div class=\"elementor-widget-container\">\n\t\t\t\t\t<h2 class=\"elementor-heading-title elementor-size-default\">Unsere L\u00f6sungen<\/h2>\t\t\t\t<\/div>\n\t\t\t\t<\/div>\n\t\t\t\t<div class=\"elementor-element elementor-element-5c677da elementor-widget elementor-widget-text-editor\" data-id=\"5c677da\" data-element_type=\"widget\" data-e-type=\"widget\" data-widget_type=\"text-editor.default\">\n\t\t\t\t<div class=\"elementor-widget-container\">\n\t\t\t\t\t\t\t\t\t<p data-start=\"1882\" data-end=\"1976\">Unsere L\u00f6sungen basieren auf bew\u00e4hrten Plattformen und werden bei Bedarf durch kundenspezifische Entwicklungen erweitert.<\/p><p data-start=\"1978\" data-end=\"2246\">Wir verwenden Atlassian Jira Service Management und Confluence, um Services zu verwalten und Wissen zu strukturieren. Rovo erm\u00f6glicht KI-Unterst\u00fctzung direkt in Ihren Arbeitsabl\u00e4ufen. F\u00fcr fortgeschrittene Szenarien entwickeln wir ma\u00dfgeschneiderte KI-L\u00f6sungen auf Microsoft Azure und integrieren sie in Ihre Umgebung.  <\/p><p data-start=\"2248\" data-end=\"2314\">Das Ergebnis ist ein zuverl\u00e4ssiges und effizientes ITSM-System, das durch KI unterst\u00fctzt wird.<\/p>\t\t\t\t\t\t\t\t<\/div>\n\t\t\t\t<\/div>\n\t\t<div class=\"elementor-element elementor-element-a3288e4 e-con-full e-flex e-con e-child\" data-id=\"a3288e4\" data-element_type=\"container\" data-e-type=\"container\">\n\t\t<div class=\"elementor-element elementor-element-410a8806 e-con-full animated-fast e-flex e-con e-child\" data-id=\"410a8806\" data-element_type=\"container\" data-e-type=\"container\" data-settings=\"{&quot;background_background&quot;:&quot;classic&quot;,&quot;animation&quot;:&quot;none&quot;,&quot;animation_delay&quot;:1000}\">\n\t\t<div class=\"elementor-element elementor-element-293431fc e-con-full e-flex e-con e-child\" data-id=\"293431fc\" data-element_type=\"container\" data-e-type=\"container\">\n\t\t\t\t<div class=\"elementor-element elementor-element-332505b7 elementor-widget elementor-widget-heading\" data-id=\"332505b7\" data-element_type=\"widget\" data-e-type=\"widget\" data-widget_type=\"heading.default\">\n\t\t\t\t<div class=\"elementor-widget-container\">\n\t\t\t\t\t<h2 class=\"elementor-heading-title elementor-size-default\">Churn-Vorhersage<\/h2>\t\t\t\t<\/div>\n\t\t\t\t<\/div>\n\t\t\t\t<div class=\"elementor-element elementor-element-52e1c57a elementor-widget elementor-widget-text-editor\" data-id=\"52e1c57a\" data-element_type=\"widget\" data-e-type=\"widget\" data-widget_type=\"text-editor.default\">\n\t\t\t\t<div class=\"elementor-widget-container\">\n\t\t\t\t\t\t\t\t\t<div>Die KI-gest\u00fctzte Abwanderungsvorhersage hilft Energieversorgern, gef\u00e4hrdete Kunden fr\u00fchzeitig zu identifizieren, sie nach ihrem Wert zu priorisieren und gezielte Ma\u00dfnahmen zu ergreifen, um die Kundenbindung zu verbessern und den Umsatz zu sichern.<\/div><div><a href=\"https:\/\/www.sykorait.com\/de\/stoppen-sie-die-abwanderung-bevor-sie-anfaengt-vorhersage-priorisierung-und-bindung-ihrer-energiekunden\/\">Mehr erfahren<\/a><\/div>\t\t\t\t\t\t\t\t<\/div>\n\t\t\t\t<\/div>\n\t\t\t\t<\/div>\n\t\t\t\t<\/div>\n\t\t<div class=\"elementor-element elementor-element-5b804d7 e-con-full animated-fast e-flex e-con e-child\" data-id=\"5b804d7\" data-element_type=\"container\" data-e-type=\"container\" data-settings=\"{&quot;background_background&quot;:&quot;classic&quot;,&quot;animation&quot;:&quot;none&quot;,&quot;animation_delay&quot;:1000}\">\n\t\t<div class=\"elementor-element elementor-element-7307eab e-con-full e-flex e-con e-child\" data-id=\"7307eab\" data-element_type=\"container\" data-e-type=\"container\">\n\t\t\t\t<div class=\"elementor-element elementor-element-bfdedac elementor-widget elementor-widget-heading\" data-id=\"bfdedac\" data-element_type=\"widget\" data-e-type=\"widget\" data-widget_type=\"heading.default\">\n\t\t\t\t<div class=\"elementor-widget-container\">\n\t\t\t\t\t<h2 class=\"elementor-heading-title elementor-size-default\">KI-unterst\u00fctztes ITSM auf Basis von Atlassian Jira oder USU Service Management <\/h2>\t\t\t\t<\/div>\n\t\t\t\t<\/div>\n\t\t\t\t<div class=\"elementor-element elementor-element-6c8f74c elementor-widget elementor-widget-text-editor\" data-id=\"6c8f74c\" data-element_type=\"widget\" data-e-type=\"widget\" data-widget_type=\"text-editor.default\">\n\t\t\t\t<div class=\"elementor-widget-container\">\n\t\t\t\t\t\t\t\t\t<div><div>Wir liefern eine ma\u00dfgeschneiderte, funktionierende KI-L\u00f6sung - angepasst an Ihre Umgebung - und bewerten ihre Leistung im realen Einsatz. Auf der Grundlage der Ergebnisse erarbeiten wir Empfehlungen f\u00fcr die Skalierung in die Produktion. <a href=\"https:\/\/www.sykorait.com\/de\/it-dienstleistungsmanagement\/\">Mehr erfahren<\/a><\/div><\/div>\t\t\t\t\t\t\t\t<\/div>\n\t\t\t\t<\/div>\n\t\t\t\t<\/div>\n\t\t\t\t<\/div>\n\t\t<div class=\"elementor-element elementor-element-16dc6697 e-con-full animated-fast e-flex e-con e-child\" data-id=\"16dc6697\" data-element_type=\"container\" data-e-type=\"container\" data-settings=\"{&quot;background_background&quot;:&quot;classic&quot;,&quot;animation&quot;:&quot;none&quot;,&quot;animation_delay&quot;:750}\">\n\t\t<div class=\"elementor-element elementor-element-7d5e8f65 e-con-full e-flex e-con e-child\" data-id=\"7d5e8f65\" data-element_type=\"container\" data-e-type=\"container\">\n\t\t\t\t<div class=\"elementor-element elementor-element-20475888 elementor-widget elementor-widget-heading\" data-id=\"20475888\" data-element_type=\"widget\" data-e-type=\"widget\" data-widget_type=\"heading.default\">\n\t\t\t\t<div class=\"elementor-widget-container\">\n\t\t\t\t\t<h2 class=\"elementor-heading-title elementor-size-default\">KI-Agenten f\u00fcr ITSM-Prozesse<\/h2>\t\t\t\t<\/div>\n\t\t\t\t<\/div>\n\t\t\t\t<div class=\"elementor-element elementor-element-531cdca4 elementor-widget elementor-widget-text-editor\" data-id=\"531cdca4\" data-element_type=\"widget\" data-e-type=\"widget\" data-widget_type=\"text-editor.default\">\n\t\t\t\t<div class=\"elementor-widget-container\">\n\t\t\t\t\t\t\t\t\t<p>Basierend auf <a href=\"https:\/\/www.sykorait.com\/de\/atlassian-rovo\/\">Atlassian Rovo<\/a> und MS Azure AI. Automatisieren Sie routinem\u00e4\u00dfige Serviceaufgaben, verk\u00fcrzen Sie die L\u00f6sungszeiten und stellen Sie eine gleichbleibende Servicequalit\u00e4t sicher.  Verbessern Sie die Kundenzufriedenheit und geben Sie Ihrem Team den n\u00f6tigen Freiraum, um sich auf hochwertige Initiativen zu konzentrieren.  <a href=\"https:\/\/www.sykorait.com\/de\/ki-agenten-fuer-ihr-unternehmen\/\">Mehr erfahren<\/a><\/p>\t\t\t\t\t\t\t\t<\/div>\n\t\t\t\t<\/div>\n\t\t\t\t<\/div>\n\t\t\t\t<\/div>\n\t\t\t\t<\/div>\n\t\t\t\t<div class=\"elementor-element elementor-element-1d317c8 elementor-widget elementor-widget-text-editor\" data-id=\"1d317c8\" data-element_type=\"widget\" data-e-type=\"widget\" data-widget_type=\"text-editor.default\">\n\t\t\t\t<div class=\"elementor-widget-container\">\n\t\t\t\t\t\t\t\t\t<h3 data-start=\"1188\" data-end=\"1515\">Lass uns sprechen<\/h3><article class=\"text-token-text-primary w-full\" dir=\"auto\" data-testid=\"conversation-turn-20\" data-scroll-anchor=\"true\"><div class=\"text-base my-auto mx-auto py-5 [--thread-content-margin:--spacing(4)] @[37rem]:[--thread-content-margin:--spacing(6)] @[72rem]:[--thread-content-margin:--spacing(16)] px-(--thread-content-margin)\"><div class=\"[--thread-content-max-width:32rem] @[34rem]:[--thread-content-max-width:40rem] @[64rem]:[--thread-content-max-width:48rem] mx-auto flex max-w-(--thread-content-max-width) flex-1 text-base gap-4 md:gap-5 lg:gap-6 group\/turn-messages focus-visible:outline-hidden\" tabindex=\"-1\"><div class=\"group\/conversation-turn relative flex w-full min-w-0 flex-col agent-turn\"><div class=\"relative flex-col gap-1 md:gap-3\"><div class=\"flex max-w-full flex-col grow\"><div class=\"min-h-8 text-message relative flex w-full flex-col items-end gap-2 text-start break-words whitespace-normal [.text-message+&amp;]:mt-5\" dir=\"auto\" data-message-author-role=\"assistant\" data-message-id=\"4db3fed6-eac3-48f0-a8e5-f494121fa5e1\" data-message-model-slug=\"gpt-4o\"><div class=\"flex w-full flex-col gap-1 empty:hidden first:pt-[3px]\"><div class=\"markdown prose dark:prose-invert w-full break-words light\"><article class=\"text-token-text-primary w-full\" dir=\"auto\" data-testid=\"conversation-turn-20\" data-scroll-anchor=\"true\"><div class=\"text-base my-auto mx-auto py-5 [--thread-content-margin:--spacing(4)] @[37rem]:[--thread-content-margin:--spacing(6)] @[72rem]:[--thread-content-margin:--spacing(16)] px-(--thread-content-margin)\"><div class=\"[--thread-content-max-width:32rem] @[34rem]:[--thread-content-max-width:40rem] @[64rem]:[--thread-content-max-width:48rem] mx-auto flex max-w-(--thread-content-max-width) flex-1 text-base gap-4 md:gap-5 lg:gap-6 group\/turn-messages focus-visible:outline-hidden\" tabindex=\"-1\"><div class=\"group\/conversation-turn relative flex w-full min-w-0 flex-col agent-turn\"><div class=\"relative flex-col gap-1 md:gap-3\"><div class=\"flex max-w-full flex-col grow\"><div class=\"min-h-8 text-message relative flex w-full flex-col items-end gap-2 text-start break-words whitespace-normal [.text-message+&amp;]:mt-5\" dir=\"auto\" data-message-author-role=\"assistant\" data-message-id=\"4db3fed6-eac3-48f0-a8e5-f494121fa5e1\" data-message-model-slug=\"gpt-4o\"><div class=\"flex w-full flex-col gap-1 empty:hidden first:pt-[3px]\"><div class=\"markdown prose dark:prose-invert w-full break-words light\"><p>Haben Sie einen konkreten Anwendungsfall, den Sie pr\u00fcfen m\u00f6chten, oder interessieren Sie sich daf\u00fcr, unsere L\u00f6sungen live zu erleben? <a href=\"https:\/\/www.sykorait.com\/de\/kontakte\/\">Kontaktieren Sie uns<\/a> \u2013 wir freuen uns darauf, mehr \u00fcber Ihre Anforderungen zu erfahren und Ihnen zu zeigen, wie wir Sie unterst\u00fctzen k\u00f6nnen. <\/p><article class=\"text-token-text-primary w-full\" dir=\"auto\" data-testid=\"conversation-turn-20\" data-scroll-anchor=\"true\"><div class=\"text-base my-auto mx-auto py-5 [--thread-content-margin:--spacing(4)] @[37rem]:[--thread-content-margin:--spacing(6)] @[72rem]:[--thread-content-margin:--spacing(16)] px-(--thread-content-margin)\"><div class=\"[--thread-content-max-width:32rem] @[34rem]:[--thread-content-max-width:40rem] @[64rem]:[--thread-content-max-width:48rem] mx-auto flex max-w-(--thread-content-max-width) flex-1 text-base gap-4 md:gap-5 lg:gap-6 group\/turn-messages focus-visible:outline-hidden\" tabindex=\"-1\"><div class=\"group\/conversation-turn relative flex w-full min-w-0 flex-col agent-turn\"><div class=\"relative flex-col gap-1 md:gap-3\"><div class=\"flex max-w-full flex-col grow\"><div class=\"min-h-8 text-message relative flex w-full flex-col items-end gap-2 text-start break-words whitespace-normal [.text-message+&amp;]:mt-5\" dir=\"auto\" data-message-author-role=\"assistant\" data-message-id=\"4db3fed6-eac3-48f0-a8e5-f494121fa5e1\" data-message-model-slug=\"gpt-4o\"><div class=\"flex w-full flex-col gap-1 empty:hidden first:pt-[3px]\"><div class=\"markdown prose dark:prose-invert w-full break-words light\"><p data-start=\"100\" data-end=\"308\" data-is-last-node=\"\" data-is-only-node=\"\">Ein gezielter Workshop ist ein guter Einstieg.<\/p><\/div><\/div><\/div><\/div><\/div><\/div><\/div><\/div><\/article><\/div><\/div><\/div><\/div><\/div><\/div><\/div><\/div><\/article><\/div><\/div><\/div><\/div><\/div><\/div><\/div><\/div><\/article>\t\t\t\t\t\t\t\t<\/div>\n\t\t\t\t<\/div>\n\t\t\t\t\t<\/div>\n\t\t\t\t<\/div>\n\t\t<div class=\"elementor-element elementor-element-e14428e e-flex e-con-boxed e-con e-parent\" data-id=\"e14428e\" data-element_type=\"container\" data-e-type=\"container\" data-settings=\"{&quot;background_background&quot;:&quot;classic&quot;}\">\n\t\t\t\t\t<div class=\"e-con-inner\">\n\t\t<div class=\"elementor-element elementor-element-039cff7 e-grid e-con-full e-con e-child\" data-id=\"039cff7\" data-element_type=\"container\" data-e-type=\"container\">\n\t\t<div class=\"elementor-element elementor-element-818b98c e-con-full e-flex e-con e-child\" data-id=\"818b98c\" data-element_type=\"container\" data-e-type=\"container\">\n\t\t\t\t<div class=\"elementor-element elementor-element-ff2ec6f elementor-widget elementor-widget-heading\" data-id=\"ff2ec6f\" data-element_type=\"widget\" data-e-type=\"widget\" data-widget_type=\"heading.default\">\n\t\t\t\t<div class=\"elementor-widget-container\">\n\t\t\t\t\t<h2 class=\"elementor-heading-title elementor-size-default\">Mehr lesen<\/h2>\t\t\t\t<\/div>\n\t\t\t\t<\/div>\n\t\t\t\t<\/div>\n\t\t\t\t<\/div>\n\t\t<div class=\"elementor-element elementor-element-a17e33b e-grid e-con-full e-con e-child\" data-id=\"a17e33b\" data-element_type=\"container\" data-e-type=\"container\">\n\t\t<div class=\"elementor-element elementor-element-bd98ffc e-con-full e-flex e-con e-child\" data-id=\"bd98ffc\" data-element_type=\"container\" data-e-type=\"container\">\n\t\t\t\t<div class=\"elementor-element elementor-element-c088a3b elementor-grid-3 elementor-grid-tablet-2 elementor-grid-mobile-1 elementor-posts--thumbnail-top elementor-widget elementor-widget-posts\" data-id=\"c088a3b\" data-element_type=\"widget\" data-e-type=\"widget\" data-settings=\"{&quot;classic_masonry&quot;:&quot;yes&quot;,&quot;classic_columns&quot;:&quot;3&quot;,&quot;classic_columns_tablet&quot;:&quot;2&quot;,&quot;classic_columns_mobile&quot;:&quot;1&quot;,&quot;classic_row_gap&quot;:{&quot;unit&quot;:&quot;px&quot;,&quot;size&quot;:35,&quot;sizes&quot;:[]},&quot;classic_row_gap_tablet&quot;:{&quot;unit&quot;:&quot;px&quot;,&quot;size&quot;:&quot;&quot;,&quot;sizes&quot;:[]},&quot;classic_row_gap_mobile&quot;:{&quot;unit&quot;:&quot;px&quot;,&quot;size&quot;:&quot;&quot;,&quot;sizes&quot;:[]}}\" data-widget_type=\"posts.classic\">\n\t\t\t\t<div class=\"elementor-widget-container\">\n\t\t\t\t\t\t\t<div class=\"elementor-posts-container elementor-posts elementor-posts--skin-classic elementor-grid\" role=\"list\">\n\t\t\t\t<article class=\"elementor-post elementor-grid-item post-4943 post type-post status-publish format-standard has-post-thumbnail hentry category-sykorait-blog tag-all-industries tag-homepage tag-itsm\" role=\"listitem\">\n\t\t\t\t<a class=\"elementor-post__thumbnail__link\" href=\"https:\/\/www.sykorait.com\/de\/it-asset-management-in-jira-assets\/\" tabindex=\"-1\">\n\t\t\t<div class=\"elementor-post__thumbnail\"><img fetchpriority=\"high\" decoding=\"async\" width=\"800\" height=\"532\" src=\"https:\/\/www.sykorait.com\/wp-content\/uploads\/2025\/10\/Screenshot-2025-10-09-at-16.49.07-1-1024x681.png\" class=\"attachment-large size-large wp-image-4987\" alt=\"IT Asset Management in Jira Assets\" \/><\/div>\n\t\t<\/a>\n\t\t\t\t<div class=\"elementor-post__text\">\n\t\t\t\t<h3 class=\"elementor-post__title\">\n\t\t\t<a href=\"https:\/\/www.sykorait.com\/de\/it-asset-management-in-jira-assets\/\">\n\t\t\t\tIT Asset Management in Jira Assets\t\t\t<\/a>\n\t\t<\/h3>\n\t\t\t\t<div class=\"elementor-post__excerpt\">\n\t\t\t<p>Why IT Asset Management matters? Managing IT assets has become a&nbsp;critical discipline for modern organizations. From laptops and servers to cloud subscriptions and software licenses, having a&nbsp;clear and reliable overview of your assets is essential for: Cost control - avoid paying for unused or duplicate licenses. Compliance - meet regulatory<\/p>\n\t\t<\/div>\n\t\t\t\t<\/div>\n\t\t\t\t<\/article>\n\t\t\t\t<article class=\"elementor-post elementor-grid-item post-4474 post type-post status-publish format-standard has-post-thumbnail hentry category-sykorait-blog tag-ai-agents tag-all-industries tag-banking tag-energy tag-manufacturing tag-rovo-article tag-saas\" role=\"listitem\">\n\t\t\t\t<a class=\"elementor-post__thumbnail__link\" href=\"https:\/\/www.sykorait.com\/de\/how-we-build-value-with-atlassian-rovo-and-forge\/\" tabindex=\"-1\">\n\t\t\t<div class=\"elementor-post__thumbnail\"><img decoding=\"async\" width=\"800\" height=\"450\" src=\"https:\/\/www.sykorait.com\/wp-content\/uploads\/2025\/10\/1759070474853-1024x576.png\" class=\"attachment-large size-large wp-image-4475\" alt=\"How We Build Value with Atlassian Rovo and Forge\" srcset=\"https:\/\/www.sykorait.com\/wp-content\/uploads\/2025\/10\/1759070474853-1024x576.png 1024w, https:\/\/www.sykorait.com\/wp-content\/uploads\/2025\/10\/1759070474853-300x169.png 300w, https:\/\/www.sykorait.com\/wp-content\/uploads\/2025\/10\/1759070474853-768x432.png 768w, https:\/\/www.sykorait.com\/wp-content\/uploads\/2025\/10\/1759070474853.png 1280w\" sizes=\"(max-width: 800px) 100vw, 800px\" \/><\/div>\n\t\t<\/a>\n\t\t\t\t<div class=\"elementor-post__text\">\n\t\t\t\t<h3 class=\"elementor-post__title\">\n\t\t\t<a href=\"https:\/\/www.sykorait.com\/de\/how-we-build-value-with-atlassian-rovo-and-forge\/\">\n\t\t\t\tHow We Build Value with Atlassian Rovo and Forge\t\t\t<\/a>\n\t\t<\/h3>\n\t\t\t\t<div class=\"elementor-post__excerpt\">\n\t\t\t<p>Why Customization is the Key to Real Value from Rovo AI These days we hear about AI everywhere, all the time. It transforms the way we work, automates tasks, and brings possibilities we hadn\u2019t even thought about a&nbsp;few years ago. Atlassian, with their AI features and especially Rovo, belongs among<\/p>\n\t\t<\/div>\n\t\t\t\t<\/div>\n\t\t\t\t<\/article>\n\t\t\t\t<article class=\"elementor-post elementor-grid-item post-4449 post type-post status-publish format-standard has-post-thumbnail hentry category-events tag-all-industries tag-banking tag-energy tag-itsm tag-manufacturing tag-saas\" role=\"listitem\">\n\t\t\t\t<a class=\"elementor-post__thumbnail__link\" href=\"https:\/\/www.sykorait.com\/de\/manage-azure-assets-in-jira-cloud-webinar\/\" tabindex=\"-1\">\n\t\t\t<div class=\"elementor-post__thumbnail\"><img decoding=\"async\" width=\"800\" height=\"450\" src=\"https:\/\/www.sykorait.com\/wp-content\/uploads\/2025\/06\/Grafika-Webinare-Zalohovani-Asset-Management-1024x576.jpg\" class=\"attachment-large size-large wp-image-2718\" alt=\"Manage Azure Assets in Jira Cloud\" srcset=\"https:\/\/www.sykorait.com\/wp-content\/uploads\/2025\/06\/Grafika-Webinare-Zalohovani-Asset-Management-1024x576.jpg 1024w, https:\/\/www.sykorait.com\/wp-content\/uploads\/2025\/06\/Grafika-Webinare-Zalohovani-Asset-Management-300x169.jpg 300w, https:\/\/www.sykorait.com\/wp-content\/uploads\/2025\/06\/Grafika-Webinare-Zalohovani-Asset-Management-768x432.jpg 768w, https:\/\/www.sykorait.com\/wp-content\/uploads\/2025\/06\/Grafika-Webinare-Zalohovani-Asset-Management-1536x864.jpg 1536w, https:\/\/www.sykorait.com\/wp-content\/uploads\/2025\/06\/Grafika-Webinare-Zalohovani-Asset-Management.jpg 1920w\" sizes=\"(max-width: 800px) 100vw, 800px\" \/><\/div>\n\t\t<\/a>\n\t\t\t\t<div class=\"elementor-post__text\">\n\t\t\t\t<h3 class=\"elementor-post__title\">\n\t\t\t<a href=\"https:\/\/www.sykorait.com\/de\/manage-azure-assets-in-jira-cloud-webinar\/\">\n\t\t\t\tManage Azure Assets in Jira Cloud Webinar\t\t\t<\/a>\n\t\t<\/h3>\n\t\t\t\t<div class=\"elementor-post__excerpt\">\n\t\t\t<p>How to manage Assets in Jira Join us for a&nbsp;practical webinar on building an effective Cloud Asset Management platform in Jira Service Management Cloud using our app Azure Sync for Jira Assets. See\u00a0 how Rovo Agents can improve the process. Request for recording After filling out the form, we will<\/p>\n\t\t<\/div>\n\t\t\t\t<\/div>\n\t\t\t\t<\/article>\n\t\t\t\t<\/div>\n\t\t\n\t\t\t\t\t\t<\/div>\n\t\t\t\t<\/div>\n\t\t\t\t<\/div>\n\t\t\t\t<\/div>\n\t\t\t\t\t<\/div>\n\t\t\t\t<\/div>\n\t\t\t\t<\/div>\n\t\t","protected":false},"excerpt":{"rendered":"<p>Von Prozessen zur Intelligenz: Automatisieren mit KI Zuverl\u00e4ssige IT-Dienste f\u00fcr den Energiebetrieb Im Energiesektor sind IT-Dienste f\u00fcr den t\u00e4glichen Betrieb von entscheidender Bedeutung. Gleichzeitig sind viele Prozesse immer noch manuell, fragmentiert oder schwer team- und system\u00fcbergreifend zu verwalten. Serviceanfragen, Vorf\u00e4lle und \u00c4nderungen erfordern oft zu viel Koordination, und wichtige Informationen sind nicht immer verf\u00fcgbar, wenn [&hellip;]<\/p>\n","protected":false},"author":1,"featured_media":3043,"parent":0,"menu_order":0,"comment_status":"closed","ping_status":"closed","template":"","meta":{"footnotes":""},"class_list":["post-3875","page","type-page","status-publish","has-post-thumbnail","hentry"],"_links":{"self":[{"href":"https:\/\/www.sykorait.com\/de\/wp-json\/wp\/v2\/pages\/3875","targetHints":{"allow":["GET"]}}],"collection":[{"href":"https:\/\/www.sykorait.com\/de\/wp-json\/wp\/v2\/pages"}],"about":[{"href":"https:\/\/www.sykorait.com\/de\/wp-json\/wp\/v2\/types\/page"}],"author":[{"embeddable":true,"href":"https:\/\/www.sykorait.com\/de\/wp-json\/wp\/v2\/users\/1"}],"replies":[{"embeddable":true,"href":"https:\/\/www.sykorait.com\/de\/wp-json\/wp\/v2\/comments?post=3875"}],"version-history":[{"count":6,"href":"https:\/\/www.sykorait.com\/de\/wp-json\/wp\/v2\/pages\/3875\/revisions"}],"predecessor-version":[{"id":6622,"href":"https:\/\/www.sykorait.com\/de\/wp-json\/wp\/v2\/pages\/3875\/revisions\/6622"}],"wp:featuredmedia":[{"embeddable":true,"href":"https:\/\/www.sykorait.com\/de\/wp-json\/wp\/v2\/media\/3043"}],"wp:attachment":[{"href":"https:\/\/www.sykorait.com\/de\/wp-json\/wp\/v2\/media?parent=3875"}],"curies":[{"name":"wp","href":"https:\/\/api.w.org\/{rel}","templated":true}]}}