{"id":7323,"date":"2026-04-17T22:53:01","date_gmt":"2026-04-17T20:53:01","guid":{"rendered":"https:\/\/www.sykorait.com\/kyberneticka-bezpecnost-a-dodrzovani-predpisu\/"},"modified":"2026-05-01T19:14:29","modified_gmt":"2026-05-01T17:14:29","slug":"kyberneticka-bezpecnost-a-dodrzovani-predpisu","status":"publish","type":"page","link":"https:\/\/www.sykorait.com\/cs\/kyberneticka-bezpecnost-a-dodrzovani-predpisu\/","title":{"rendered":"Kybernetick\u00e1 bezpe\u010dnost a&nbsp;regulace"},"content":{"rendered":"\t\t<div data-elementor-type=\"wp-page\" data-elementor-id=\"7323\" class=\"elementor elementor-7323 elementor-6846\" data-elementor-post-type=\"page\">\n\t\t\t\t<div class=\"elementor-element elementor-element-3f6362b e-flex e-con-boxed e-con e-parent\" data-id=\"3f6362b\" data-element_type=\"container\" data-e-type=\"container\" data-settings=\"{&quot;background_background&quot;:&quot;classic&quot;}\">\n\t\t\t\t\t<div class=\"e-con-inner\">\n\t\t<div class=\"elementor-element elementor-element-10cd1ae e-flex e-con-boxed e-con e-child\" data-id=\"10cd1ae\" data-element_type=\"container\" data-e-type=\"container\">\n\t\t\t\t\t<div class=\"e-con-inner\">\n\t\t\t\t<div class=\"elementor-element elementor-element-da75d7f elementor-widget elementor-widget-heading\" data-id=\"da75d7f\" data-element_type=\"widget\" data-e-type=\"widget\" data-widget_type=\"heading.default\">\n\t\t\t\t<div class=\"elementor-widget-container\">\n\t\t\t\t\t<h1 class=\"elementor-heading-title elementor-size-default\">Kybernetick\u00e1 bezpe\u010dnost a&nbsp;regulace<\/h1>\t\t\t\t<\/div>\n\t\t\t\t<\/div>\n\t\t\t\t<div class=\"elementor-element elementor-element-47cb50f elementor-widget elementor-widget-heading\" data-id=\"47cb50f\" data-element_type=\"widget\" data-e-type=\"widget\" data-widget_type=\"heading.default\">\n\t\t\t\t<div class=\"elementor-widget-container\">\n\t\t\t\t\t<h2 class=\"elementor-heading-title elementor-size-default\">Zabezpe\u010dte va\u0161i organizaci. Z\u016fsta\u0148te v&nbsp;souladu s&nbsp;p\u0159edpisy.  <\/h2>\t\t\t\t<\/div>\n\t\t\t\t<\/div>\n\t\t\t\t\t<\/div>\n\t\t\t\t<\/div>\n\t\t\t\t\t<\/div>\n\t\t\t\t<\/div>\n\t\t<div class=\"elementor-element elementor-element-6bfe675 e-flex e-con-boxed e-con e-parent\" data-id=\"6bfe675\" data-element_type=\"container\" data-e-type=\"container\" data-settings=\"{&quot;background_background&quot;:&quot;classic&quot;}\">\n\t\t\t\t\t<div class=\"e-con-inner\">\n\t\t<div class=\"elementor-element elementor-element-267ef45 e-con-full e-flex e-con e-child\" data-id=\"267ef45\" data-element_type=\"container\" data-e-type=\"container\">\n\t\t\t\t<div class=\"elementor-element elementor-element-9c4c000 elementor-widget elementor-widget-text-editor\" data-id=\"9c4c000\" data-element_type=\"widget\" data-e-type=\"widget\" data-widget_type=\"text-editor.default\">\n\t\t\t\t<div class=\"elementor-widget-container\">\n\t\t\t\t\t\t\t\t\t<h2 data-start=\"188\" data-end=\"431\">Kybernetick\u00e1 bezpe\u010dnost a&nbsp;dodr\u017eov\u00e1n\u00ed p\u0159edpis\u016f se spole\u010dnost\u00ed Sykora IT &amp; Cybreg<\/h2><p data-start=\"188\" data-end=\"431\">Digit\u00e1ln\u00ed transformace p\u0159in\u00e1\u0161\u00ed rychlost a&nbsp;inovace, ale tak\u00e9 rostouc\u00ed regula\u010dn\u00ed tlak a&nbsp;rizika kybernetick\u00e9 bezpe\u010dnosti. Ve spole\u010dnosti Sykora IT pom\u00e1h\u00e1me organizac\u00edm zvl\u00e1dat tuto slo\u017eitost prost\u0159ednictv\u00edm odborn\u00e9ho poradenstv\u00ed, automatizace a&nbsp;modern\u00edch n\u00e1stroj\u016f pro zaji\u0161t\u011bn\u00ed souladu s&nbsp;p\u0159edpisy. <\/p><p data-start=\"188\" data-end=\"431\">Spole\u010dn\u011b s&nbsp;na\u0161\u00edm partnerem <a href=\"https:\/\/www.cybreg.cz\" target=\"_blank\" rel=\"noopener\">cybreg<\/a> poskytujeme praktick\u00fd a&nbsp;\u0161k\u00e1lovateln\u00fd p\u0159\u00edstup k&nbsp;\u0159\u00edzen\u00ed rizik, spr\u00e1v\u011b kybernetick\u00e9 bezpe\u010dnosti a&nbsp;dodr\u017eov\u00e1n\u00ed p\u0159edpis\u016f.<\/p><p><img fetchpriority=\"high\" decoding=\"async\" class=\"wp-image-6406 size-medium aligncenter\" src=\"https:\/\/www.sykorait.com\/wp-content\/uploads\/2026\/03\/5f18fb14-87da-415a-a7c3-72d8329e0c62-1-300x249.png\" alt=\"Hodnocen\u00ed rizik\" width=\"300\" height=\"249\" srcset=\"https:\/\/www.sykorait.com\/wp-content\/uploads\/2026\/03\/5f18fb14-87da-415a-a7c3-72d8329e0c62-1-300x249.png 300w, https:\/\/www.sykorait.com\/wp-content\/uploads\/2026\/03\/5f18fb14-87da-415a-a7c3-72d8329e0c62-1.png 570w\" sizes=\"(max-width: 300px) 100vw, 300px\" \/><\/p><h2 data-section-id=\"1224e1i\" data-start=\"591\" data-end=\"608\">Pro\u010d na tom z\u00e1le\u017e\u00ed<\/h2><p data-start=\"610\" data-end=\"855\">Organizace \u010del\u00ed rostouc\u00edm po\u017eadavk\u016fm r\u00e1mc\u016f, jako jsou <a href=\"https:\/\/www.cybreg.cz\/nis2\/\" target=\"_blank\" rel=\"noopener\">NIS2<\/a>, <a href=\"https:\/\/www.cybreg.cz\/dora\/\" target=\"_blank\" rel=\"noopener\">DORA<\/a>, ISO 27001, z\u00e1kon o&nbsp;kybernetick\u00e9 odolnosti (CRA) a&nbsp;z\u00e1kon o&nbsp;um\u011bl\u00e9 inteligenci. Sou\u010dasn\u011b se kybernetick\u00e9 hrozby st\u00e1le vyv\u00edjej\u00ed, tak\u017ee manu\u00e1ln\u00ed dodr\u017eov\u00e1n\u00ed p\u0159edpis\u016f zalo\u017een\u00e9 na tabulk\u00e1ch je neudr\u017eiteln\u00e9. <\/p><p data-start=\"857\" data-end=\"966\">Dodr\u017eov\u00e1n\u00ed p\u0159edpis\u016f dnes mus\u00ed b\u00fdt nep\u0159etr\u017eit\u00e9, integrovan\u00e9 do ka\u017edodenn\u00edch \u010dinnost\u00ed a&nbsp;podporovan\u00e9 spr\u00e1vnou technologi\u00ed.<\/p><h2 data-section-id=\"op2ep4\" data-start=\"1408\" data-end=\"1428\">Powered by cybreg<\/h2><p data-start=\"1430\" data-end=\"1509\">Spolupracujeme se spole\u010dnost\u00ed <a href=\"https:\/\/www.cybreg.cz\/\" target=\"_blank\" rel=\"noopener\">cybreg<\/a> a&nbsp;jej\u00ed platformou pro spr\u00e1vu, rizika a&nbsp;dodr\u017eov\u00e1n\u00ed p\u0159edpis\u016f.<\/p><p data-start=\"1430\" data-end=\"1509\"><img decoding=\"async\" class=\"size-medium wp-image-6885 aligncenter\" src=\"https:\/\/www.sykorait.com\/wp-content\/uploads\/2026\/04\/cybreg_symbol_rgb-268x300.jpg\" alt=\"cybreg\" width=\"268\" height=\"300\" srcset=\"https:\/\/www.sykorait.com\/wp-content\/uploads\/2026\/04\/cybreg_symbol_rgb-268x300.jpg 268w, https:\/\/www.sykorait.com\/wp-content\/uploads\/2026\/04\/cybreg_symbol_rgb-915x1024.jpg 915w, https:\/\/www.sykorait.com\/wp-content\/uploads\/2026\/04\/cybreg_symbol_rgb-768x859.jpg 768w, https:\/\/www.sykorait.com\/wp-content\/uploads\/2026\/04\/cybreg_symbol_rgb-1373x1536.jpg 1373w, https:\/\/www.sykorait.com\/wp-content\/uploads\/2026\/04\/cybreg_symbol_rgb.jpg 1459w\" sizes=\"(max-width: 268px) 100vw, 268px\" \/><\/p><p data-start=\"1511\" data-end=\"1762\">Cybreg poskytuje centralizovan\u00e9 \u0159e\u0161en\u00ed pro \u0159\u00edzen\u00ed rizik, kontrol a&nbsp;regula\u010dn\u00edch po\u017eadavk\u016f. Podporuje r\u00e1mce, jako jsou NIS2, DORA, normy ISO a&nbsp;CRA, a&nbsp;z\u00e1rove\u0148 zaji\u0161\u0165uje dokumentaci p\u0159ipravenou k&nbsp;auditu a&nbsp;plnou transparentnost v&nbsp;r\u00e1mci cel\u00e9 organizace. <\/p><p data-start=\"1764\" data-end=\"1866\">M\u00edsto rozt\u0159\u00ed\u0161t\u011bn\u00fdch n\u00e1stroj\u016f z\u00edsk\u00e1te jedin\u00fd strukturovan\u00fd syst\u00e9m pro efektivn\u00ed spr\u00e1vu dodr\u017eov\u00e1n\u00ed p\u0159edpis\u016f.<\/p><h2 data-section-id=\"3a6mhv\" data-start=\"1903\" data-end=\"1919\">Pro\u010d Sykora IT<\/h2><p data-start=\"1921\" data-end=\"2188\">Spole\u010dnost Sykora IT kombinuje odborn\u00e9 znalosti v&nbsp;oblasti automatizace \u0159\u00edzen\u00e9 um\u011blou inteligenc\u00ed s&nbsp;rozs\u00e1hl\u00fdmi zku\u0161enostmi se spr\u00e1vou IT slu\u017eeb a&nbsp;regula\u010dn\u00edm prost\u0159ed\u00edm. Pom\u00e1h\u00e1me organizac\u00edm nejen plnit po\u017eadavky na dodr\u017eov\u00e1n\u00ed p\u0159edpis\u016f, ale tak\u00e9 je udr\u017eiteln\u00fdm a&nbsp;\u0161k\u00e1lovateln\u00fdm zp\u016fsobem integrovat do ka\u017edodenn\u00edch pracovn\u00edch postup\u016f. <\/p><h2 data-section-id=\"1pwv29d\" data-start=\"2195\" data-end=\"2210\">Spojte se s&nbsp;n\u00e1mi<\/h2><p data-start=\"2212\" data-end=\"2311\">Pokud chcete zjednodu\u0161it dodr\u017eov\u00e1n\u00ed p\u0159edpis\u016f a&nbsp;pos\u00edlit svou kybernetickou bezpe\u010dnost, jsme p\u0159ipraveni v\u00e1m pomoci.<\/p><p data-start=\"2313\" data-end=\"2395\" data-is-last-node=\"\" data-is-only-node=\"\"> <\/p>\t\t\t\t\t\t\t\t<\/div>\n\t\t\t\t<\/div>\n\t\t\t\t<\/div>\n\t\t<div class=\"elementor-element elementor-element-48b139a e-con-full animated-fast e-flex e-con e-child\" data-id=\"48b139a\" data-element_type=\"container\" data-e-type=\"container\" data-settings=\"{&quot;animation&quot;:&quot;none&quot;,&quot;animation_delay&quot;:500}\">\n\t\t\t\t<div class=\"elementor-element elementor-element-3fec499 elementor-widget elementor-widget-text-editor\" data-id=\"3fec499\" data-element_type=\"widget\" data-e-type=\"widget\" data-widget_type=\"text-editor.default\">\n\t\t\t\t<div class=\"elementor-widget-container\">\n\t\t\t\t\t\t\t\t\t<p>\ud83d\udc49 <strong>Kontaktujte<\/strong> <strong>n\u00e1s je\u0161t\u011b dnes<\/strong> a&nbsp;zjist\u011bte, jak m\u016f\u017eeme podpo\u0159it va\u0161i spole\u010dnou cestu s&nbsp;<strong>cybregem<\/strong>.<\/p>\t\t\t\t\t\t\t\t<\/div>\n\t\t\t\t<\/div>\n\t\t\t\t<div class=\"elementor-element elementor-element-f106e20 elementor-button-align-center elementor-widget elementor-widget-form\" data-id=\"f106e20\" data-element_type=\"widget\" data-e-type=\"widget\" data-settings=\"{&quot;step_next_label&quot;:&quot;Dal\\u0161\\u00ed&quot;,&quot;step_previous_label&quot;:&quot;P\\u0159edchoz\\u00ed&quot;,&quot;step_type&quot;:&quot;number_text&quot;,&quot;step_icon_shape&quot;:&quot;circle&quot;}\" data-widget_type=\"form.default\">\n\t\t\t\t<div class=\"elementor-widget-container\">\n\t\t\t\t\t\t\t<form class=\"elementor-form\" method=\"post\" name=\"nov\u00fd formul\u00e1\u0159\" aria-label=\"nov\u00fd formul\u00e1\u0159\">\n\t\t\t<input type=\"hidden\" name=\"post_id\" value=\"7323\"\/>\n\t\t\t<input type=\"hidden\" name=\"form_id\" value=\"f106e20\"\/>\n\t\t\t<input type=\"hidden\" name=\"referer_title\" value=\"Kybernetick\u00e1 bezpe\u010dnost a regulace -\" \/>\n\n\t\t\t\t\t\t\t<input type=\"hidden\" name=\"queried_id\" value=\"7323\"\/>\n\t\t\t\n\t\t\t<div class=\"elementor-form-fields-wrapper elementor-labels-above\">\n\t\t\t\t\t\t\t\t<div class=\"elementor-field-type-text elementor-field-group elementor-column elementor-field-group-name elementor-col-100 elementor-field-required\">\n\t\t\t\t\t\t\t\t\t\t\t\t<label for=\"form-field-name\" class=\"elementor-field-label\">\n\t\t\t\t\t\t\t\tN\u00e1zev\t\t\t\t\t\t\t<\/label>\n\t\t\t\t\t\t\t\t\t\t\t\t\t\t<input size=\"1\" type=\"text\" name=\"form_fields[name]\" id=\"form-field-name\" class=\"elementor-field elementor-size-sm  elementor-field-textual\" placeholder=\"N\u00e1zev\" required=\"required\">\n\t\t\t\t\t\t\t\t\t\t\t<\/div>\n\t\t\t\t\t\t\t\t<div class=\"elementor-field-type-email elementor-field-group elementor-column elementor-field-group-email elementor-col-100 elementor-field-required\">\n\t\t\t\t\t\t\t\t\t\t\t\t<label for=\"form-field-email\" class=\"elementor-field-label\">\n\t\t\t\t\t\t\t\tE-mail\t\t\t\t\t\t\t<\/label>\n\t\t\t\t\t\t\t\t\t\t\t\t\t\t<input size=\"1\" type=\"email\" name=\"form_fields[email]\" id=\"form-field-email\" class=\"elementor-field elementor-size-sm  elementor-field-textual\" placeholder=\"E-mail\" required=\"required\">\n\t\t\t\t\t\t\t\t\t\t\t<\/div>\n\t\t\t\t\t\t\t\t<div class=\"elementor-field-type-text elementor-field-group elementor-column elementor-field-group-message elementor-col-100 elementor-field-required\">\n\t\t\t\t\t\t\t\t\t\t\t\t<label for=\"form-field-message\" class=\"elementor-field-label\">\n\t\t\t\t\t\t\t\tSpole\u010dnost\t\t\t\t\t\t\t<\/label>\n\t\t\t\t\t\t\t\t\t\t\t\t\t\t<input size=\"1\" type=\"text\" name=\"form_fields[message]\" id=\"form-field-message\" class=\"elementor-field elementor-size-sm  elementor-field-textual\" placeholder=\"Spole\u010dnost\" required=\"required\">\n\t\t\t\t\t\t\t\t\t\t\t<\/div>\n\t\t\t\t\t\t\t\t<div class=\"elementor-field-type-textarea elementor-field-group elementor-column elementor-field-group-webinarSelect elementor-col-100 elementor-field-required\">\n\t\t\t\t\t\t\t\t\t\t\t\t<label for=\"form-field-webinarSelect\" class=\"elementor-field-label\">\n\t\t\t\t\t\t\t\tVa\u0161e zpr\u00e1va\t\t\t\t\t\t\t<\/label>\n\t\t\t\t\t\t<textarea class=\"elementor-field-textual elementor-field  elementor-size-sm\" name=\"form_fields[webinarSelect]\" id=\"form-field-webinarSelect\" rows=\"6\" placeholder=\"Popi\u0161te sv\u016fj p\u0159\u00edpad pou\u017eit\u00ed nebo jakoukoli ot\u00e1zku t\u00fdkaj\u00edc\u00ed se agent\u016f AI, kterou m\u00e1te.\" required=\"required\"><\/textarea>\t\t\t\t<\/div>\n\t\t\t\t\t\t\t\t<div class=\"elementor-field-type-acceptance elementor-field-group elementor-column elementor-field-group-field_3dd2d31 elementor-col-100 elementor-field-required\">\n\t\t\t\t\t\t\t<div class=\"elementor-field-subgroup\">\n\t\t\t<span class=\"elementor-field-option\">\n\t\t\t\t<input type=\"checkbox\" name=\"form_fields[field_3dd2d31]\" id=\"form-field-field_3dd2d31\" class=\"elementor-field elementor-size-sm  elementor-acceptance-field\" required=\"required\">\n\t\t\t\t<label for=\"form-field-field_3dd2d31\">Souhlas\u00edm se zpracov\u00e1n\u00edm sv\u00fdch osobn\u00edch \u00fadaj\u016f v&nbsp;souladu se <a href=\"https:\/\/www.sykorait.com\/cs\/zasady-ochrany-osobnich-udaju\/\" target=\"_blank\">z\u00e1sadami ochrany osobn\u00edch \u00fadaj\u016f<\/a>.<\/label>\t\t\t<\/span>\n\t\t<\/div>\n\t\t\t\t\t\t<\/div>\n\t\t\t\t\t\t\t\t<div class=\"elementor-field-type-recaptcha_v3 elementor-field-group elementor-column elementor-field-group-field_e4569e8 elementor-col-100 recaptcha_v3-bottomright\">\n\t\t\t\t\t<div class=\"elementor-field\" id=\"form-field-field_e4569e8\"><div class=\"elementor-g-recaptcha\" data-sitekey=\"6LdkyJArAAAAAMf587RHOhcid8uIz09EsgvLcs-1\" data-type=\"v3\" data-action=\"Form\" data-badge=\"bottomright\" data-size=\"invisible\"><\/div><\/div>\t\t\t\t<\/div>\n\t\t\t\t\t\t\t\t<div class=\"elementor-field-group elementor-column elementor-field-type-submit elementor-col-100 e-form__buttons\">\n\t\t\t\t\t<button class=\"elementor-button elementor-size-sm\" type=\"submit\">\n\t\t\t\t\t\t<span class=\"elementor-button-content-wrapper\">\n\t\t\t\t\t\t\t\t\t\t\t\t\t\t\t\t\t\t\t\t\t\t<span class=\"elementor-button-text\">Odeslat<\/span>\n\t\t\t\t\t\t\t\t\t\t\t\t\t<\/span>\n\t\t\t\t\t<\/button>\n\t\t\t\t<\/div>\n\t\t\t<\/div>\n\t\t<\/form>\n\t\t\t\t\t\t<\/div>\n\t\t\t\t<\/div>\n\t\t\t\t<\/div>\n\t\t\t\t\t<\/div>\n\t\t\t\t<\/div>\n\t\t<div class=\"elementor-element elementor-element-91d1961 e-flex e-con-boxed e-con e-parent\" data-id=\"91d1961\" data-element_type=\"container\" data-e-type=\"container\" data-settings=\"{&quot;background_background&quot;:&quot;classic&quot;}\">\n\t\t\t\t\t<div class=\"e-con-inner\">\n\t\t<div class=\"elementor-element elementor-element-6ed3e0c e-grid e-con-full e-con e-child\" data-id=\"6ed3e0c\" data-element_type=\"container\" data-e-type=\"container\">\n\t\t<div class=\"elementor-element elementor-element-017edc4 e-con-full e-flex e-con e-child\" data-id=\"017edc4\" data-element_type=\"container\" data-e-type=\"container\">\n\t\t\t\t<div class=\"elementor-element elementor-element-5cfba46 elementor-widget elementor-widget-heading\" data-id=\"5cfba46\" data-element_type=\"widget\" data-e-type=\"widget\" data-widget_type=\"heading.default\">\n\t\t\t\t<div class=\"elementor-widget-container\">\n\t\t\t\t\t<h2 class=\"elementor-heading-title elementor-size-default\">Dal\u0161\u00ed informace:<\/h2>\t\t\t\t<\/div>\n\t\t\t\t<\/div>\n\t\t\t\t<\/div>\n\t\t\t\t<\/div>\n\t\t<div class=\"elementor-element elementor-element-d12626a e-grid e-con-full e-con e-child\" data-id=\"d12626a\" data-element_type=\"container\" data-e-type=\"container\">\n\t\t<div class=\"elementor-element elementor-element-5b9ab9d e-con-full e-flex e-con e-child\" data-id=\"5b9ab9d\" data-element_type=\"container\" data-e-type=\"container\">\n\t\t\t\t<\/div>\n\t\t\t\t<\/div>\n\t\t\t\t\t<\/div>\n\t\t\t\t<\/div>\n\t\t\t\t<\/div>\n\t\t","protected":false},"excerpt":{"rendered":"<p>Zabezpe\u010dte va\u0161i organizaci. Z\u016fsta\u0148te v&nbsp;souladu s&nbsp;p\u0159edpisy. Kybernetick\u00e1 bezpe\u010dnost a&nbsp;dodr\u017eov\u00e1n\u00ed p\u0159edpis\u016f se spole\u010dnost\u00ed Sykora IT &amp; Cybreg Digit\u00e1ln\u00ed transformace p\u0159in\u00e1\u0161\u00ed rychlost a&nbsp;inovace, ale tak\u00e9 rostouc\u00ed regula\u010dn\u00ed tlak a&nbsp;rizika kybernetick\u00e9 bezpe\u010dnosti. Ve spole\u010dnosti Sykora IT pom\u00e1h\u00e1me organizac\u00edm zvl\u00e1dat tuto slo\u017eitost prost\u0159ednictv\u00edm odborn\u00e9ho poradenstv\u00ed, automatizace a&nbsp;modern\u00edch n\u00e1stroj\u016f pro zaji\u0161t\u011bn\u00ed souladu s&nbsp;p\u0159edpisy. Spole\u010dn\u011b s&nbsp;na\u0161\u00edm partnerem cybreg poskytujeme praktick\u00fd a&nbsp;\u0161k\u00e1lovateln\u00fd [&hellip;]<\/p>\n","protected":false},"author":3,"featured_media":0,"parent":0,"menu_order":0,"comment_status":"closed","ping_status":"closed","template":"","meta":{"footnotes":""},"class_list":["post-7323","page","type-page","status-publish","hentry"],"_links":{"self":[{"href":"https:\/\/www.sykorait.com\/cs\/wp-json\/wp\/v2\/pages\/7323","targetHints":{"allow":["GET"]}}],"collection":[{"href":"https:\/\/www.sykorait.com\/cs\/wp-json\/wp\/v2\/pages"}],"about":[{"href":"https:\/\/www.sykorait.com\/cs\/wp-json\/wp\/v2\/types\/page"}],"author":[{"embeddable":true,"href":"https:\/\/www.sykorait.com\/cs\/wp-json\/wp\/v2\/users\/3"}],"replies":[{"embeddable":true,"href":"https:\/\/www.sykorait.com\/cs\/wp-json\/wp\/v2\/comments?post=7323"}],"version-history":[{"count":5,"href":"https:\/\/www.sykorait.com\/cs\/wp-json\/wp\/v2\/pages\/7323\/revisions"}],"predecessor-version":[{"id":7332,"href":"https:\/\/www.sykorait.com\/cs\/wp-json\/wp\/v2\/pages\/7323\/revisions\/7332"}],"wp:attachment":[{"href":"https:\/\/www.sykorait.com\/cs\/wp-json\/wp\/v2\/media?parent=7323"}],"curies":[{"name":"wp","href":"https:\/\/api.w.org\/{rel}","templated":true}]}}