{"id":3897,"date":"2025-06-27T19:50:45","date_gmt":"2025-06-27T17:50:45","guid":{"rendered":"https:\/\/www.sykorait.com\/vyroba\/"},"modified":"2026-03-25T09:10:47","modified_gmt":"2026-03-25T08:10:47","slug":"vyroba","status":"publish","type":"page","link":"https:\/\/www.sykorait.com\/cs\/vyroba\/","title":{"rendered":"V\u00fdroba"},"content":{"rendered":"\t\t<div data-elementor-type=\"wp-page\" data-elementor-id=\"3897\" class=\"elementor elementor-3897 elementor-2788\" data-elementor-post-type=\"page\">\n\t\t\t\t<div class=\"elementor-element elementor-element-253a95bd e-flex e-con-boxed e-con e-parent\" data-id=\"253a95bd\" data-element_type=\"container\" data-e-type=\"container\" data-settings=\"{&quot;background_background&quot;:&quot;classic&quot;}\">\n\t\t\t\t\t<div class=\"e-con-inner\">\n\t\t<div class=\"elementor-element elementor-element-445e5828 e-flex e-con-boxed e-con e-child\" data-id=\"445e5828\" data-element_type=\"container\" data-e-type=\"container\">\n\t\t\t\t\t<div class=\"e-con-inner\">\n\t\t\t\t<div class=\"elementor-element elementor-element-7af9e66d elementor-widget elementor-widget-heading\" data-id=\"7af9e66d\" data-element_type=\"widget\" data-e-type=\"widget\" data-widget_type=\"heading.default\">\n\t\t\t\t<div class=\"elementor-widget-container\">\n\t\t\t\t\t<h1 class=\"elementor-heading-title elementor-size-default\">V\u00fdroba<\/h1>\t\t\t\t<\/div>\n\t\t\t\t<\/div>\n\t\t\t\t<div class=\"elementor-element elementor-element-ae3c1e2 elementor-widget elementor-widget-heading\" data-id=\"ae3c1e2\" data-element_type=\"widget\" data-e-type=\"widget\" data-widget_type=\"heading.default\">\n\t\t\t\t<div class=\"elementor-widget-container\">\n\t\t\t\t\t<h2 class=\"elementor-heading-title elementor-size-default\">Propojte sv\u00e9 t\u00fdmy. Dod\u00e1vejte lep\u0161\u00ed produkty.\nPou\u017e\u00edvejte efektivn\u011b um\u011blou inteligenci. <\/h2>\t\t\t\t<\/div>\n\t\t\t\t<\/div>\n\t\t\t\t\t<\/div>\n\t\t\t\t<\/div>\n\t\t\t\t\t<\/div>\n\t\t\t\t<\/div>\n\t\t<div class=\"elementor-element elementor-element-73ac4ae9 e-flex e-con-boxed e-con e-parent\" data-id=\"73ac4ae9\" data-element_type=\"container\" data-e-type=\"container\" data-settings=\"{&quot;background_background&quot;:&quot;classic&quot;}\">\n\t\t\t\t\t<div class=\"e-con-inner\">\n\t\t<div class=\"elementor-element elementor-element-688b5a43 e-con-full e-flex e-con e-child\" data-id=\"688b5a43\" data-element_type=\"container\" data-e-type=\"container\">\n\t\t<div class=\"elementor-element elementor-element-5a566cd2 e-con-full animated-fast e-flex e-con e-child\" data-id=\"5a566cd2\" data-element_type=\"container\" data-e-type=\"container\" data-settings=\"{&quot;animation&quot;:&quot;none&quot;,&quot;animation_delay&quot;:750}\">\n\t\t\t\t<div class=\"elementor-element elementor-element-122a0d7e elementor-widget elementor-widget-text-editor\" data-id=\"122a0d7e\" data-element_type=\"widget\" data-e-type=\"widget\" data-widget_type=\"text-editor.default\">\n\t\t\t\t<div class=\"elementor-widget-container\">\n\t\t\t\t\t\t\t\t\t<h2 data-start=\"415\" data-end=\"617\">Od odd\u011blen\u00fdch t\u00fdm\u016f k&nbsp;propojen\u00e9mu v\u00fdvoji produkt\u016f<\/h2><p data-start=\"415\" data-end=\"617\">V\u00fdrobn\u00ed spole\u010dnosti \u010dasto pracuj\u00ed ve v\u00edce t\u00fdmech a&nbsp;syst\u00e9mech. In\u017een\u00fdrsk\u00e9, v\u00fdrobn\u00ed a&nbsp;obchodn\u00ed t\u00fdmy pou\u017e\u00edvaj\u00ed ka\u017ed\u00fd sv\u00e9 vlastn\u00ed n\u00e1stroje a&nbsp;procesy, co\u017e zt\u011b\u017euje spolupr\u00e1ci, ne\u017e by m\u011blo b\u00fdt. <\/p><p data-start=\"619\" data-end=\"783\">Pom\u016f\u017eeme v\u00e1m tyto t\u00fdmy propojit. Pomoc\u00ed n\u00e1stroj\u016f Atlassian a&nbsp;um\u011bl\u00e9 inteligence zlep\u0161ujeme spolupr\u00e1ci, omezujeme manu\u00e1ln\u00ed pr\u00e1ci a&nbsp;umo\u017e\u0148ujeme vyu\u017eit\u00ed znalost\u00ed va\u0161\u00ed spole\u010dnosti v&nbsp;ka\u017edodenn\u00ed pr\u00e1ci. <\/p><h3 data-start=\"619\" data-end=\"783\">Spolupr\u00e1ce nap\u0159\u00ed\u010d t\u00fdmy<\/h3><p data-start=\"1481\" data-end=\"1705\">Pom\u016f\u017eeme v\u00e1m vytvo\u0159it sd\u00edlen\u00e9 prost\u0159ed\u00ed, ve kter\u00e9m v\u0161echny t\u00fdmy pracuj\u00ed se stejn\u00fdmi informacemi a&nbsp;vz\u00e1jemn\u011b si rozum\u00ed. V\u00fdvoj hardwaru a&nbsp;softwaru, v\u00fdroba, kvalita, prodej a&nbsp;marketing jsou l\u00e9pe propojeny. <\/p><p data-start=\"1707\" data-end=\"1899\">To vede k&nbsp;hlad\u0161\u00edmu p\u0159ed\u00e1v\u00e1n\u00ed, men\u0161\u00edmu po\u010dtu nedorozum\u011bn\u00ed a&nbsp;lep\u0161\u00edmu p\u0159ehledu o&nbsp;cel\u00e9m \u017eivotn\u00edm cyklu produktu. T\u00fdmy tr\u00e1v\u00ed m\u00e9n\u011b \u010dasu koordinac\u00ed a&nbsp;v\u00edce \u010dasu posouv\u00e1n\u00edm produktu vp\u0159ed. <\/p><h3>AI jako konkuren\u010dn\u00ed v\u00fdhoda:<\/h3><p data-start=\"1937\" data-end=\"2120\">Z\u00e1rove\u0148 identifikujeme manu\u00e1ln\u00ed pr\u00e1ci, kterou lze automatizovat. \u0158adu \u010dinnost\u00ed, jako je zpracov\u00e1n\u00ed dokument\u016f, reporting, zpracov\u00e1n\u00ed ticket\u016f nebo vyhled\u00e1v\u00e1n\u00ed informac\u00ed, m\u016f\u017ee zvl\u00e1dnout um\u011bl\u00e1 inteligence. <\/p><p data-start=\"2122\" data-end=\"2269\">To sni\u017euje po\u010det opakuj\u00edc\u00edch se \u010dinnost\u00ed a&nbsp;pom\u00e1h\u00e1 va\u0161im t\u00fdm\u016fm soust\u0159edit se na \u00fakoly, kter\u00e9 vy\u017eaduj\u00ed lidsk\u00e1 rozhodnut\u00ed. Um\u011bl\u00e1 inteligence nen\u00ed dopln\u011bk, ale sou\u010d\u00e1st zp\u016fsobu, jak\u00fdm se pr\u00e1ce vykon\u00e1v\u00e1. <\/p>\t\t\t\t\t\t\t\t<\/div>\n\t\t\t\t<\/div>\n\t\t\t\t<\/div>\n\t\t\t\t<\/div>\n\t\t\t\t<div class=\"elementor-element elementor-element-2760ce4 elementor-widget elementor-widget-text-editor\" data-id=\"2760ce4\" data-element_type=\"widget\" data-e-type=\"widget\" data-widget_type=\"text-editor.default\">\n\t\t\t\t<div class=\"elementor-widget-container\">\n\t\t\t\t\t\t\t\t\t<h2 data-start=\"415\" data-end=\"617\">Na\u0161e \u0159e\u0161en\u00ed<\/h2><p data-start=\"2357\" data-end=\"2451\">Na\u0161e \u0159e\u0161en\u00ed jsou postavena na osv\u011bd\u010den\u00fdch platform\u00e1ch a&nbsp;v&nbsp;p\u0159\u00edpad\u011b pot\u0159eby roz\u0161\u00ed\u0159ena o&nbsp;vlastn\u00ed v\u00fdvoj.<\/p><p data-start=\"2453\" data-end=\"2771\">K \u0159\u00edzen\u00ed pr\u00e1ce a&nbsp;strukturov\u00e1n\u00ed firemn\u00edch znalost\u00ed pou\u017e\u00edv\u00e1me Atlassian Jira a&nbsp;Confluence. Rovo p\u0159in\u00e1\u0161\u00ed do va\u0161ich pracovn\u00edch postup\u016f bezprobl\u00e9movou asistenci a&nbsp;automatizaci pomoc\u00ed um\u011bl\u00e9 inteligence, kter\u00e1 pom\u00e1h\u00e1 u\u017eivatel\u016fm naj\u00edt informace a&nbsp;pracovat efektivn\u011bji. Pro pokro\u010dilej\u0161\u00ed sc\u00e9n\u00e1\u0159e vytv\u00e1\u0159\u00edme vlastn\u00ed \u0159e\u0161en\u00ed Apps na platform\u00e1ch Atlassian Forge a&nbsp;Microsoft Azure a&nbsp;integrujeme je do va\u0161eho st\u00e1vaj\u00edc\u00edho prost\u0159ed\u00ed.  <\/p><p data-start=\"2773\" data-end=\"2857\">V\u00fdsledkem je propojen\u00fd syst\u00e9m, v&nbsp;n\u011bm\u017e procesy, t\u00fdmy a&nbsp;znalosti spolupracuj\u00ed.<\/p>\t\t\t\t\t\t\t\t<\/div>\n\t\t\t\t<\/div>\n\t\t<div class=\"elementor-element elementor-element-654ae575 e-con-full e-flex e-con e-child\" data-id=\"654ae575\" data-element_type=\"container\" data-e-type=\"container\">\n\t\t<div class=\"elementor-element elementor-element-5fc942e6 e-con-full animated-fast e-flex e-con e-child\" data-id=\"5fc942e6\" data-element_type=\"container\" data-e-type=\"container\" data-settings=\"{&quot;background_background&quot;:&quot;classic&quot;,&quot;animation&quot;:&quot;none&quot;,&quot;animation_delay&quot;:1000}\">\n\t\t<div class=\"elementor-element elementor-element-29cb1fca e-con-full e-flex e-con e-child\" data-id=\"29cb1fca\" data-element_type=\"container\" data-e-type=\"container\">\n\t\t\t\t<div class=\"elementor-element elementor-element-6e62422 elementor-widget elementor-widget-heading\" data-id=\"6e62422\" data-element_type=\"widget\" data-e-type=\"widget\" data-widget_type=\"heading.default\">\n\t\t\t\t<div class=\"elementor-widget-container\">\n\t\t\t\t\t<h2 class=\"elementor-heading-title elementor-size-default\">Propojen\u00e1 t\u00fdmov\u00e1 pr\u00e1ce s&nbsp;Jira a&nbsp;Confluence<\/h2>\t\t\t\t<\/div>\n\t\t\t\t<\/div>\n\t\t\t\t<div class=\"elementor-element elementor-element-1b93ebc9 elementor-widget elementor-widget-text-editor\" data-id=\"1b93ebc9\" data-element_type=\"widget\" data-e-type=\"widget\" data-widget_type=\"text-editor.default\">\n\t\t\t\t<div class=\"elementor-widget-container\">\n\t\t\t\t\t\t\t\t\t<p>Propojte v\u00fdvoj HW a&nbsp;SW, v\u00fdrobu, prodej, marketing a&nbsp;\u0159\u00edzen\u00ed v&nbsp;jednom sd\u00edlen\u00e9m prost\u0159ed\u00ed. Zlep\u0161ete spolupr\u00e1ci, p\u0159ehled a&nbsp;rozhodov\u00e1n\u00ed v&nbsp;cel\u00e9m \u017eivotn\u00edm cyklu produktu.  <a href=\"https:\/\/www.sykorait.com\/cs\/jak-jira-confluence-a-ai-meni-spolupraci-ve-vyrobnich-firmach\/\">Zjist\u011bte v\u00edce<\/a><\/p>\t\t\t\t\t\t\t\t<\/div>\n\t\t\t\t<\/div>\n\t\t\t\t<\/div>\n\t\t\t\t<\/div>\n\t\t<div class=\"elementor-element elementor-element-55900342 e-con-full animated-fast e-flex e-con e-child\" data-id=\"55900342\" data-element_type=\"container\" data-e-type=\"container\" data-settings=\"{&quot;background_background&quot;:&quot;classic&quot;,&quot;animation&quot;:&quot;none&quot;,&quot;animation_delay&quot;:750}\">\n\t\t<div class=\"elementor-element elementor-element-5711708a e-con-full e-flex e-con e-child\" data-id=\"5711708a\" data-element_type=\"container\" data-e-type=\"container\">\n\t\t\t\t<div class=\"elementor-element elementor-element-518568a7 elementor-widget elementor-widget-heading\" data-id=\"518568a7\" data-element_type=\"widget\" data-e-type=\"widget\" data-widget_type=\"heading.default\">\n\t\t\t\t<div class=\"elementor-widget-container\">\n\t\t\t\t\t<h2 class=\"elementor-heading-title elementor-size-default\">Agenti AI pro va\u0161e procesy<\/h2>\t\t\t\t<\/div>\n\t\t\t\t<\/div>\n\t\t\t\t<div class=\"elementor-element elementor-element-73ef41d0 elementor-widget elementor-widget-text-editor\" data-id=\"73ef41d0\" data-element_type=\"widget\" data-e-type=\"widget\" data-widget_type=\"text-editor.default\">\n\t\t\t\t<div class=\"elementor-widget-container\">\n\t\t\t\t\t\t\t\t\t<p>Postaveno na Atlassian Rovo a&nbsp;MS Azure AI. Automatizujte rutinn\u00ed \u00falohy, zkra\u0165te dobu \u0159e\u0161en\u00ed a&nbsp;zajist\u011bte konzistentn\u00ed kvalitu.  Uvoln\u011bte sv\u016fj t\u00fdm, aby se mohl soust\u0159edit na pr\u00e1ci s&nbsp;vysokou p\u0159idanou hodnotou. <a href=\"https:\/\/www.sykorait.com\/cs\/agenti-s-umelou-inteligenci-pro-vasi-firmu\/\">Zjist\u011bte v\u00edce<\/a><\/p>\t\t\t\t\t\t\t\t<\/div>\n\t\t\t\t<\/div>\n\t\t\t\t<\/div>\n\t\t\t\t<\/div>\n\t\t<div class=\"elementor-element elementor-element-2de5a8b e-con-full animated-fast e-flex e-con e-child\" data-id=\"2de5a8b\" data-element_type=\"container\" data-e-type=\"container\" data-settings=\"{&quot;background_background&quot;:&quot;classic&quot;,&quot;animation&quot;:&quot;none&quot;,&quot;animation_delay&quot;:750}\">\n\t\t<div class=\"elementor-element elementor-element-1ea5122 e-con-full e-flex e-con e-child\" data-id=\"1ea5122\" data-element_type=\"container\" data-e-type=\"container\">\n\t\t\t\t<div class=\"elementor-element elementor-element-7ffc089 elementor-widget elementor-widget-heading\" data-id=\"7ffc089\" data-element_type=\"widget\" data-e-type=\"widget\" data-widget_type=\"heading.default\">\n\t\t\t\t<div class=\"elementor-widget-container\">\n\t\t\t\t\t<h2 class=\"elementor-heading-title elementor-size-default\"><span>Digitalizace dokument\u016f s&nbsp;AI<\/span><\/h2>\t\t\t\t<\/div>\n\t\t\t\t<\/div>\n\t\t\t\t<div class=\"elementor-element elementor-element-c79b5b4 elementor-widget elementor-widget-text-editor\" data-id=\"c79b5b4\" data-element_type=\"widget\" data-e-type=\"widget\" data-widget_type=\"text-editor.default\">\n\t\t\t\t<div class=\"elementor-widget-container\">\n\t\t\t\t\t\t\t\t\t<p>Automatizujte extrakci, klasifikaci a&nbsp;validaci kl\u00ed\u010dov\u00fdch informac\u00ed ze smluv, formul\u00e1\u0159\u016f a&nbsp;dokument\u016f k&nbsp;dodr\u017eov\u00e1n\u00ed p\u0159edpis\u016f. Urychlete n\u00e1stup, zjednodu\u0161te audity a&nbsp;zajist\u011bte soulad s&nbsp;regulacemi, jako jsou DORA a&nbsp;NIS2 \u2013 to v\u0161e s&nbsp;p\u0159esnost\u00ed zaji\u0161t\u011bnou AI.  <a href=\"https:\/\/www.sykorait.com\/cs\/digitalizace-dokumentu-s-umelou-inteligenci\/\">Zjist\u011bte v\u00edce<\/a><\/p>\t\t\t\t\t\t\t\t<\/div>\n\t\t\t\t<\/div>\n\t\t\t\t<\/div>\n\t\t\t\t<\/div>\n\t\t\t\t<\/div>\n\t\t\t\t<div class=\"elementor-element elementor-element-69f2f33 elementor-widget elementor-widget-text-editor\" data-id=\"69f2f33\" data-element_type=\"widget\" data-e-type=\"widget\" data-widget_type=\"text-editor.default\">\n\t\t\t\t<div class=\"elementor-widget-container\">\n\t\t\t\t\t\t\t\t\t<h3 data-start=\"1188\" data-end=\"1515\">Zavolejme si<\/h3><p>M\u00e1te konkr\u00e9tn\u00ed use case, kter\u00fd byste r\u00e1di prozkoumali, nebo m\u00e1te z\u00e1jem vid\u011bt na\u0161e \u0159e\u0161en\u00ed v&nbsp;praxi? <a href=\"https:\/\/www.sykorait.com\/cs\/kontakty\/\">Kontaktujte n\u00e1s<\/a>. R\u00e1di se dozv\u00edme v\u00edce o&nbsp;va\u0161ich pot\u0159eb\u00e1ch a&nbsp;uk\u00e1\u017eeme v\u00e1m, jak v\u00e1m m\u016f\u017eeme pomoci. <\/p><article class=\"text-token-text-primary w-full\" dir=\"auto\" data-testid=\"conversation-turn-20\" data-scroll-anchor=\"true\"><div class=\"text-base my-auto mx-auto py-5 [--thread-content-margin:--spacing(4)] @[37rem]:[--thread-content-margin:--spacing(6)] @[72rem]:[--thread-content-margin:--spacing(16)] px-(--thread-content-margin)\"><div class=\"[--thread-content-max-width:32rem] @[34rem]:[--thread-content-max-width:40rem] @[64rem]:[--thread-content-max-width:48rem] mx-auto flex max-w-(--thread-content-max-width) flex-1 text-base gap-4 md:gap-5 lg:gap-6 group\/turn-messages focus-visible:outline-hidden\" tabindex=\"-1\"><div class=\"group\/conversation-turn relative flex w-full min-w-0 flex-col agent-turn\"><div class=\"relative flex-col gap-1 md:gap-3\"><div class=\"flex max-w-full flex-col grow\"><div class=\"min-h-8 text-message relative flex w-full flex-col items-end gap-2 text-start break-words whitespace-normal [.text-message+&amp;]:mt-5\" dir=\"auto\" data-message-author-role=\"assistant\" data-message-id=\"4db3fed6-eac3-48f0-a8e5-f494121fa5e1\" data-message-model-slug=\"gpt-4o\"><div class=\"flex w-full flex-col gap-1 empty:hidden first:pt-[3px]\"><div class=\"markdown prose dark:prose-invert w-full break-words light\"><p data-start=\"100\" data-end=\"308\" data-is-last-node=\"\" data-is-only-node=\"\">Dobr\u00fdm za\u010d\u00e1tkem je c\u00edlen\u00fd workshop.<\/p><\/div><\/div><\/div><\/div><\/div><\/div><\/div><\/div><\/article>\t\t\t\t\t\t\t\t<\/div>\n\t\t\t\t<\/div>\n\t\t\t\t\t<\/div>\n\t\t\t\t<\/div>\n\t\t<div class=\"elementor-element elementor-element-8f22e7c e-flex e-con-boxed e-con e-parent\" data-id=\"8f22e7c\" data-element_type=\"container\" data-e-type=\"container\" data-settings=\"{&quot;background_background&quot;:&quot;classic&quot;}\">\n\t\t\t\t\t<div class=\"e-con-inner\">\n\t\t<div class=\"elementor-element elementor-element-02d55e6 e-grid e-con-full e-con e-child\" data-id=\"02d55e6\" data-element_type=\"container\" data-e-type=\"container\">\n\t\t<div class=\"elementor-element elementor-element-e97d2cc e-con-full e-flex e-con e-child\" data-id=\"e97d2cc\" data-element_type=\"container\" data-e-type=\"container\">\n\t\t\t\t<div class=\"elementor-element elementor-element-7a85392 elementor-widget elementor-widget-heading\" data-id=\"7a85392\" data-element_type=\"widget\" data-e-type=\"widget\" data-widget_type=\"heading.default\">\n\t\t\t\t<div class=\"elementor-widget-container\">\n\t\t\t\t\t<h2 class=\"elementor-heading-title elementor-size-default\">Dal\u0161\u00ed informace:<\/h2>\t\t\t\t<\/div>\n\t\t\t\t<\/div>\n\t\t\t\t<\/div>\n\t\t\t\t<\/div>\n\t\t<div class=\"elementor-element elementor-element-c57d94a e-grid e-con-full e-con e-child\" data-id=\"c57d94a\" data-element_type=\"container\" data-e-type=\"container\">\n\t\t<div class=\"elementor-element elementor-element-fd26e68 e-con-full e-flex e-con e-child\" data-id=\"fd26e68\" data-element_type=\"container\" data-e-type=\"container\">\n\t\t\t\t<div class=\"elementor-element elementor-element-3587e01 elementor-grid-3 elementor-grid-tablet-2 elementor-grid-mobile-1 elementor-posts--thumbnail-top elementor-widget elementor-widget-posts\" data-id=\"3587e01\" data-element_type=\"widget\" data-e-type=\"widget\" data-settings=\"{&quot;classic_masonry&quot;:&quot;yes&quot;,&quot;classic_columns&quot;:&quot;3&quot;,&quot;classic_columns_tablet&quot;:&quot;2&quot;,&quot;classic_columns_mobile&quot;:&quot;1&quot;,&quot;classic_row_gap&quot;:{&quot;unit&quot;:&quot;px&quot;,&quot;size&quot;:35,&quot;sizes&quot;:[]},&quot;classic_row_gap_tablet&quot;:{&quot;unit&quot;:&quot;px&quot;,&quot;size&quot;:&quot;&quot;,&quot;sizes&quot;:[]},&quot;classic_row_gap_mobile&quot;:{&quot;unit&quot;:&quot;px&quot;,&quot;size&quot;:&quot;&quot;,&quot;sizes&quot;:[]}}\" data-widget_type=\"posts.classic\">\n\t\t\t\t<div class=\"elementor-widget-container\">\n\t\t\t\t\t\t\t<div class=\"elementor-posts-container elementor-posts elementor-posts--skin-classic elementor-grid\" role=\"list\">\n\t\t\t\t<article class=\"elementor-post elementor-grid-item post-4620 post type-post status-publish format-standard has-post-thumbnail hentry category-sykorait-blog tag-ai-digitalization tag-all-industries tag-homepage tag-itsm tag-usu\" role=\"listitem\">\n\t\t\t\t<a class=\"elementor-post__thumbnail__link\" href=\"https:\/\/www.sykorait.com\/cs\/extending-usu-service-management-with-azure-based-ai-features\/\" tabindex=\"-1\">\n\t\t\t<div class=\"elementor-post__thumbnail\"><img fetchpriority=\"high\" decoding=\"async\" width=\"800\" height=\"534\" src=\"https:\/\/www.sykorait.com\/wp-content\/uploads\/2025\/10\/5827c560-1a81-4abb-96be-904fec7639b9-1024x683.png\" class=\"attachment-large size-large wp-image-4625\" alt=\"Extending USU Service Management with Azure-Based AI Features\" \/><\/div>\n\t\t<\/a>\n\t\t\t\t<div class=\"elementor-post__text\">\n\t\t\t\t<h3 class=\"elementor-post__title\">\n\t\t\t<a href=\"https:\/\/www.sykorait.com\/cs\/extending-usu-service-management-with-azure-based-ai-features\/\">\n\t\t\t\tExtending USU Service Management with Azure-Based AI Features\t\t\t<\/a>\n\t\t<\/h3>\n\t\t\t\t<div class=\"elementor-post__excerpt\">\n\t\t\t<p>When AI Cloud Meets On-Prem Solutions AI has already become part of our daily lives\u2014whether in our phones, cars, email, or office applications. Most of these innovations are cloud-driven, bringing continuous improvements powered by state-of-the-art AI. But what about on-premise enterprise software? Can it also benefit from these advances while<\/p>\n\t\t<\/div>\n\t\t\t\t<\/div>\n\t\t\t\t<\/article>\n\t\t\t\t<article class=\"elementor-post elementor-grid-item post-4474 post type-post status-publish format-standard has-post-thumbnail hentry category-sykorait-blog tag-ai-agents tag-all-industries tag-banking tag-energy tag-manufacturing tag-rovo-article tag-saas\" role=\"listitem\">\n\t\t\t\t<a class=\"elementor-post__thumbnail__link\" href=\"https:\/\/www.sykorait.com\/cs\/how-we-build-value-with-atlassian-rovo-and-forge\/\" tabindex=\"-1\">\n\t\t\t<div class=\"elementor-post__thumbnail\"><img decoding=\"async\" width=\"800\" height=\"450\" src=\"https:\/\/www.sykorait.com\/wp-content\/uploads\/2025\/10\/1759070474853-1024x576.png\" class=\"attachment-large size-large wp-image-4475\" alt=\"How We Build Value with Atlassian Rovo and Forge\" srcset=\"https:\/\/www.sykorait.com\/wp-content\/uploads\/2025\/10\/1759070474853-1024x576.png 1024w, https:\/\/www.sykorait.com\/wp-content\/uploads\/2025\/10\/1759070474853-300x169.png 300w, https:\/\/www.sykorait.com\/wp-content\/uploads\/2025\/10\/1759070474853-768x432.png 768w, https:\/\/www.sykorait.com\/wp-content\/uploads\/2025\/10\/1759070474853.png 1280w\" sizes=\"(max-width: 800px) 100vw, 800px\" \/><\/div>\n\t\t<\/a>\n\t\t\t\t<div class=\"elementor-post__text\">\n\t\t\t\t<h3 class=\"elementor-post__title\">\n\t\t\t<a href=\"https:\/\/www.sykorait.com\/cs\/how-we-build-value-with-atlassian-rovo-and-forge\/\">\n\t\t\t\tHow We Build Value with Atlassian Rovo and Forge\t\t\t<\/a>\n\t\t<\/h3>\n\t\t\t\t<div class=\"elementor-post__excerpt\">\n\t\t\t<p>Why Customization is the Key to Real Value from Rovo AI These days we hear about AI everywhere, all the time. It transforms the way we work, automates tasks, and brings possibilities we hadn\u2019t even thought about a&nbsp;few years ago. Atlassian, with their AI features and especially Rovo, belongs among<\/p>\n\t\t<\/div>\n\t\t\t\t<\/div>\n\t\t\t\t<\/article>\n\t\t\t\t<\/div>\n\t\t\n\t\t\t\t\t\t<\/div>\n\t\t\t\t<\/div>\n\t\t\t\t<\/div>\n\t\t\t\t<\/div>\n\t\t\t\t\t<\/div>\n\t\t\t\t<\/div>\n\t\t\t\t<\/div>\n\t\t","protected":false},"excerpt":{"rendered":"<p>Propojte sv\u00e9 t\u00fdmy. Dod\u00e1vejte lep\u0161\u00ed produkty. Pou\u017e\u00edvejte efektivn\u011b um\u011blou inteligenci. Od odd\u011blen\u00fdch t\u00fdm\u016f k&nbsp;propojen\u00e9mu v\u00fdvoji produkt\u016f V\u00fdrobn\u00ed spole\u010dnosti \u010dasto pracuj\u00ed ve v\u00edce t\u00fdmech a&nbsp;syst\u00e9mech. In\u017een\u00fdrsk\u00e9, v\u00fdrobn\u00ed a&nbsp;obchodn\u00ed t\u00fdmy pou\u017e\u00edvaj\u00ed ka\u017ed\u00fd sv\u00e9 vlastn\u00ed n\u00e1stroje a&nbsp;procesy, co\u017e zt\u011b\u017euje spolupr\u00e1ci, ne\u017e by m\u011blo b\u00fdt. Pom\u016f\u017eeme v\u00e1m tyto t\u00fdmy propojit. Pomoc\u00ed n\u00e1stroj\u016f Atlassian a&nbsp;um\u011bl\u00e9 inteligence zlep\u0161ujeme spolupr\u00e1ci, omezujeme manu\u00e1ln\u00ed [&hellip;]<\/p>\n","protected":false},"author":1,"featured_media":3060,"parent":0,"menu_order":0,"comment_status":"closed","ping_status":"closed","template":"","meta":{"footnotes":""},"class_list":["post-3897","page","type-page","status-publish","has-post-thumbnail","hentry"],"_links":{"self":[{"href":"https:\/\/www.sykorait.com\/cs\/wp-json\/wp\/v2\/pages\/3897","targetHints":{"allow":["GET"]}}],"collection":[{"href":"https:\/\/www.sykorait.com\/cs\/wp-json\/wp\/v2\/pages"}],"about":[{"href":"https:\/\/www.sykorait.com\/cs\/wp-json\/wp\/v2\/types\/page"}],"author":[{"embeddable":true,"href":"https:\/\/www.sykorait.com\/cs\/wp-json\/wp\/v2\/users\/1"}],"replies":[{"embeddable":true,"href":"https:\/\/www.sykorait.com\/cs\/wp-json\/wp\/v2\/comments?post=3897"}],"version-history":[{"count":11,"href":"https:\/\/www.sykorait.com\/cs\/wp-json\/wp\/v2\/pages\/3897\/revisions"}],"predecessor-version":[{"id":6716,"href":"https:\/\/www.sykorait.com\/cs\/wp-json\/wp\/v2\/pages\/3897\/revisions\/6716"}],"wp:featuredmedia":[{"embeddable":true,"href":"https:\/\/www.sykorait.com\/cs\/wp-json\/wp\/v2\/media\/3060"}],"wp:attachment":[{"href":"https:\/\/www.sykorait.com\/cs\/wp-json\/wp\/v2\/media?parent=3897"}],"curies":[{"name":"wp","href":"https:\/\/api.w.org\/{rel}","templated":true}]}}