{"id":3883,"date":"2025-06-18T17:50:03","date_gmt":"2025-06-18T15:50:03","guid":{"rendered":"https:\/\/www.sykorait.com\/energie\/"},"modified":"2026-03-22T19:00:16","modified_gmt":"2026-03-22T18:00:16","slug":"energie","status":"publish","type":"page","link":"https:\/\/www.sykorait.com\/cs\/energie\/","title":{"rendered":"Energetika"},"content":{"rendered":"\t\t<div data-elementor-type=\"wp-page\" data-elementor-id=\"3883\" class=\"elementor elementor-3883 elementor-2422\" data-elementor-post-type=\"page\">\n\t\t\t\t<div class=\"elementor-element elementor-element-2b8688f2 e-flex e-con-boxed e-con e-parent\" data-id=\"2b8688f2\" data-element_type=\"container\" data-e-type=\"container\" data-settings=\"{&quot;background_background&quot;:&quot;classic&quot;}\">\n\t\t\t\t\t<div class=\"e-con-inner\">\n\t\t<div class=\"elementor-element elementor-element-1e489bf1 e-flex e-con-boxed e-con e-child\" data-id=\"1e489bf1\" data-element_type=\"container\" data-e-type=\"container\">\n\t\t\t\t\t<div class=\"e-con-inner\">\n\t\t\t\t<div class=\"elementor-element elementor-element-6a299b5b elementor-widget elementor-widget-heading\" data-id=\"6a299b5b\" data-element_type=\"widget\" data-e-type=\"widget\" data-widget_type=\"heading.default\">\n\t\t\t\t<div class=\"elementor-widget-container\">\n\t\t\t\t\t<h1 class=\"elementor-heading-title elementor-size-default\">Energetika<\/h1>\t\t\t\t<\/div>\n\t\t\t\t<\/div>\n\t\t\t\t<div class=\"elementor-element elementor-element-6fa5ae4d elementor-widget elementor-widget-heading\" data-id=\"6fa5ae4d\" data-element_type=\"widget\" data-e-type=\"widget\" data-widget_type=\"heading.default\">\n\t\t\t\t<div class=\"elementor-widget-container\">\n\t\t\t\t\t<h2 class=\"elementor-heading-title elementor-size-default\">Od proces\u016f k&nbsp;inteligenci: Automatizujte s&nbsp;AI<\/h2>\t\t\t\t<\/div>\n\t\t\t\t<\/div>\n\t\t\t\t\t<\/div>\n\t\t\t\t<\/div>\n\t\t\t\t\t<\/div>\n\t\t\t\t<\/div>\n\t\t<div class=\"elementor-element elementor-element-71142923 e-flex e-con-boxed e-con e-parent\" data-id=\"71142923\" data-element_type=\"container\" data-e-type=\"container\" data-settings=\"{&quot;background_background&quot;:&quot;classic&quot;}\">\n\t\t\t\t\t<div class=\"e-con-inner\">\n\t\t<div class=\"elementor-element elementor-element-9b3bf23 e-con-full e-flex e-con e-child\" data-id=\"9b3bf23\" data-element_type=\"container\" data-e-type=\"container\">\n\t\t<div class=\"elementor-element elementor-element-6596e18c e-con-full animated-fast e-flex e-con e-child\" data-id=\"6596e18c\" data-element_type=\"container\" data-e-type=\"container\" data-settings=\"{&quot;animation&quot;:&quot;none&quot;,&quot;animation_delay&quot;:750}\">\n\t\t\t\t<div class=\"elementor-element elementor-element-794a85d5 elementor-widget__width-initial elementor-widget elementor-widget-heading\" data-id=\"794a85d5\" data-element_type=\"widget\" data-e-type=\"widget\" data-widget_type=\"heading.default\">\n\t\t\t\t<div class=\"elementor-widget-container\">\n\t\t\t\t\t<h2 class=\"elementor-heading-title elementor-size-default\">Spolehliv\u00e9 IT slu\u017eby pro energetick\u00e9 provozy<\/h2>\t\t\t\t<\/div>\n\t\t\t\t<\/div>\n\t\t\t\t<div class=\"elementor-element elementor-element-4da0f56 elementor-widget elementor-widget-text-editor\" data-id=\"4da0f56\" data-element_type=\"widget\" data-e-type=\"widget\" data-widget_type=\"text-editor.default\">\n\t\t\t\t<div class=\"elementor-widget-container\">\n\t\t\t\t\t\t\t\t\t<div><div><p data-start=\"608\" data-end=\"927\">V energetick\u00e9m sektoru jsou IT slu\u017eby kl\u00ed\u010dov\u00e9 pro ka\u017edodenn\u00ed provoz. Z\u00e1rove\u0148 je v\u0161ak mnoho proces\u016f st\u00e1le manu\u00e1ln\u00edch, rozt\u0159\u00ed\u0161t\u011bn\u00fdch nebo obt\u00ed\u017en\u011b zvl\u00e1dnuteln\u00fdch nap\u0159\u00ed\u010d t\u00fdmy a&nbsp;syst\u00e9my. Po\u017eadavky na slu\u017eby, incidenty a&nbsp;zm\u011bny \u010dasto vy\u017eaduj\u00ed p\u0159\u00edli\u0161 mnoho koordinace a&nbsp;d\u016fle\u017eit\u00e9 informace nejsou v\u017edy k&nbsp;dispozici, kdy\u017e jsou pot\u0159eba.  <\/p><p data-start=\"929\" data-end=\"1030\">To vede k&nbsp;pomalej\u0161\u00ed odezv\u011b, nekonzistentn\u00ed kvalit\u011b slu\u017eeb a&nbsp;zbyte\u010dn\u00e9mu provozn\u00edmu \u00fasil\u00ed.<\/p><\/div><\/div><h3>Efektivn\u00ed spr\u00e1va slu\u017eeb IT<\/h3><p data-start=\"167\" data-end=\"412\">Pom\u016f\u017eeme v\u00e1m navrhnout a&nbsp;implementovat procesy ITSM, kter\u00e9 budou fungovat ve va\u0161em re\u00e1ln\u00e9m prost\u0159ed\u00ed. Pomoc\u00ed n\u00e1stroj\u016f, jako je Jira Service Management nebo USU Service Management, vytvo\u0159\u00edme strukturovan\u00fd a&nbsp;transparentn\u00ed zp\u016fsob spr\u00e1vy incident\u016f, po\u017eadavk\u016f na slu\u017eby a&nbsp;zm\u011bn. <\/p><p data-start=\"414\" data-end=\"545\">Va\u0161e t\u00fdmy z\u00edskaj\u00ed lep\u0161\u00ed p\u0159ehled, jasn\u011bj\u0161\u00ed odpov\u011bdnosti a&nbsp;rychlej\u0161\u00ed reakce. Procesy lze sn\u00e1ze \u0159\u00eddit a&nbsp;\u0161k\u00e1lovat. <\/p><h3>AI v&nbsp;procesech ITSM<\/h3><p data-start=\"1507\" data-end=\"1670\">Do va\u0161ich proces\u016f ITSM zav\u00e1d\u00edme um\u011blou inteligenci tam, kde to d\u00e1v\u00e1 smysl. Rutinn\u00ed \u00falohy, jako je klasifikace tiket\u016f, sm\u011brov\u00e1n\u00ed, vyhled\u00e1v\u00e1n\u00ed znalost\u00ed nebo vytv\u00e1\u0159en\u00ed zpr\u00e1v, lze automatizovat. <\/p><p data-start=\"1672\" data-end=\"1807\">T\u00edm se sn\u00ed\u017e\u00ed manu\u00e1ln\u00ed pr\u00e1ce a&nbsp;va\u0161e t\u00fdmy se mohou soust\u0159edit na \u0159e\u0161en\u00ed skute\u010dn\u00fdch probl\u00e9m\u016f. Um\u011bl\u00e1 inteligence podporuje va\u0161e servisn\u00ed t\u00fdmy, ani\u017e by zvy\u0161ovala slo\u017eitost. <\/p>\t\t\t\t\t\t\t\t<\/div>\n\t\t\t\t<\/div>\n\t\t\t\t<\/div>\n\t\t\t\t<\/div>\n\t\t\t\t<div class=\"elementor-element elementor-element-6b9b5b41 elementor-widget elementor-widget-heading\" data-id=\"6b9b5b41\" data-element_type=\"widget\" data-e-type=\"widget\" data-widget_type=\"heading.default\">\n\t\t\t\t<div class=\"elementor-widget-container\">\n\t\t\t\t\t<h2 class=\"elementor-heading-title elementor-size-default\">Na\u0161e \u0159e\u0161en\u00ed<\/h2>\t\t\t\t<\/div>\n\t\t\t\t<\/div>\n\t\t\t\t<div class=\"elementor-element elementor-element-5c677da elementor-widget elementor-widget-text-editor\" data-id=\"5c677da\" data-element_type=\"widget\" data-e-type=\"widget\" data-widget_type=\"text-editor.default\">\n\t\t\t\t<div class=\"elementor-widget-container\">\n\t\t\t\t\t\t\t\t\t<p data-start=\"1882\" data-end=\"1976\">Na\u0161e \u0159e\u0161en\u00ed jsou postavena na osv\u011bd\u010den\u00fdch platform\u00e1ch a&nbsp;v&nbsp;p\u0159\u00edpad\u011b pot\u0159eby roz\u0161\u00ed\u0159ena o&nbsp;vlastn\u00ed v\u00fdvoj.<\/p><p data-start=\"1978\" data-end=\"2246\">Ke spr\u00e1v\u011b slu\u017eeb a&nbsp;strukturov\u00e1n\u00ed znalost\u00ed pou\u017e\u00edv\u00e1me Atlassian Jira Service Management a&nbsp;Confluence. Rovo umo\u017e\u0148uje asistenci AI p\u0159\u00edmo ve va\u0161ich pracovn\u00edch postupech. Pro pokro\u010dil\u00e9 sc\u00e9n\u00e1\u0159e vytv\u00e1\u0159\u00edme vlastn\u00ed \u0159e\u0161en\u00ed AI na platform\u011b Microsoft Azure a&nbsp;integrujeme je do va\u0161eho prost\u0159ed\u00ed.  <\/p><p data-start=\"2248\" data-end=\"2314\">V\u00fdsledkem je spolehliv\u00e9 a&nbsp;efektivn\u00ed nastaven\u00ed ITSM podporovan\u00e9 um\u011blou inteligenc\u00ed.<\/p>\t\t\t\t\t\t\t\t<\/div>\n\t\t\t\t<\/div>\n\t\t<div class=\"elementor-element elementor-element-a3288e4 e-con-full e-flex e-con e-child\" data-id=\"a3288e4\" data-element_type=\"container\" data-e-type=\"container\">\n\t\t<div class=\"elementor-element elementor-element-410a8806 e-con-full animated-fast e-flex e-con e-child\" data-id=\"410a8806\" data-element_type=\"container\" data-e-type=\"container\" data-settings=\"{&quot;background_background&quot;:&quot;classic&quot;,&quot;animation&quot;:&quot;none&quot;,&quot;animation_delay&quot;:1000}\">\n\t\t<div class=\"elementor-element elementor-element-293431fc e-con-full e-flex e-con e-child\" data-id=\"293431fc\" data-element_type=\"container\" data-e-type=\"container\">\n\t\t\t\t<div class=\"elementor-element elementor-element-332505b7 elementor-widget elementor-widget-heading\" data-id=\"332505b7\" data-element_type=\"widget\" data-e-type=\"widget\" data-widget_type=\"heading.default\">\n\t\t\t\t<div class=\"elementor-widget-container\">\n\t\t\t\t\t<h2 class=\"elementor-heading-title elementor-size-default\">Churn Prediction<\/h2>\t\t\t\t<\/div>\n\t\t\t\t<\/div>\n\t\t\t\t<div class=\"elementor-element elementor-element-52e1c57a elementor-widget elementor-widget-text-editor\" data-id=\"52e1c57a\" data-element_type=\"widget\" data-e-type=\"widget\" data-widget_type=\"text-editor.default\">\n\t\t\t\t<div class=\"elementor-widget-container\">\n\t\t\t\t\t\t\t\t\t<div>P\u0159edpov\u00edd\u00e1n\u00ed odchod\u016f na z\u00e1klad\u011b um\u011bl\u00e9 inteligence pom\u00e1h\u00e1 poskytovatel\u016fm energie v\u010das identifikovat rizikov\u00e9 z\u00e1kazn\u00edky, stanovit jejich prioritu podle hodnoty a&nbsp;p\u0159ijmout c\u00edlen\u00e1 opat\u0159en\u00ed ke zlep\u0161en\u00ed retence a&nbsp;ochran\u011b p\u0159\u00edjm\u016f.<\/div><div><a href=\"https:\/\/www.sykorait.com\/cs\/zastavte-odliv-zakazniku-drive-nez-zacne-predvidejte-urcujte-priority-a-udrzte-si-sve-zakazniky-v-oblasti-energetiky\/\">Zjist\u011bte v\u00edce<\/a><\/div>\t\t\t\t\t\t\t\t<\/div>\n\t\t\t\t<\/div>\n\t\t\t\t<\/div>\n\t\t\t\t<\/div>\n\t\t<div class=\"elementor-element elementor-element-5b804d7 e-con-full animated-fast e-flex e-con e-child\" data-id=\"5b804d7\" data-element_type=\"container\" data-e-type=\"container\" data-settings=\"{&quot;background_background&quot;:&quot;classic&quot;,&quot;animation&quot;:&quot;none&quot;,&quot;animation_delay&quot;:1000}\">\n\t\t<div class=\"elementor-element elementor-element-7307eab e-con-full e-flex e-con e-child\" data-id=\"7307eab\" data-element_type=\"container\" data-e-type=\"container\">\n\t\t\t\t<div class=\"elementor-element elementor-element-bfdedac elementor-widget elementor-widget-heading\" data-id=\"bfdedac\" data-element_type=\"widget\" data-e-type=\"widget\" data-widget_type=\"heading.default\">\n\t\t\t\t<div class=\"elementor-widget-container\">\n\t\t\t\t\t<h2 class=\"elementor-heading-title elementor-size-default\">ITSM s&nbsp;AI pro Atlassian Jira nebo USU Service Management <\/h2>\t\t\t\t<\/div>\n\t\t\t\t<\/div>\n\t\t\t\t<div class=\"elementor-element elementor-element-6c8f74c elementor-widget elementor-widget-text-editor\" data-id=\"6c8f74c\" data-element_type=\"widget\" data-e-type=\"widget\" data-widget_type=\"text-editor.default\">\n\t\t\t\t<div class=\"elementor-widget-container\">\n\t\t\t\t\t\t\t\t\t<div><div>P\u0159iprav\u00edme pro v\u00e1s AI \u0159e\u0161en\u00ed na m\u00edru, p\u0159izp\u016fsoben\u00e9 va\u0161emu prost\u0159ed\u00ed, a&nbsp;ov\u011b\u0159\u00edme jeho v\u00fdkon v&nbsp;praxi. Podle v\u00fdsledk\u016f navrhneme, jak \u0159e\u0161en\u00ed nasadit do produkce.  <a href=\"https:\/\/www.sykorait.com\/cs\/sprava-sluzeb-it\/\">Zjist\u011bte v\u00edce<\/a><\/div><\/div>\t\t\t\t\t\t\t\t<\/div>\n\t\t\t\t<\/div>\n\t\t\t\t<\/div>\n\t\t\t\t<\/div>\n\t\t<div class=\"elementor-element elementor-element-16dc6697 e-con-full animated-fast e-flex e-con e-child\" data-id=\"16dc6697\" data-element_type=\"container\" data-e-type=\"container\" data-settings=\"{&quot;background_background&quot;:&quot;classic&quot;,&quot;animation&quot;:&quot;none&quot;,&quot;animation_delay&quot;:750}\">\n\t\t<div class=\"elementor-element elementor-element-7d5e8f65 e-con-full e-flex e-con e-child\" data-id=\"7d5e8f65\" data-element_type=\"container\" data-e-type=\"container\">\n\t\t\t\t<div class=\"elementor-element elementor-element-20475888 elementor-widget elementor-widget-heading\" data-id=\"20475888\" data-element_type=\"widget\" data-e-type=\"widget\" data-widget_type=\"heading.default\">\n\t\t\t\t<div class=\"elementor-widget-container\">\n\t\t\t\t\t<h2 class=\"elementor-heading-title elementor-size-default\">AI agenti pro procesy ITSM<\/h2>\t\t\t\t<\/div>\n\t\t\t\t<\/div>\n\t\t\t\t<div class=\"elementor-element elementor-element-531cdca4 elementor-widget elementor-widget-text-editor\" data-id=\"531cdca4\" data-element_type=\"widget\" data-e-type=\"widget\" data-widget_type=\"text-editor.default\">\n\t\t\t\t<div class=\"elementor-widget-container\">\n\t\t\t\t\t\t\t\t\t<p>Postaveno na <a href=\"https:\/\/www.sykorait.com\/cs\/atlassian-rovo\/\">Atlassian Rovo<\/a> a&nbsp;MS Azure AI. Automatizujte rutinn\u00ed servisn\u00ed \u00falohy, zkra\u0165te dobu \u0159e\u0161en\u00ed a&nbsp;zajist\u011bte konzistentn\u00ed kvalitu slu\u017eeb.  Zvy\u0161te spokojenost z\u00e1kazn\u00edk\u016f a&nbsp;uvoln\u011bte sv\u016fj t\u00fdm, aby se mohl soust\u0159edit na vysoce hodnotn\u00e9 iniciativy. <a href=\"https:\/\/www.sykorait.com\/cs\/agenti-s-umelou-inteligenci-pro-vasi-firmu\/\">Zjist\u011bte v\u00edce<\/a><\/p>\t\t\t\t\t\t\t\t<\/div>\n\t\t\t\t<\/div>\n\t\t\t\t<\/div>\n\t\t\t\t<\/div>\n\t\t\t\t<\/div>\n\t\t\t\t<div class=\"elementor-element elementor-element-1d317c8 elementor-widget elementor-widget-text-editor\" data-id=\"1d317c8\" data-element_type=\"widget\" data-e-type=\"widget\" data-widget_type=\"text-editor.default\">\n\t\t\t\t<div class=\"elementor-widget-container\">\n\t\t\t\t\t\t\t\t\t<h3 data-start=\"1188\" data-end=\"1515\">Zavolejme si<\/h3><article class=\"text-token-text-primary w-full\" dir=\"auto\" data-testid=\"conversation-turn-20\" data-scroll-anchor=\"true\"><div class=\"text-base my-auto mx-auto py-5 [--thread-content-margin:--spacing(4)] @[37rem]:[--thread-content-margin:--spacing(6)] @[72rem]:[--thread-content-margin:--spacing(16)] px-(--thread-content-margin)\"><div class=\"[--thread-content-max-width:32rem] @[34rem]:[--thread-content-max-width:40rem] @[64rem]:[--thread-content-max-width:48rem] mx-auto flex max-w-(--thread-content-max-width) flex-1 text-base gap-4 md:gap-5 lg:gap-6 group\/turn-messages focus-visible:outline-hidden\" tabindex=\"-1\"><div class=\"group\/conversation-turn relative flex w-full min-w-0 flex-col agent-turn\"><div class=\"relative flex-col gap-1 md:gap-3\"><div class=\"flex max-w-full flex-col grow\"><div class=\"min-h-8 text-message relative flex w-full flex-col items-end gap-2 text-start break-words whitespace-normal [.text-message+&amp;]:mt-5\" dir=\"auto\" data-message-author-role=\"assistant\" data-message-id=\"4db3fed6-eac3-48f0-a8e5-f494121fa5e1\" data-message-model-slug=\"gpt-4o\"><div class=\"flex w-full flex-col gap-1 empty:hidden first:pt-[3px]\"><div class=\"markdown prose dark:prose-invert w-full break-words light\"><article class=\"text-token-text-primary w-full\" dir=\"auto\" data-testid=\"conversation-turn-20\" data-scroll-anchor=\"true\"><div class=\"text-base my-auto mx-auto py-5 [--thread-content-margin:--spacing(4)] @[37rem]:[--thread-content-margin:--spacing(6)] @[72rem]:[--thread-content-margin:--spacing(16)] px-(--thread-content-margin)\"><div class=\"[--thread-content-max-width:32rem] @[34rem]:[--thread-content-max-width:40rem] @[64rem]:[--thread-content-max-width:48rem] mx-auto flex max-w-(--thread-content-max-width) flex-1 text-base gap-4 md:gap-5 lg:gap-6 group\/turn-messages focus-visible:outline-hidden\" tabindex=\"-1\"><div class=\"group\/conversation-turn relative flex w-full min-w-0 flex-col agent-turn\"><div class=\"relative flex-col gap-1 md:gap-3\"><div class=\"flex max-w-full flex-col grow\"><div class=\"min-h-8 text-message relative flex w-full flex-col items-end gap-2 text-start break-words whitespace-normal [.text-message+&amp;]:mt-5\" dir=\"auto\" data-message-author-role=\"assistant\" data-message-id=\"4db3fed6-eac3-48f0-a8e5-f494121fa5e1\" data-message-model-slug=\"gpt-4o\"><div class=\"flex w-full flex-col gap-1 empty:hidden first:pt-[3px]\"><div class=\"markdown prose dark:prose-invert w-full break-words light\"><p>M\u00e1te konkr\u00e9tn\u00ed use case, kter\u00fd byste r\u00e1di prozkoumali, nebo m\u00e1te z\u00e1jem vid\u011bt na\u0161e \u0159e\u0161en\u00ed v&nbsp;praxi? <a href=\"https:\/\/www.sykorait.com\/cs\/kontakty\/\">Kontaktujte n\u00e1s<\/a>. R\u00e1di se dozv\u00edme v\u00edce o&nbsp;va\u0161ich pot\u0159eb\u00e1ch a&nbsp;uk\u00e1\u017eeme v\u00e1m, jak v\u00e1m m\u016f\u017eeme pomoci. <\/p><article class=\"text-token-text-primary w-full\" dir=\"auto\" data-testid=\"conversation-turn-20\" data-scroll-anchor=\"true\"><div class=\"text-base my-auto mx-auto py-5 [--thread-content-margin:--spacing(4)] @[37rem]:[--thread-content-margin:--spacing(6)] @[72rem]:[--thread-content-margin:--spacing(16)] px-(--thread-content-margin)\"><div class=\"[--thread-content-max-width:32rem] @[34rem]:[--thread-content-max-width:40rem] @[64rem]:[--thread-content-max-width:48rem] mx-auto flex max-w-(--thread-content-max-width) flex-1 text-base gap-4 md:gap-5 lg:gap-6 group\/turn-messages focus-visible:outline-hidden\" tabindex=\"-1\"><div class=\"group\/conversation-turn relative flex w-full min-w-0 flex-col agent-turn\"><div class=\"relative flex-col gap-1 md:gap-3\"><div class=\"flex max-w-full flex-col grow\"><div class=\"min-h-8 text-message relative flex w-full flex-col items-end gap-2 text-start break-words whitespace-normal [.text-message+&amp;]:mt-5\" dir=\"auto\" data-message-author-role=\"assistant\" data-message-id=\"4db3fed6-eac3-48f0-a8e5-f494121fa5e1\" data-message-model-slug=\"gpt-4o\"><div class=\"flex w-full flex-col gap-1 empty:hidden first:pt-[3px]\"><div class=\"markdown prose dark:prose-invert w-full break-words light\"><p data-start=\"100\" data-end=\"308\" data-is-last-node=\"\" data-is-only-node=\"\">Dobr\u00fdm za\u010d\u00e1tkem je c\u00edlen\u00fd workshop.<\/p><\/div><\/div><\/div><\/div><\/div><\/div><\/div><\/div><\/article><\/div><\/div><\/div><\/div><\/div><\/div><\/div><\/div><\/article><\/div><\/div><\/div><\/div><\/div><\/div><\/div><\/div><\/article>\t\t\t\t\t\t\t\t<\/div>\n\t\t\t\t<\/div>\n\t\t\t\t\t<\/div>\n\t\t\t\t<\/div>\n\t\t<div class=\"elementor-element elementor-element-e14428e e-flex e-con-boxed e-con e-parent\" data-id=\"e14428e\" data-element_type=\"container\" data-e-type=\"container\" data-settings=\"{&quot;background_background&quot;:&quot;classic&quot;}\">\n\t\t\t\t\t<div class=\"e-con-inner\">\n\t\t<div class=\"elementor-element elementor-element-039cff7 e-grid e-con-full e-con e-child\" data-id=\"039cff7\" data-element_type=\"container\" data-e-type=\"container\">\n\t\t<div class=\"elementor-element elementor-element-818b98c e-con-full e-flex e-con e-child\" data-id=\"818b98c\" data-element_type=\"container\" data-e-type=\"container\">\n\t\t\t\t<div class=\"elementor-element elementor-element-ff2ec6f elementor-widget elementor-widget-heading\" data-id=\"ff2ec6f\" data-element_type=\"widget\" data-e-type=\"widget\" data-widget_type=\"heading.default\">\n\t\t\t\t<div class=\"elementor-widget-container\">\n\t\t\t\t\t<h2 class=\"elementor-heading-title elementor-size-default\">Dal\u0161\u00ed informace:<\/h2>\t\t\t\t<\/div>\n\t\t\t\t<\/div>\n\t\t\t\t<\/div>\n\t\t\t\t<\/div>\n\t\t<div class=\"elementor-element elementor-element-a17e33b e-grid e-con-full e-con e-child\" data-id=\"a17e33b\" data-element_type=\"container\" data-e-type=\"container\">\n\t\t<div class=\"elementor-element elementor-element-bd98ffc e-con-full e-flex e-con e-child\" data-id=\"bd98ffc\" data-element_type=\"container\" data-e-type=\"container\">\n\t\t\t\t<div class=\"elementor-element elementor-element-c088a3b elementor-grid-3 elementor-grid-tablet-2 elementor-grid-mobile-1 elementor-posts--thumbnail-top elementor-widget elementor-widget-posts\" data-id=\"c088a3b\" data-element_type=\"widget\" data-e-type=\"widget\" data-settings=\"{&quot;classic_masonry&quot;:&quot;yes&quot;,&quot;classic_columns&quot;:&quot;3&quot;,&quot;classic_columns_tablet&quot;:&quot;2&quot;,&quot;classic_columns_mobile&quot;:&quot;1&quot;,&quot;classic_row_gap&quot;:{&quot;unit&quot;:&quot;px&quot;,&quot;size&quot;:35,&quot;sizes&quot;:[]},&quot;classic_row_gap_tablet&quot;:{&quot;unit&quot;:&quot;px&quot;,&quot;size&quot;:&quot;&quot;,&quot;sizes&quot;:[]},&quot;classic_row_gap_mobile&quot;:{&quot;unit&quot;:&quot;px&quot;,&quot;size&quot;:&quot;&quot;,&quot;sizes&quot;:[]}}\" data-widget_type=\"posts.classic\">\n\t\t\t\t<div class=\"elementor-widget-container\">\n\t\t\t\t\t\t\t<div class=\"elementor-posts-container elementor-posts elementor-posts--skin-classic elementor-grid\" role=\"list\">\n\t\t\t\t<article class=\"elementor-post elementor-grid-item post-4620 post type-post status-publish format-standard has-post-thumbnail hentry category-sykorait-blog tag-ai-digitalization tag-all-industries tag-homepage tag-itsm tag-usu\" role=\"listitem\">\n\t\t\t\t<a class=\"elementor-post__thumbnail__link\" href=\"https:\/\/www.sykorait.com\/cs\/extending-usu-service-management-with-azure-based-ai-features\/\" tabindex=\"-1\">\n\t\t\t<div class=\"elementor-post__thumbnail\"><img fetchpriority=\"high\" decoding=\"async\" width=\"800\" height=\"534\" src=\"https:\/\/www.sykorait.com\/wp-content\/uploads\/2025\/10\/5827c560-1a81-4abb-96be-904fec7639b9-1024x683.png\" class=\"attachment-large size-large wp-image-4625\" alt=\"Extending USU Service Management with Azure-Based AI Features\" \/><\/div>\n\t\t<\/a>\n\t\t\t\t<div class=\"elementor-post__text\">\n\t\t\t\t<h3 class=\"elementor-post__title\">\n\t\t\t<a href=\"https:\/\/www.sykorait.com\/cs\/extending-usu-service-management-with-azure-based-ai-features\/\">\n\t\t\t\tExtending USU Service Management with Azure-Based AI Features\t\t\t<\/a>\n\t\t<\/h3>\n\t\t\t\t<div class=\"elementor-post__excerpt\">\n\t\t\t<p>When AI Cloud Meets On-Prem Solutions AI has already become part of our daily lives\u2014whether in our phones, cars, email, or office applications. Most of these innovations are cloud-driven, bringing continuous improvements powered by state-of-the-art AI. But what about on-premise enterprise software? Can it also benefit from these advances while<\/p>\n\t\t<\/div>\n\t\t\t\t<\/div>\n\t\t\t\t<\/article>\n\t\t\t\t<article class=\"elementor-post elementor-grid-item post-4474 post type-post status-publish format-standard has-post-thumbnail hentry category-sykorait-blog tag-ai-agents tag-all-industries tag-banking tag-energy tag-manufacturing tag-rovo-article tag-saas\" role=\"listitem\">\n\t\t\t\t<a class=\"elementor-post__thumbnail__link\" href=\"https:\/\/www.sykorait.com\/cs\/how-we-build-value-with-atlassian-rovo-and-forge\/\" tabindex=\"-1\">\n\t\t\t<div class=\"elementor-post__thumbnail\"><img decoding=\"async\" width=\"800\" height=\"450\" src=\"https:\/\/www.sykorait.com\/wp-content\/uploads\/2025\/10\/1759070474853-1024x576.png\" class=\"attachment-large size-large wp-image-4475\" alt=\"How We Build Value with Atlassian Rovo and Forge\" srcset=\"https:\/\/www.sykorait.com\/wp-content\/uploads\/2025\/10\/1759070474853-1024x576.png 1024w, https:\/\/www.sykorait.com\/wp-content\/uploads\/2025\/10\/1759070474853-300x169.png 300w, https:\/\/www.sykorait.com\/wp-content\/uploads\/2025\/10\/1759070474853-768x432.png 768w, https:\/\/www.sykorait.com\/wp-content\/uploads\/2025\/10\/1759070474853.png 1280w\" sizes=\"(max-width: 800px) 100vw, 800px\" \/><\/div>\n\t\t<\/a>\n\t\t\t\t<div class=\"elementor-post__text\">\n\t\t\t\t<h3 class=\"elementor-post__title\">\n\t\t\t<a href=\"https:\/\/www.sykorait.com\/cs\/how-we-build-value-with-atlassian-rovo-and-forge\/\">\n\t\t\t\tHow We Build Value with Atlassian Rovo and Forge\t\t\t<\/a>\n\t\t<\/h3>\n\t\t\t\t<div class=\"elementor-post__excerpt\">\n\t\t\t<p>Why Customization is the Key to Real Value from Rovo AI These days we hear about AI everywhere, all the time. It transforms the way we work, automates tasks, and brings possibilities we hadn\u2019t even thought about a&nbsp;few years ago. Atlassian, with their AI features and especially Rovo, belongs among<\/p>\n\t\t<\/div>\n\t\t\t\t<\/div>\n\t\t\t\t<\/article>\n\t\t\t\t<\/div>\n\t\t\n\t\t\t\t\t\t<\/div>\n\t\t\t\t<\/div>\n\t\t\t\t<\/div>\n\t\t\t\t<\/div>\n\t\t\t\t\t<\/div>\n\t\t\t\t<\/div>\n\t\t\t\t<\/div>\n\t\t","protected":false},"excerpt":{"rendered":"<p>Od proces\u016f k&nbsp;inteligenci: Automatizujte s&nbsp;AI Spolehliv\u00e9 IT slu\u017eby pro energetick\u00e9 provozy V&nbsp;energetick\u00e9m sektoru jsou IT slu\u017eby kl\u00ed\u010dov\u00e9 pro ka\u017edodenn\u00ed provoz. Z\u00e1rove\u0148 je v\u0161ak mnoho proces\u016f st\u00e1le manu\u00e1ln\u00edch, rozt\u0159\u00ed\u0161t\u011bn\u00fdch nebo obt\u00ed\u017en\u011b zvl\u00e1dnuteln\u00fdch nap\u0159\u00ed\u010d t\u00fdmy a&nbsp;syst\u00e9my. Po\u017eadavky na slu\u017eby, incidenty a&nbsp;zm\u011bny \u010dasto vy\u017eaduj\u00ed p\u0159\u00edli\u0161 mnoho koordinace a&nbsp;d\u016fle\u017eit\u00e9 informace nejsou v\u017edy k&nbsp;dispozici, kdy\u017e jsou pot\u0159eba. To vede [&hellip;]<\/p>\n","protected":false},"author":1,"featured_media":3042,"parent":0,"menu_order":0,"comment_status":"closed","ping_status":"closed","template":"","meta":{"footnotes":""},"class_list":["post-3883","page","type-page","status-publish","has-post-thumbnail","hentry"],"_links":{"self":[{"href":"https:\/\/www.sykorait.com\/cs\/wp-json\/wp\/v2\/pages\/3883","targetHints":{"allow":["GET"]}}],"collection":[{"href":"https:\/\/www.sykorait.com\/cs\/wp-json\/wp\/v2\/pages"}],"about":[{"href":"https:\/\/www.sykorait.com\/cs\/wp-json\/wp\/v2\/types\/page"}],"author":[{"embeddable":true,"href":"https:\/\/www.sykorait.com\/cs\/wp-json\/wp\/v2\/users\/1"}],"replies":[{"embeddable":true,"href":"https:\/\/www.sykorait.com\/cs\/wp-json\/wp\/v2\/comments?post=3883"}],"version-history":[{"count":17,"href":"https:\/\/www.sykorait.com\/cs\/wp-json\/wp\/v2\/pages\/3883\/revisions"}],"predecessor-version":[{"id":6624,"href":"https:\/\/www.sykorait.com\/cs\/wp-json\/wp\/v2\/pages\/3883\/revisions\/6624"}],"wp:featuredmedia":[{"embeddable":true,"href":"https:\/\/www.sykorait.com\/cs\/wp-json\/wp\/v2\/media\/3042"}],"wp:attachment":[{"href":"https:\/\/www.sykorait.com\/cs\/wp-json\/wp\/v2\/media?parent=3883"}],"curies":[{"name":"wp","href":"https:\/\/api.w.org\/{rel}","templated":true}]}}