{"id":3876,"date":"2025-06-27T17:49:18","date_gmt":"2025-06-27T15:49:18","guid":{"rendered":"https:\/\/www.sykorait.com\/poskytovatele-it-sluzeb\/"},"modified":"2025-10-03T13:37:45","modified_gmt":"2025-10-03T11:37:45","slug":"poskytovatele-it-sluzeb","status":"publish","type":"page","link":"https:\/\/www.sykorait.com\/cs\/poskytovatele-it-sluzeb\/","title":{"rendered":"Poskytovatel\u00e9 IT slu\u017eeb"},"content":{"rendered":"\t\t<div data-elementor-type=\"wp-page\" data-elementor-id=\"3876\" class=\"elementor elementor-3876 elementor-2769\" data-elementor-post-type=\"page\">\n\t\t\t\t<div class=\"elementor-element elementor-element-7f882a0b e-flex e-con-boxed e-con e-parent\" data-id=\"7f882a0b\" data-element_type=\"container\" data-e-type=\"container\" data-settings=\"{&quot;background_background&quot;:&quot;classic&quot;}\">\n\t\t\t\t\t<div class=\"e-con-inner\">\n\t\t<div class=\"elementor-element elementor-element-7f7385a9 e-flex e-con-boxed e-con e-child\" data-id=\"7f7385a9\" data-element_type=\"container\" data-e-type=\"container\">\n\t\t\t\t\t<div class=\"e-con-inner\">\n\t\t\t\t<div class=\"elementor-element elementor-element-7e18c59d elementor-widget elementor-widget-heading\" data-id=\"7e18c59d\" data-element_type=\"widget\" data-e-type=\"widget\" data-widget_type=\"heading.default\">\n\t\t\t\t<div class=\"elementor-widget-container\">\n\t\t\t\t\t<h1 class=\"elementor-heading-title elementor-size-default\">Poskytovatel\u00e9 IT slu\u017eeb<\/h1>\t\t\t\t<\/div>\n\t\t\t\t<\/div>\n\t\t\t\t<div class=\"elementor-element elementor-element-6a55f91e elementor-widget elementor-widget-heading\" data-id=\"6a55f91e\" data-element_type=\"widget\" data-e-type=\"widget\" data-widget_type=\"heading.default\">\n\t\t\t\t<div class=\"elementor-widget-container\">\n\t\t\t\t\t<h2 class=\"elementor-heading-title elementor-size-default\">Od proces\u016f k&nbsp;inteligenci: Automatizujte s&nbsp;AI<\/h2>\t\t\t\t<\/div>\n\t\t\t\t<\/div>\n\t\t\t\t\t<\/div>\n\t\t\t\t<\/div>\n\t\t\t\t\t<\/div>\n\t\t\t\t<\/div>\n\t\t<div class=\"elementor-element elementor-element-29313526 e-flex e-con-boxed e-con e-parent\" data-id=\"29313526\" data-element_type=\"container\" data-e-type=\"container\" data-settings=\"{&quot;background_background&quot;:&quot;classic&quot;}\">\n\t\t\t\t\t<div class=\"e-con-inner\">\n\t\t<div class=\"elementor-element elementor-element-41438d9a e-con-full e-flex e-con e-child\" data-id=\"41438d9a\" data-element_type=\"container\" data-e-type=\"container\">\n\t\t<div class=\"elementor-element elementor-element-c2260b3 e-con-full animated-fast e-flex e-con e-child\" data-id=\"c2260b3\" data-element_type=\"container\" data-e-type=\"container\" data-settings=\"{&quot;animation&quot;:&quot;none&quot;,&quot;animation_delay&quot;:750}\">\n\t\t\t\t<div class=\"elementor-element elementor-element-58867fe elementor-widget__width-initial elementor-widget elementor-widget-heading\" data-id=\"58867fe\" data-element_type=\"widget\" data-e-type=\"widget\" data-widget_type=\"heading.default\">\n\t\t\t\t<div class=\"elementor-widget-container\">\n\t\t\t\t\t<h2 class=\"elementor-heading-title elementor-size-default\">Orientace ve slo\u017eitosti: <\/h2>\t\t\t\t<\/div>\n\t\t\t\t<\/div>\n\t\t\t\t<div class=\"elementor-element elementor-element-9fee40a elementor-widget elementor-widget-text-editor\" data-id=\"9fee40a\" data-element_type=\"widget\" data-e-type=\"widget\" data-widget_type=\"text-editor.default\">\n\t\t\t\t<div class=\"elementor-widget-container\">\n\t\t\t\t\t\t\t\t\t<p data-start=\"329\" data-end=\"546\">Poskytovatel\u00e9 IT slu\u017eeb jsou pod st\u00e1l\u00fdm tlakem dod\u00e1vat rychlej\u0161\u00ed a&nbsp;spolehliv\u011bj\u0161\u00ed slu\u017eby \u2013 a&nbsp;z\u00e1rove\u0148 zvl\u00e1dat prost\u0159ed\u00ed s&nbsp;v\u00edce klienty, r\u016fzn\u00e9 n\u00e1stroje, rostouc\u00ed po\u017eadavky na dodr\u017eov\u00e1n\u00ed p\u0159edpis\u016f a&nbsp;nedostatek kvalifikovan\u00fdch odborn\u00edk\u016f.<\/p><h3>Va\u0161e v\u00fdhoda s&nbsp;AI:<\/h3><p data-start=\"571\" data-end=\"869\">Pom\u00e1h\u00e1me spole\u010dnostem poskytuj\u00edc\u00edm IT slu\u017eby zvy\u0161ovat efektivitu, sni\u017eovat provozn\u00ed n\u00e1klady a&nbsp;zlep\u0161ovat kvalitu slu\u017eeb t\u00edm, \u017ee rutinn\u00ed procesy m\u011bn\u00edme na inteligentn\u00ed automatizovan\u00e9 postupy. A\u0165 u\u017e jde o&nbsp;spr\u00e1vu intern\u00edch operac\u00ed nebo poskytov\u00e1n\u00ed outsourcovan\u00fdch slu\u017eeb, AI v\u00e1m umo\u017en\u00ed zrychlit \u0159e\u0161en\u00ed incident\u016f a&nbsp;tiket\u016f, sjednotit poskytov\u00e1n\u00ed slu\u017eeb nap\u0159\u00ed\u010d z\u00e1kazn\u00edky a&nbsp;platformami, automatizovat reporting o&nbsp;dodr\u017eov\u00e1n\u00ed p\u0159edpis\u016f a&nbsp;bezpe\u010dnostn\u00ed hodnocen\u00ed, odstranit opakovanou pr\u00e1ci v&nbsp;ITSM a&nbsp;back-office funkc\u00edch a&nbsp;p\u0159in\u00e1\u0161et klient\u016fm v\u011bt\u0161\u00ed hodnotu d\u00edky poznatk\u016fm z&nbsp;dat. <\/p>\t\t\t\t\t\t\t\t<\/div>\n\t\t\t\t<\/div>\n\t\t\t\t<\/div>\n\t\t\t\t<\/div>\n\t\t\t\t<div class=\"elementor-element elementor-element-1d311125 elementor-widget elementor-widget-heading\" data-id=\"1d311125\" data-element_type=\"widget\" data-e-type=\"widget\" data-widget_type=\"heading.default\">\n\t\t\t\t<div class=\"elementor-widget-container\">\n\t\t\t\t\t<h2 class=\"elementor-heading-title elementor-size-default\">Na\u0161e \u0159e\u0161en\u00ed<\/h2>\t\t\t\t<\/div>\n\t\t\t\t<\/div>\n\t\t<div class=\"elementor-element elementor-element-6884f664 e-con-full e-flex e-con e-child\" data-id=\"6884f664\" data-element_type=\"container\" data-e-type=\"container\">\n\t\t<div class=\"elementor-element elementor-element-6f327f51 e-con-full animated-fast e-flex e-con e-child\" data-id=\"6f327f51\" data-element_type=\"container\" data-e-type=\"container\" data-settings=\"{&quot;background_background&quot;:&quot;classic&quot;,&quot;animation&quot;:&quot;none&quot;,&quot;animation_delay&quot;:1000}\">\n\t\t<div class=\"elementor-element elementor-element-77e0b8fa e-con-full e-flex e-con e-child\" data-id=\"77e0b8fa\" data-element_type=\"container\" data-e-type=\"container\">\n\t\t\t\t<div class=\"elementor-element elementor-element-2ee73baf elementor-widget elementor-widget-heading\" data-id=\"2ee73baf\" data-element_type=\"widget\" data-e-type=\"widget\" data-widget_type=\"heading.default\">\n\t\t\t\t<div class=\"elementor-widget-container\">\n\t\t\t\t\t<h2 class=\"elementor-heading-title elementor-size-default\">ITSM s&nbsp;AI pro Atlassian Jira nebo USU Service Management <\/h2>\t\t\t\t<\/div>\n\t\t\t\t<\/div>\n\t\t\t\t<div class=\"elementor-element elementor-element-10e409e6 elementor-widget elementor-widget-text-editor\" data-id=\"10e409e6\" data-element_type=\"widget\" data-e-type=\"widget\" data-widget_type=\"text-editor.default\">\n\t\t\t\t<div class=\"elementor-widget-container\">\n\t\t\t\t\t\t\t\t\t<div>\n<div>P\u0159iprav\u00edme pro v\u00e1s AI \u0159e\u0161en\u00ed na m\u00edru, p\u0159izp\u016fsoben\u00e9 va\u0161emu prost\u0159ed\u00ed, a&nbsp;ov\u011b\u0159\u00edme jeho v\u00fdkon v&nbsp;praxi. Podle v\u00fdsledk\u016f navrhneme, jak \u0159e\u0161en\u00ed nasadit do provozu. <a href=\"https:\/\/www.sykorait.com\/cs\/sprava-sluzeb-it\/\"><span class=\"EOP SCXW65213184 BCX0\" data-ccp-props=\"{\"335559685\":1440}\">  Zjist\u011bte v\u00edce<\/span><\/a><\/div>\n<\/div>\t\t\t\t\t\t\t\t<\/div>\n\t\t\t\t<\/div>\n\t\t\t\t<\/div>\n\t\t\t\t<\/div>\n\t\t<div class=\"elementor-element elementor-element-564bac72 e-con-full animated-fast e-flex e-con e-child\" data-id=\"564bac72\" data-element_type=\"container\" data-e-type=\"container\" data-settings=\"{&quot;background_background&quot;:&quot;classic&quot;,&quot;animation&quot;:&quot;none&quot;,&quot;animation_delay&quot;:750}\">\n\t\t<div class=\"elementor-element elementor-element-17d0feea e-con-full e-flex e-con e-child\" data-id=\"17d0feea\" data-element_type=\"container\" data-e-type=\"container\">\n\t\t\t\t<div class=\"elementor-element elementor-element-4393b2b4 elementor-widget elementor-widget-heading\" data-id=\"4393b2b4\" data-element_type=\"widget\" data-e-type=\"widget\" data-widget_type=\"heading.default\">\n\t\t\t\t<div class=\"elementor-widget-container\">\n\t\t\t\t\t<h2 class=\"elementor-heading-title elementor-size-default\">AI agenti pro procesy ITSM<\/h2>\t\t\t\t<\/div>\n\t\t\t\t<\/div>\n\t\t\t\t<div class=\"elementor-element elementor-element-593429c3 elementor-widget elementor-widget-text-editor\" data-id=\"593429c3\" data-element_type=\"widget\" data-e-type=\"widget\" data-widget_type=\"text-editor.default\">\n\t\t\t\t<div class=\"elementor-widget-container\">\n\t\t\t\t\t\t\t\t\t<p>Postaveno na Atlassian Rovo a&nbsp;MS Azure AI. Automatizujte rutinn\u00ed \u00fakoly podpory, zkra\u0165te dobu \u0159e\u0161en\u00ed a&nbsp;udr\u017eujte stabiln\u00ed kvalitu slu\u017eeb. Zvy\u0161te spokojenost z\u00e1kazn\u00edk\u016f a&nbsp;dejte sv\u00e9mu t\u00fdmu prostor v\u011bnovat se d\u016fle\u017eit\u011bj\u0161\u00edm priorit\u00e1m.   <a href=\"https:\/\/www.sykorait.com\/cs\/agenti-s-umelou-inteligenci-pro-vasi-firmu\/\">Zjist\u011bte v\u00edce<\/a><\/p>\t\t\t\t\t\t\t\t<\/div>\n\t\t\t\t<\/div>\n\t\t\t\t<\/div>\n\t\t\t\t<\/div>\n\t\t<div class=\"elementor-element elementor-element-bcdce45 e-con-full animated-fast e-flex e-con e-child\" data-id=\"bcdce45\" data-element_type=\"container\" data-e-type=\"container\" data-settings=\"{&quot;background_background&quot;:&quot;classic&quot;,&quot;animation&quot;:&quot;none&quot;,&quot;animation_delay&quot;:750}\">\n\t\t<div class=\"elementor-element elementor-element-29c47d0 e-con-full e-flex e-con e-child\" data-id=\"29c47d0\" data-element_type=\"container\" data-e-type=\"container\">\n\t\t\t\t<div class=\"elementor-element elementor-element-cbfdadb elementor-widget elementor-widget-heading\" data-id=\"cbfdadb\" data-element_type=\"widget\" data-e-type=\"widget\" data-widget_type=\"heading.default\">\n\t\t\t\t<div class=\"elementor-widget-container\">\n\t\t\t\t\t<h2 class=\"elementor-heading-title elementor-size-default\">Cloud Asset Management<\/h2>\t\t\t\t<\/div>\n\t\t\t\t<\/div>\n\t\t\t\t<div class=\"elementor-element elementor-element-2f00d5d elementor-widget elementor-widget-text-editor\" data-id=\"2f00d5d\" data-element_type=\"widget\" data-e-type=\"widget\" data-widget_type=\"text-editor.default\">\n\t\t\t\t<div class=\"elementor-widget-container\">\n\t\t\t\t\t\t\t\t\t<p>Z\u00edskejte \u00fapln\u00fd p\u0159ehled a&nbsp;kontrolu nad cloudovou infrastrukturou s&nbsp;<a href=\"https:\/\/marketplace.atlassian.com\/apps\/1234296\/azure-sync-for-jira-assets\" target=\"_blank\" rel=\"noopener\">\n  <strong data-start=\"229\" data-end=\"259\">Azure Sync pro Jira Assets<\/strong>\n<\/a>. D\u00edky propojen\u00ed Microsoft Azure a&nbsp;Jira Assets je va\u0161e CMDB v\u017edy aktu\u00e1ln\u00ed s&nbsp;daty v&nbsp;re\u00e1ln\u00e9m \u010dase. Automatizujte spr\u00e1vu prost\u0159edk\u016f, zp\u0159esn\u011bte slu\u017eby a&nbsp;zajist\u011bte dodr\u017eov\u00e1n\u00ed p\u0159edpis\u016f v&nbsp;cel\u00e9m IT prost\u0159ed\u00ed.  <\/p>\t\t\t\t\t\t\t\t<\/div>\n\t\t\t\t<\/div>\n\t\t\t\t<\/div>\n\t\t\t\t<\/div>\n\t\t\t\t<\/div>\n\t\t\t\t<div class=\"elementor-element elementor-element-2c05755 elementor-widget elementor-widget-text-editor\" data-id=\"2c05755\" data-element_type=\"widget\" data-e-type=\"widget\" data-widget_type=\"text-editor.default\">\n\t\t\t\t<div class=\"elementor-widget-container\">\n\t\t\t\t\t\t\t\t\t<h3 data-start=\"1188\" data-end=\"1515\">Zavolejme si<\/h3><article class=\"text-token-text-primary w-full\" dir=\"auto\" data-testid=\"conversation-turn-20\" data-scroll-anchor=\"true\"><div class=\"text-base my-auto mx-auto py-5 [--thread-content-margin:--spacing(4)] @[37rem]:[--thread-content-margin:--spacing(6)] @[72rem]:[--thread-content-margin:--spacing(16)] px-(--thread-content-margin)\"><div class=\"[--thread-content-max-width:32rem] @[34rem]:[--thread-content-max-width:40rem] @[64rem]:[--thread-content-max-width:48rem] mx-auto flex max-w-(--thread-content-max-width) flex-1 text-base gap-4 md:gap-5 lg:gap-6 group\/turn-messages focus-visible:outline-hidden\" tabindex=\"-1\"><div class=\"group\/conversation-turn relative flex w-full min-w-0 flex-col agent-turn\"><div class=\"relative flex-col gap-1 md:gap-3\"><div class=\"flex max-w-full flex-col grow\"><div class=\"min-h-8 text-message relative flex w-full flex-col items-end gap-2 text-start break-words whitespace-normal [.text-message+&amp;]:mt-5\" dir=\"auto\" data-message-author-role=\"assistant\" data-message-id=\"4db3fed6-eac3-48f0-a8e5-f494121fa5e1\" data-message-model-slug=\"gpt-4o\"><div class=\"flex w-full flex-col gap-1 empty:hidden first:pt-[3px]\"><div class=\"markdown prose dark:prose-invert w-full break-words light\"><p data-start=\"100\" data-end=\"308\" data-is-last-node=\"\" data-is-only-node=\"\">M\u00e1te konkr\u00e9tn\u00ed use case, kter\u00fd byste r\u00e1di prozkoumali, nebo m\u00e1te z\u00e1jem vid\u011bt na\u0161e \u0159e\u0161en\u00ed v&nbsp;praxi? <a href=\"https:\/\/www.sykorait.com\/cs\/kontakty\/\">Kontaktujte n\u00e1s<\/a>. R\u00e1di se dozv\u00edme v\u00edce o&nbsp;va\u0161ich pot\u0159eb\u00e1ch a&nbsp;uk\u00e1\u017eeme v\u00e1m, jak v\u00e1m m\u016f\u017eeme pomoci. <\/p><\/div><\/div><\/div><\/div><\/div><\/div><\/div><\/div><\/article>\t\t\t\t\t\t\t\t<\/div>\n\t\t\t\t<\/div>\n\t\t\t\t\t<\/div>\n\t\t\t\t<\/div>\n\t\t<div class=\"elementor-element elementor-element-712d8e4 e-flex e-con-boxed e-con e-parent\" data-id=\"712d8e4\" data-element_type=\"container\" data-e-type=\"container\" data-settings=\"{&quot;background_background&quot;:&quot;classic&quot;}\">\n\t\t\t\t\t<div class=\"e-con-inner\">\n\t\t<div class=\"elementor-element elementor-element-79b0baf e-grid e-con-full e-con e-child\" data-id=\"79b0baf\" data-element_type=\"container\" data-e-type=\"container\">\n\t\t<div class=\"elementor-element elementor-element-0f715e0 e-con-full e-flex e-con e-child\" data-id=\"0f715e0\" data-element_type=\"container\" data-e-type=\"container\">\n\t\t\t\t<div class=\"elementor-element elementor-element-d39e454 elementor-widget elementor-widget-heading\" data-id=\"d39e454\" data-element_type=\"widget\" data-e-type=\"widget\" data-widget_type=\"heading.default\">\n\t\t\t\t<div class=\"elementor-widget-container\">\n\t\t\t\t\t<h2 class=\"elementor-heading-title elementor-size-default\">Explore More:<\/h2>\t\t\t\t<\/div>\n\t\t\t\t<\/div>\n\t\t\t\t<\/div>\n\t\t\t\t<\/div>\n\t\t<div class=\"elementor-element elementor-element-d4f6881 e-grid e-con-full e-con e-child\" data-id=\"d4f6881\" data-element_type=\"container\" data-e-type=\"container\">\n\t\t<div class=\"elementor-element elementor-element-737e8ee e-con-full e-flex e-con e-child\" data-id=\"737e8ee\" data-element_type=\"container\" data-e-type=\"container\">\n\t\t\t\t<div class=\"elementor-element elementor-element-56cf71e elementor-grid-3 elementor-grid-tablet-2 elementor-grid-mobile-1 elementor-posts--thumbnail-top elementor-widget elementor-widget-posts\" data-id=\"56cf71e\" data-element_type=\"widget\" data-e-type=\"widget\" data-settings=\"{&quot;classic_masonry&quot;:&quot;yes&quot;,&quot;classic_columns&quot;:&quot;3&quot;,&quot;classic_columns_tablet&quot;:&quot;2&quot;,&quot;classic_columns_mobile&quot;:&quot;1&quot;,&quot;classic_row_gap&quot;:{&quot;unit&quot;:&quot;px&quot;,&quot;size&quot;:35,&quot;sizes&quot;:[]},&quot;classic_row_gap_tablet&quot;:{&quot;unit&quot;:&quot;px&quot;,&quot;size&quot;:&quot;&quot;,&quot;sizes&quot;:[]},&quot;classic_row_gap_mobile&quot;:{&quot;unit&quot;:&quot;px&quot;,&quot;size&quot;:&quot;&quot;,&quot;sizes&quot;:[]}}\" data-widget_type=\"posts.classic\">\n\t\t\t\t<div class=\"elementor-widget-container\">\n\t\t\t\t\t\t\t<div class=\"elementor-posts-container elementor-posts elementor-posts--skin-classic elementor-grid\" role=\"list\">\n\t\t\t\t<article class=\"elementor-post elementor-grid-item post-4620 post type-post status-publish format-standard has-post-thumbnail hentry category-sykorait-blog tag-ai-digitalization tag-all-industries tag-homepage tag-itsm tag-usu\" role=\"listitem\">\n\t\t\t\t<a class=\"elementor-post__thumbnail__link\" href=\"https:\/\/www.sykorait.com\/cs\/extending-usu-service-management-with-azure-based-ai-features\/\" tabindex=\"-1\">\n\t\t\t<div class=\"elementor-post__thumbnail\"><img fetchpriority=\"high\" decoding=\"async\" width=\"800\" height=\"534\" src=\"https:\/\/www.sykorait.com\/wp-content\/uploads\/2025\/10\/5827c560-1a81-4abb-96be-904fec7639b9-1024x683.png\" class=\"attachment-large size-large wp-image-4625\" alt=\"Extending USU Service Management with Azure-Based AI Features\" \/><\/div>\n\t\t<\/a>\n\t\t\t\t<div class=\"elementor-post__text\">\n\t\t\t\t<h3 class=\"elementor-post__title\">\n\t\t\t<a href=\"https:\/\/www.sykorait.com\/cs\/extending-usu-service-management-with-azure-based-ai-features\/\">\n\t\t\t\tExtending USU Service Management with Azure-Based AI Features\t\t\t<\/a>\n\t\t<\/h3>\n\t\t\t\t<div class=\"elementor-post__excerpt\">\n\t\t\t<p>When AI Cloud Meets On-Prem Solutions AI has already become part of our daily lives\u2014whether in our phones, cars, email, or office applications. Most of these innovations are cloud-driven, bringing continuous improvements powered by state-of-the-art AI. But what about on-premise enterprise software? Can it also benefit from these advances while<\/p>\n\t\t<\/div>\n\t\t\t\t<\/div>\n\t\t\t\t<\/article>\n\t\t\t\t<article class=\"elementor-post elementor-grid-item post-4474 post type-post status-publish format-standard has-post-thumbnail hentry category-sykorait-blog tag-ai-agents tag-all-industries tag-banking tag-energy tag-manufacturing tag-rovo-article tag-saas\" role=\"listitem\">\n\t\t\t\t<a class=\"elementor-post__thumbnail__link\" href=\"https:\/\/www.sykorait.com\/cs\/how-we-build-value-with-atlassian-rovo-and-forge\/\" tabindex=\"-1\">\n\t\t\t<div class=\"elementor-post__thumbnail\"><img decoding=\"async\" width=\"800\" height=\"450\" src=\"https:\/\/www.sykorait.com\/wp-content\/uploads\/2025\/10\/1759070474853-1024x576.png\" class=\"attachment-large size-large wp-image-4475\" alt=\"How We Build Value with Atlassian Rovo and Forge\" srcset=\"https:\/\/www.sykorait.com\/wp-content\/uploads\/2025\/10\/1759070474853-1024x576.png 1024w, https:\/\/www.sykorait.com\/wp-content\/uploads\/2025\/10\/1759070474853-300x169.png 300w, https:\/\/www.sykorait.com\/wp-content\/uploads\/2025\/10\/1759070474853-768x432.png 768w, https:\/\/www.sykorait.com\/wp-content\/uploads\/2025\/10\/1759070474853.png 1280w\" sizes=\"(max-width: 800px) 100vw, 800px\" \/><\/div>\n\t\t<\/a>\n\t\t\t\t<div class=\"elementor-post__text\">\n\t\t\t\t<h3 class=\"elementor-post__title\">\n\t\t\t<a href=\"https:\/\/www.sykorait.com\/cs\/how-we-build-value-with-atlassian-rovo-and-forge\/\">\n\t\t\t\tHow We Build Value with Atlassian Rovo and Forge\t\t\t<\/a>\n\t\t<\/h3>\n\t\t\t\t<div class=\"elementor-post__excerpt\">\n\t\t\t<p>Why Customization is the Key to Real Value from Rovo AI These days we hear about AI everywhere, all the time. It transforms the way we work, automates tasks, and brings possibilities we hadn\u2019t even thought about a&nbsp;few years ago. Atlassian, with their AI features and especially Rovo, belongs among<\/p>\n\t\t<\/div>\n\t\t\t\t<\/div>\n\t\t\t\t<\/article>\n\t\t\t\t<\/div>\n\t\t\n\t\t\t\t\t\t<\/div>\n\t\t\t\t<\/div>\n\t\t\t\t<\/div>\n\t\t\t\t<\/div>\n\t\t\t\t\t<\/div>\n\t\t\t\t<\/div>\n\t\t\t\t<\/div>\n\t\t","protected":false},"excerpt":{"rendered":"<p>Od proces\u016f k&nbsp;inteligenci: Automatizujte s&nbsp;AI Orientace ve slo\u017eitosti: Poskytovatel\u00e9 IT slu\u017eeb jsou pod st\u00e1l\u00fdm tlakem dod\u00e1vat rychlej\u0161\u00ed a&nbsp;spolehliv\u011bj\u0161\u00ed slu\u017eby \u2013 a&nbsp;z\u00e1rove\u0148 zvl\u00e1dat prost\u0159ed\u00ed s&nbsp;v\u00edce klienty, r\u016fzn\u00e9 n\u00e1stroje, rostouc\u00ed po\u017eadavky na dodr\u017eov\u00e1n\u00ed p\u0159edpis\u016f a&nbsp;nedostatek kvalifikovan\u00fdch odborn\u00edk\u016f. Va\u0161e v\u00fdhoda s&nbsp;AI: Pom\u00e1h\u00e1me spole\u010dnostem poskytuj\u00edc\u00edm IT slu\u017eby zvy\u0161ovat efektivitu, sni\u017eovat provozn\u00ed n\u00e1klady a&nbsp;zlep\u0161ovat kvalitu slu\u017eeb t\u00edm, \u017ee rutinn\u00ed procesy [&hellip;]<\/p>\n","protected":false},"author":1,"featured_media":3058,"parent":0,"menu_order":0,"comment_status":"closed","ping_status":"closed","template":"","meta":{"footnotes":""},"class_list":["post-3876","page","type-page","status-publish","has-post-thumbnail","hentry"],"_links":{"self":[{"href":"https:\/\/www.sykorait.com\/cs\/wp-json\/wp\/v2\/pages\/3876","targetHints":{"allow":["GET"]}}],"collection":[{"href":"https:\/\/www.sykorait.com\/cs\/wp-json\/wp\/v2\/pages"}],"about":[{"href":"https:\/\/www.sykorait.com\/cs\/wp-json\/wp\/v2\/types\/page"}],"author":[{"embeddable":true,"href":"https:\/\/www.sykorait.com\/cs\/wp-json\/wp\/v2\/users\/1"}],"replies":[{"embeddable":true,"href":"https:\/\/www.sykorait.com\/cs\/wp-json\/wp\/v2\/comments?post=3876"}],"version-history":[{"count":12,"href":"https:\/\/www.sykorait.com\/cs\/wp-json\/wp\/v2\/pages\/3876\/revisions"}],"predecessor-version":[{"id":4836,"href":"https:\/\/www.sykorait.com\/cs\/wp-json\/wp\/v2\/pages\/3876\/revisions\/4836"}],"wp:featuredmedia":[{"embeddable":true,"href":"https:\/\/www.sykorait.com\/cs\/wp-json\/wp\/v2\/media\/3058"}],"wp:attachment":[{"href":"https:\/\/www.sykorait.com\/cs\/wp-json\/wp\/v2\/media?parent=3876"}],"curies":[{"name":"wp","href":"https:\/\/api.w.org\/{rel}","templated":true}]}}