{"id":3866,"date":"2025-06-27T17:45:15","date_gmt":"2025-06-27T15:45:15","guid":{"rendered":"https:\/\/www.sykorait.com\/bankovnictvi-pojistovnictvi-finance\/"},"modified":"2025-11-22T23:59:40","modified_gmt":"2025-11-22T22:59:40","slug":"bankovnictvi-pojistovnictvi-finance","status":"publish","type":"page","link":"https:\/\/www.sykorait.com\/cs\/bankovnictvi-pojistovnictvi-finance\/","title":{"rendered":"Bankovnictv\u00ed \/ Poji\u0161\u0165ovnictv\u00ed \/ Finance"},"content":{"rendered":"\t\t<div data-elementor-type=\"wp-page\" data-elementor-id=\"3866\" class=\"elementor elementor-3866 elementor-2760\" data-elementor-post-type=\"page\">\n\t\t\t\t<div class=\"elementor-element elementor-element-76172b07 e-flex e-con-boxed e-con e-parent\" data-id=\"76172b07\" data-element_type=\"container\" data-e-type=\"container\" data-settings=\"{&quot;background_background&quot;:&quot;classic&quot;}\">\n\t\t\t\t\t<div class=\"e-con-inner\">\n\t\t<div class=\"elementor-element elementor-element-3f87a02e e-flex e-con-boxed e-con e-child\" data-id=\"3f87a02e\" data-element_type=\"container\" data-e-type=\"container\">\n\t\t\t\t\t<div class=\"e-con-inner\">\n\t\t\t\t<div class=\"elementor-element elementor-element-7f149eb3 elementor-widget elementor-widget-heading\" data-id=\"7f149eb3\" data-element_type=\"widget\" data-e-type=\"widget\" data-widget_type=\"heading.default\">\n\t\t\t\t<div class=\"elementor-widget-container\">\n\t\t\t\t\t<h1 class=\"elementor-heading-title elementor-size-default\">Bankovnictv\u00ed \/ Poji\u0161\u0165ovnictv\u00ed \/ Finance<\/h1>\t\t\t\t<\/div>\n\t\t\t\t<\/div>\n\t\t\t\t<div class=\"elementor-element elementor-element-2f893e5b elementor-widget elementor-widget-heading\" data-id=\"2f893e5b\" data-element_type=\"widget\" data-e-type=\"widget\" data-widget_type=\"heading.default\">\n\t\t\t\t<div class=\"elementor-widget-container\">\n\t\t\t\t\t<h2 class=\"elementor-heading-title elementor-size-default\">Od proces\u016f k&nbsp;inteligenci: Automatizujte s&nbsp;AI<\/h2>\t\t\t\t<\/div>\n\t\t\t\t<\/div>\n\t\t\t\t\t<\/div>\n\t\t\t\t<\/div>\n\t\t\t\t\t<\/div>\n\t\t\t\t<\/div>\n\t\t<div class=\"elementor-element elementor-element-42bd9ce0 e-flex e-con-boxed e-con e-parent\" data-id=\"42bd9ce0\" data-element_type=\"container\" data-e-type=\"container\" data-settings=\"{&quot;background_background&quot;:&quot;classic&quot;}\">\n\t\t\t\t\t<div class=\"e-con-inner\">\n\t\t<div class=\"elementor-element elementor-element-1658e2d8 e-con-full e-flex e-con e-child\" data-id=\"1658e2d8\" data-element_type=\"container\" data-e-type=\"container\">\n\t\t<div class=\"elementor-element elementor-element-eb473c5 e-con-full animated-fast e-flex e-con e-child\" data-id=\"eb473c5\" data-element_type=\"container\" data-e-type=\"container\" data-settings=\"{&quot;animation&quot;:&quot;none&quot;,&quot;animation_delay&quot;:750}\">\n\t\t\t\t<div class=\"elementor-element elementor-element-31c6ef2c elementor-widget__width-initial elementor-widget elementor-widget-heading\" data-id=\"31c6ef2c\" data-element_type=\"widget\" data-e-type=\"widget\" data-widget_type=\"heading.default\">\n\t\t\t\t<div class=\"elementor-widget-container\">\n\t\t\t\t\t<h2 class=\"elementor-heading-title elementor-size-default\">Chyt\u0159ej\u0161\u00ed provoz. Lep\u0161\u00ed soulad s&nbsp;p\u0159edpisy. AI pro modern\u00ed finan\u010dn\u00ed podnik   <\/h2>\t\t\t\t<\/div>\n\t\t\t\t<\/div>\n\t\t\t\t<div class=\"elementor-element elementor-element-3ef0d06f elementor-widget elementor-widget-text-editor\" data-id=\"3ef0d06f\" data-element_type=\"widget\" data-e-type=\"widget\" data-widget_type=\"text-editor.default\">\n\t\t\t\t<div class=\"elementor-widget-container\">\n\t\t\t\t\t\t\t\t\t<p data-start=\"329\" data-end=\"546\">Finan\u010dn\u00ed instituce \u010del\u00ed slo\u017eit\u00fdm v\u00fdzv\u00e1m: p\u0159\u00edsn\u00fdm p\u0159edpis\u016fm (<a href=\"https:\/\/www.cybreg.cz\/dora\/\" target=\"_blank\" rel=\"noopener\">DORA<\/a>, <a href=\"https:\/\/www.cybreg.cz\/nis2\/\" target=\"_blank\" rel=\"noopener\">NIS2<\/a>, AI Act), rostouc\u00edm kybernetick\u00fdm hrozb\u00e1m, zastaral\u00fdm syst\u00e9m\u016fm a&nbsp;popt\u00e1vce po bezprobl\u00e9mov\u00fdch digit\u00e1ln\u00edch slu\u017eb\u00e1ch.<\/p><h3><strong>V tomto p\u0159\u00edpad\u011b p\u0159ich\u00e1z\u00ed na \u0159adu AI. <\/strong><\/h3><p data-start=\"471\" data-end=\"588\">Pom\u00e1h\u00e1me bank\u00e1m, poji\u0161\u0165ovn\u00e1m a&nbsp;fintech spole\u010dnostem automatizovat IT i&nbsp;obchodn\u00ed procesy pomoc\u00ed \u0159e\u0161en\u00ed, kter\u00e1 sni\u017euj\u00ed provozn\u00ed n\u00e1klady, minimalizuj\u00ed manu\u00e1ln\u00e1 pr\u00e1ci, urychluj\u00ed dodr\u017eov\u00e1n\u00ed p\u0159edpis\u016f a&nbsp;reportov\u00e1n\u00ed a&nbsp;zvy\u0161uj\u00ed kvalitu slu\u017eeb i&nbsp;spokojenost z\u00e1kazn\u00edk\u016f.<\/p>\t\t\t\t\t\t\t\t<\/div>\n\t\t\t\t<\/div>\n\t\t\t\t<\/div>\n\t\t\t\t<\/div>\n\t\t\t\t<div class=\"elementor-element elementor-element-55ea8b88 elementor-widget elementor-widget-heading\" data-id=\"55ea8b88\" data-element_type=\"widget\" data-e-type=\"widget\" data-widget_type=\"heading.default\">\n\t\t\t\t<div class=\"elementor-widget-container\">\n\t\t\t\t\t<h2 class=\"elementor-heading-title elementor-size-default\">Na\u0161e \u0159e\u0161en\u00ed<\/h2>\t\t\t\t<\/div>\n\t\t\t\t<\/div>\n\t\t<div class=\"elementor-element elementor-element-2c84fb9d e-con-full e-flex e-con e-child\" data-id=\"2c84fb9d\" data-element_type=\"container\" data-e-type=\"container\">\n\t\t<div class=\"elementor-element elementor-element-6c773615 e-con-full animated-fast e-flex e-con e-child\" data-id=\"6c773615\" data-element_type=\"container\" data-e-type=\"container\" data-settings=\"{&quot;background_background&quot;:&quot;classic&quot;,&quot;animation&quot;:&quot;none&quot;,&quot;animation_delay&quot;:1000}\">\n\t\t<div class=\"elementor-element elementor-element-c314cd1 e-con-full e-flex e-con e-child\" data-id=\"c314cd1\" data-element_type=\"container\" data-e-type=\"container\">\n\t\t\t\t<div class=\"elementor-element elementor-element-15f49bf7 elementor-widget elementor-widget-heading\" data-id=\"15f49bf7\" data-element_type=\"widget\" data-e-type=\"widget\" data-widget_type=\"heading.default\">\n\t\t\t\t<div class=\"elementor-widget-container\">\n\t\t\t\t\t<h2 class=\"elementor-heading-title elementor-size-default\"><span>ITSM s&nbsp;AI pro Atlassian Jira nebo USU Service Management<\/span> <\/h2>\t\t\t\t<\/div>\n\t\t\t\t<\/div>\n\t\t\t\t<div class=\"elementor-element elementor-element-64eeb310 elementor-widget elementor-widget-text-editor\" data-id=\"64eeb310\" data-element_type=\"widget\" data-e-type=\"widget\" data-widget_type=\"text-editor.default\">\n\t\t\t\t<div class=\"elementor-widget-container\">\n\t\t\t\t\t\t\t\t\t<div><div>P\u0159iprav\u00edme pro v\u00e1s AI \u0159e\u0161en\u00ed na m\u00edru, p\u0159izp\u016fsoben\u00e9 va\u0161emu prost\u0159ed\u00ed, a&nbsp;ov\u011b\u0159\u00edme jeho v\u00fdkon v&nbsp;praxi. Podle v\u00fdsledk\u016f navrhneme, jak \u0159e\u0161en\u00ed nasadit do provozu. <a href=\"https:\/\/www.sykorait.com\/cs\/sprava-sluzeb-it\/\">Zjist\u011bte v\u00edce<\/a> <\/div><\/div>\t\t\t\t\t\t\t\t<\/div>\n\t\t\t\t<\/div>\n\t\t\t\t<\/div>\n\t\t\t\t<\/div>\n\t\t<div class=\"elementor-element elementor-element-4f9bc8bb e-con-full animated-fast e-flex e-con e-child\" data-id=\"4f9bc8bb\" data-element_type=\"container\" data-e-type=\"container\" data-settings=\"{&quot;background_background&quot;:&quot;classic&quot;,&quot;animation&quot;:&quot;none&quot;,&quot;animation_delay&quot;:750}\">\n\t\t<div class=\"elementor-element elementor-element-23d3656 e-con-full e-flex e-con e-child\" data-id=\"23d3656\" data-element_type=\"container\" data-e-type=\"container\">\n\t\t\t\t<div class=\"elementor-element elementor-element-55af6519 elementor-widget elementor-widget-heading\" data-id=\"55af6519\" data-element_type=\"widget\" data-e-type=\"widget\" data-widget_type=\"heading.default\">\n\t\t\t\t<div class=\"elementor-widget-container\">\n\t\t\t\t\t<h2 class=\"elementor-heading-title elementor-size-default\">AI agenti pro procesy ITSM<\/h2>\t\t\t\t<\/div>\n\t\t\t\t<\/div>\n\t\t\t\t<div class=\"elementor-element elementor-element-4b18bd78 elementor-widget elementor-widget-text-editor\" data-id=\"4b18bd78\" data-element_type=\"widget\" data-e-type=\"widget\" data-widget_type=\"text-editor.default\">\n\t\t\t\t<div class=\"elementor-widget-container\">\n\t\t\t\t\t\t\t\t\t<p>Postaveno na <a href=\"https:\/\/www.sykorait.com\/cs\/atlassian-rovo\/\">Atlassian Rovo<\/a> a&nbsp;MS Azure AI. Automatizujte rutinn\u00ed \u00fakoly podpory, zkra\u0165te dobu \u0159e\u0161en\u00ed a&nbsp;udr\u017eujte stabiln\u00ed kvalitu slu\u017eeb. Zvy\u0161te spokojenost z\u00e1kazn\u00edk\u016f a&nbsp;dejte sv\u00e9mu t\u00fdmu prostor v\u011bnovat se d\u016fle\u017eit\u011bj\u0161\u00edm priorit\u00e1m.   <a href=\"https:\/\/www.sykorait.com\/cs\/agenti-s-umelou-inteligenci-pro-vasi-firmu\/\">Zjist\u011bte v\u00edce<\/a><\/p>\t\t\t\t\t\t\t\t<\/div>\n\t\t\t\t<\/div>\n\t\t\t\t<\/div>\n\t\t\t\t<\/div>\n\t\t<div class=\"elementor-element elementor-element-c5e03c2 e-con-full animated-fast e-flex e-con e-child\" data-id=\"c5e03c2\" data-element_type=\"container\" data-e-type=\"container\" data-settings=\"{&quot;background_background&quot;:&quot;classic&quot;,&quot;animation&quot;:&quot;none&quot;,&quot;animation_delay&quot;:750}\">\n\t\t<div class=\"elementor-element elementor-element-c744a20 e-con-full e-flex e-con e-child\" data-id=\"c744a20\" data-element_type=\"container\" data-e-type=\"container\">\n\t\t\t\t<div class=\"elementor-element elementor-element-eb1de1d elementor-widget elementor-widget-heading\" data-id=\"eb1de1d\" data-element_type=\"widget\" data-e-type=\"widget\" data-widget_type=\"heading.default\">\n\t\t\t\t<div class=\"elementor-widget-container\">\n\t\t\t\t\t<h2 class=\"elementor-heading-title elementor-size-default\">Digitalizace dokument\u016f s&nbsp;AI<\/h2>\t\t\t\t<\/div>\n\t\t\t\t<\/div>\n\t\t\t\t<div class=\"elementor-element elementor-element-e4ddd79 elementor-widget elementor-widget-text-editor\" data-id=\"e4ddd79\" data-element_type=\"widget\" data-e-type=\"widget\" data-widget_type=\"text-editor.default\">\n\t\t\t\t<div class=\"elementor-widget-container\">\n\t\t\t\t\t\t\t\t\t<p>Automatizujte extrakci, klasifikaci a&nbsp;validaci kl\u00ed\u010dov\u00fdch informac\u00ed ze smluv, formul\u00e1\u0159\u016f a&nbsp;dokument\u016f k&nbsp;dodr\u017eov\u00e1n\u00ed p\u0159edpis\u016f. Urychlete n\u00e1stup, zjednodu\u0161te audity a&nbsp;zajist\u011bte soulad s&nbsp;regulacemi, jako jsou DORA a&nbsp;NIS2 \u2013 to v\u0161e s&nbsp;p\u0159esnost\u00ed zaji\u0161t\u011bnou AI.  <a href=\"https:\/\/www.sykorait.com\/cs\/digitalizace-dokumentu-s-umelou-inteligenci\/\">Zjist\u011bte v\u00edce<\/a><\/p>\t\t\t\t\t\t\t\t<\/div>\n\t\t\t\t<\/div>\n\t\t\t\t<\/div>\n\t\t\t\t<\/div>\n\t\t\t\t<\/div>\n\t\t\t\t<div class=\"elementor-element elementor-element-a82e16a elementor-widget elementor-widget-text-editor\" data-id=\"a82e16a\" data-element_type=\"widget\" data-e-type=\"widget\" data-widget_type=\"text-editor.default\">\n\t\t\t\t<div class=\"elementor-widget-container\">\n\t\t\t\t\t\t\t\t\t<h3 data-start=\"1188\" data-end=\"1515\">Zavolejme si<\/h3><article class=\"text-token-text-primary w-full\" dir=\"auto\" data-testid=\"conversation-turn-20\" data-scroll-anchor=\"true\"><div class=\"text-base my-auto mx-auto py-5 [--thread-content-margin:--spacing(4)] @[37rem]:[--thread-content-margin:--spacing(6)] @[72rem]:[--thread-content-margin:--spacing(16)] px-(--thread-content-margin)\"><div class=\"[--thread-content-max-width:32rem] @[34rem]:[--thread-content-max-width:40rem] @[64rem]:[--thread-content-max-width:48rem] mx-auto flex max-w-(--thread-content-max-width) flex-1 text-base gap-4 md:gap-5 lg:gap-6 group\/turn-messages focus-visible:outline-hidden\" tabindex=\"-1\"><div class=\"group\/conversation-turn relative flex w-full min-w-0 flex-col agent-turn\"><div class=\"relative flex-col gap-1 md:gap-3\"><div class=\"flex max-w-full flex-col grow\"><div class=\"min-h-8 text-message relative flex w-full flex-col items-end gap-2 text-start break-words whitespace-normal [.text-message+&amp;]:mt-5\" dir=\"auto\" data-message-author-role=\"assistant\" data-message-id=\"4db3fed6-eac3-48f0-a8e5-f494121fa5e1\" data-message-model-slug=\"gpt-4o\"><div class=\"flex w-full flex-col gap-1 empty:hidden first:pt-[3px]\"><div class=\"markdown prose dark:prose-invert w-full break-words light\"><p data-start=\"100\" data-end=\"308\" data-is-last-node=\"\" data-is-only-node=\"\">M\u00e1te konkr\u00e9tn\u00ed p\u0159\u00edpad pou\u017eit\u00ed, kter\u00fd byste cht\u011bli prozkoumat, nebo v\u00e1s zaj\u00edm\u00e1, jak na\u0161e \u0159e\u0161en\u00ed funguj\u00ed v&nbsp;praxi? <a href=\"https:\/\/www.sykorait.com\/cs\/kontakty\/\">Kontaktujte n\u00e1s<\/a>. R\u00e1di se dozv\u00edme v\u00edce o&nbsp;va\u0161ich pot\u0159eb\u00e1ch a&nbsp;uk\u00e1\u017eeme v\u00e1m, jak v\u00e1m m\u016f\u017eeme pomoci. <\/p><\/div><\/div><\/div><\/div><\/div><\/div><\/div><\/div><\/article>\t\t\t\t\t\t\t\t<\/div>\n\t\t\t\t<\/div>\n\t\t\t\t\t<\/div>\n\t\t\t\t<\/div>\n\t\t<div class=\"elementor-element elementor-element-d94c83a e-flex e-con-boxed e-con e-parent\" data-id=\"d94c83a\" data-element_type=\"container\" data-e-type=\"container\" data-settings=\"{&quot;background_background&quot;:&quot;classic&quot;}\">\n\t\t\t\t\t<div class=\"e-con-inner\">\n\t\t<div class=\"elementor-element elementor-element-cca7191 e-grid e-con-full e-con e-child\" data-id=\"cca7191\" data-element_type=\"container\" data-e-type=\"container\">\n\t\t<div class=\"elementor-element elementor-element-c76fffa e-con-full e-flex e-con e-child\" data-id=\"c76fffa\" data-element_type=\"container\" data-e-type=\"container\">\n\t\t\t\t<div class=\"elementor-element elementor-element-6dc034c elementor-widget elementor-widget-heading\" data-id=\"6dc034c\" data-element_type=\"widget\" data-e-type=\"widget\" data-widget_type=\"heading.default\">\n\t\t\t\t<div class=\"elementor-widget-container\">\n\t\t\t\t\t<h2 class=\"elementor-heading-title elementor-size-default\">Explore More:<\/h2>\t\t\t\t<\/div>\n\t\t\t\t<\/div>\n\t\t\t\t<\/div>\n\t\t\t\t<\/div>\n\t\t<div class=\"elementor-element elementor-element-7cc7e9a e-grid e-con-full e-con e-child\" data-id=\"7cc7e9a\" data-element_type=\"container\" data-e-type=\"container\">\n\t\t<div class=\"elementor-element elementor-element-e6c437e e-con-full e-flex e-con e-child\" data-id=\"e6c437e\" data-element_type=\"container\" data-e-type=\"container\">\n\t\t\t\t<div class=\"elementor-element elementor-element-f1eaded elementor-grid-3 elementor-grid-tablet-2 elementor-grid-mobile-1 elementor-posts--thumbnail-top elementor-widget elementor-widget-posts\" data-id=\"f1eaded\" data-element_type=\"widget\" data-e-type=\"widget\" data-settings=\"{&quot;classic_masonry&quot;:&quot;yes&quot;,&quot;classic_columns&quot;:&quot;3&quot;,&quot;classic_columns_tablet&quot;:&quot;2&quot;,&quot;classic_columns_mobile&quot;:&quot;1&quot;,&quot;classic_row_gap&quot;:{&quot;unit&quot;:&quot;px&quot;,&quot;size&quot;:35,&quot;sizes&quot;:[]},&quot;classic_row_gap_tablet&quot;:{&quot;unit&quot;:&quot;px&quot;,&quot;size&quot;:&quot;&quot;,&quot;sizes&quot;:[]},&quot;classic_row_gap_mobile&quot;:{&quot;unit&quot;:&quot;px&quot;,&quot;size&quot;:&quot;&quot;,&quot;sizes&quot;:[]}}\" data-widget_type=\"posts.classic\">\n\t\t\t\t<div class=\"elementor-widget-container\">\n\t\t\t\t\t\t\t<div class=\"elementor-posts-container elementor-posts elementor-posts--skin-classic elementor-grid\" role=\"list\">\n\t\t\t\t<article class=\"elementor-post elementor-grid-item post-4943 post type-post status-publish format-standard has-post-thumbnail hentry category-sykorait-blog tag-all-industries tag-homepage tag-itsm\" role=\"listitem\">\n\t\t\t\t<a class=\"elementor-post__thumbnail__link\" href=\"https:\/\/www.sykorait.com\/cs\/it-asset-management-in-jira-assets\/\" tabindex=\"-1\">\n\t\t\t<div class=\"elementor-post__thumbnail\"><img fetchpriority=\"high\" decoding=\"async\" width=\"800\" height=\"532\" src=\"https:\/\/www.sykorait.com\/wp-content\/uploads\/2025\/10\/Screenshot-2025-10-09-at-16.49.07-1-1024x681.png\" class=\"attachment-large size-large wp-image-4987\" alt=\"IT Asset Management in Jira Assets\" \/><\/div>\n\t\t<\/a>\n\t\t\t\t<div class=\"elementor-post__text\">\n\t\t\t\t<h3 class=\"elementor-post__title\">\n\t\t\t<a href=\"https:\/\/www.sykorait.com\/cs\/it-asset-management-in-jira-assets\/\">\n\t\t\t\tIT Asset Management in Jira Assets\t\t\t<\/a>\n\t\t<\/h3>\n\t\t\t\t<div class=\"elementor-post__excerpt\">\n\t\t\t<p>Why IT Asset Management matters? Managing IT assets has become a&nbsp;critical discipline for modern organizations. From laptops and servers to cloud subscriptions and software licenses, having a&nbsp;clear and reliable overview of your assets is essential for: Cost control - avoid paying for unused or duplicate licenses. Compliance - meet regulatory<\/p>\n\t\t<\/div>\n\t\t\t\t<\/div>\n\t\t\t\t<\/article>\n\t\t\t\t<article class=\"elementor-post elementor-grid-item post-4620 post type-post status-publish format-standard has-post-thumbnail hentry category-sykorait-blog tag-ai-digitalization tag-all-industries tag-homepage tag-itsm\" role=\"listitem\">\n\t\t\t\t<a class=\"elementor-post__thumbnail__link\" href=\"https:\/\/www.sykorait.com\/cs\/extending-usu-service-management-with-azure-based-ai-features\/\" tabindex=\"-1\">\n\t\t\t<div class=\"elementor-post__thumbnail\"><img decoding=\"async\" width=\"800\" height=\"534\" src=\"https:\/\/www.sykorait.com\/wp-content\/uploads\/2025\/10\/5827c560-1a81-4abb-96be-904fec7639b9-1024x683.png\" class=\"attachment-large size-large wp-image-4625\" alt=\"Extending USU Service Management with Azure-Based AI Features\" \/><\/div>\n\t\t<\/a>\n\t\t\t\t<div class=\"elementor-post__text\">\n\t\t\t\t<h3 class=\"elementor-post__title\">\n\t\t\t<a href=\"https:\/\/www.sykorait.com\/cs\/extending-usu-service-management-with-azure-based-ai-features\/\">\n\t\t\t\tExtending USU Service Management with Azure-Based AI Features\t\t\t<\/a>\n\t\t<\/h3>\n\t\t\t\t<div class=\"elementor-post__excerpt\">\n\t\t\t<p>When AI Cloud Meets On-Prem Solutions AI has already become part of our daily lives\u2014whether in our phones, cars, email, or office applications. Most of these innovations are cloud-driven, bringing continuous improvements powered by state-of-the-art AI. But what about on-premise enterprise software? Can it also benefit from these advances while<\/p>\n\t\t<\/div>\n\t\t\t\t<\/div>\n\t\t\t\t<\/article>\n\t\t\t\t<article class=\"elementor-post elementor-grid-item post-4474 post type-post status-publish format-standard has-post-thumbnail hentry category-sykorait-blog tag-ai-agents tag-all-industries tag-banking tag-energy tag-manufacturing tag-rovo-article tag-saas\" role=\"listitem\">\n\t\t\t\t<a class=\"elementor-post__thumbnail__link\" href=\"https:\/\/www.sykorait.com\/cs\/how-we-build-value-with-atlassian-rovo-and-forge\/\" tabindex=\"-1\">\n\t\t\t<div class=\"elementor-post__thumbnail\"><img decoding=\"async\" width=\"800\" height=\"450\" src=\"https:\/\/www.sykorait.com\/wp-content\/uploads\/2025\/10\/1759070474853-1024x576.png\" class=\"attachment-large size-large wp-image-4475\" alt=\"How We Build Value with Atlassian Rovo and Forge\" srcset=\"https:\/\/www.sykorait.com\/wp-content\/uploads\/2025\/10\/1759070474853-1024x576.png 1024w, https:\/\/www.sykorait.com\/wp-content\/uploads\/2025\/10\/1759070474853-300x169.png 300w, https:\/\/www.sykorait.com\/wp-content\/uploads\/2025\/10\/1759070474853-768x432.png 768w, https:\/\/www.sykorait.com\/wp-content\/uploads\/2025\/10\/1759070474853.png 1280w\" sizes=\"(max-width: 800px) 100vw, 800px\" \/><\/div>\n\t\t<\/a>\n\t\t\t\t<div class=\"elementor-post__text\">\n\t\t\t\t<h3 class=\"elementor-post__title\">\n\t\t\t<a href=\"https:\/\/www.sykorait.com\/cs\/how-we-build-value-with-atlassian-rovo-and-forge\/\">\n\t\t\t\tHow We Build Value with Atlassian Rovo and Forge\t\t\t<\/a>\n\t\t<\/h3>\n\t\t\t\t<div class=\"elementor-post__excerpt\">\n\t\t\t<p>Why Customization is the Key to Real Value from Rovo AI These days we hear about AI everywhere, all the time. It transforms the way we work, automates tasks, and brings possibilities we hadn\u2019t even thought about a&nbsp;few years ago. Atlassian, with their AI features and especially Rovo, belongs among<\/p>\n\t\t<\/div>\n\t\t\t\t<\/div>\n\t\t\t\t<\/article>\n\t\t\t\t<\/div>\n\t\t\n\t\t\t\t\t\t<\/div>\n\t\t\t\t<\/div>\n\t\t\t\t<\/div>\n\t\t\t\t<\/div>\n\t\t\t\t\t<\/div>\n\t\t\t\t<\/div>\n\t\t\t\t<\/div>\n\t\t","protected":false},"excerpt":{"rendered":"<p>Od proces\u016f k&nbsp;inteligenci: Automatizujte s&nbsp;AI Chyt\u0159ej\u0161\u00ed provoz. Lep\u0161\u00ed soulad s&nbsp;p\u0159edpisy. AI pro modern\u00ed finan\u010dn\u00ed podnik Finan\u010dn\u00ed instituce \u010del\u00ed slo\u017eit\u00fdm v\u00fdzv\u00e1m: p\u0159\u00edsn\u00fdm p\u0159edpis\u016fm (DORA, NIS2, AI Act), rostouc\u00edm kybernetick\u00fdm hrozb\u00e1m, zastaral\u00fdm syst\u00e9m\u016fm a&nbsp;popt\u00e1vce po bezprobl\u00e9mov\u00fdch digit\u00e1ln\u00edch slu\u017eb\u00e1ch. V&nbsp;tomto p\u0159\u00edpad\u011b p\u0159ich\u00e1z\u00ed na \u0159adu AI. Pom\u00e1h\u00e1me bank\u00e1m, poji\u0161\u0165ovn\u00e1m a&nbsp;fintech spole\u010dnostem automatizovat IT i&nbsp;obchodn\u00ed procesy pomoc\u00ed \u0159e\u0161en\u00ed, kter\u00e1 [&hellip;]<\/p>\n","protected":false},"author":1,"featured_media":3056,"parent":0,"menu_order":0,"comment_status":"closed","ping_status":"closed","template":"","meta":{"footnotes":""},"class_list":["post-3866","page","type-page","status-publish","has-post-thumbnail","hentry"],"_links":{"self":[{"href":"https:\/\/www.sykorait.com\/cs\/wp-json\/wp\/v2\/pages\/3866","targetHints":{"allow":["GET"]}}],"collection":[{"href":"https:\/\/www.sykorait.com\/cs\/wp-json\/wp\/v2\/pages"}],"about":[{"href":"https:\/\/www.sykorait.com\/cs\/wp-json\/wp\/v2\/types\/page"}],"author":[{"embeddable":true,"href":"https:\/\/www.sykorait.com\/cs\/wp-json\/wp\/v2\/users\/1"}],"replies":[{"embeddable":true,"href":"https:\/\/www.sykorait.com\/cs\/wp-json\/wp\/v2\/comments?post=3866"}],"version-history":[{"count":11,"href":"https:\/\/www.sykorait.com\/cs\/wp-json\/wp\/v2\/pages\/3866\/revisions"}],"predecessor-version":[{"id":5469,"href":"https:\/\/www.sykorait.com\/cs\/wp-json\/wp\/v2\/pages\/3866\/revisions\/5469"}],"wp:featuredmedia":[{"embeddable":true,"href":"https:\/\/www.sykorait.com\/cs\/wp-json\/wp\/v2\/media\/3056"}],"wp:attachment":[{"href":"https:\/\/www.sykorait.com\/cs\/wp-json\/wp\/v2\/media?parent=3866"}],"curies":[{"name":"wp","href":"https:\/\/api.w.org\/{rel}","templated":true}]}}